{"id":2529,"date":"2022-10-11T14:10:28","date_gmt":"2022-10-11T12:10:28","guid":{"rendered":"https:\/\/cro-sports.com\/cosa-offriamo\/servizi-medici-sportivi\/"},"modified":"2022-10-11T14:10:46","modified_gmt":"2022-10-11T12:10:46","slug":"servizi-medici-sportivi","status":"publish","type":"page","link":"https:\/\/cro-sports.com\/it\/cosa-offriamo\/servizi-medici-sportivi\/","title":{"rendered":"Servizi medici sportivi"},"content":{"rendered":"<p>[et_pb_section bb_built=&#8221;1&#8243; fullwidth=&#8221;on&#8221; _builder_version=&#8221;3.20.1&#8243; next_background_color=&#8221;#000000&#8243;][et_pb_fullwidth_header text_orientation=&#8221;center&#8221; disabled_on=&#8221;on|on|off&#8221; module_id=&#8221;main_visual&#8221; _builder_version=&#8221;3.20.1&#8243; title_font=&#8221;|600|||||||&#8221; title_text_align=&#8221;center&#8221; title_font_size=&#8221;60px&#8221; background_color=&#8221;#ffffff&#8221; background_image=&#8221;https:\/\/cro-sports.com\/wp-content\/uploads\/2019\/04\/sportske_usluge_main_img.jpg&#8221; custom_padding=&#8221;||&#8221; animation_style=&#8221;fade&#8221; animation_delay=&#8221;20ms&#8221;]<\/p>\n<p>.<\/p>\n<p>[\/et_pb_fullwidth_header][et_pb_fullwidth_header text_orientation=&#8221;center&#8221; disabled_on=&#8221;off|off|on&#8221; _builder_version=&#8221;3.20.1&#8243; title_font=&#8221;|600|||||||&#8221; title_text_align=&#8221;center&#8221; title_font_size=&#8221;60px&#8221; title_font_size_tablet=&#8221;31px&#8221; title_font_size_phone=&#8221;26px&#8221; title_font_size_last_edited=&#8221;on|phone&#8221; background_color=&#8221;#ffffff&#8221; background_image=&#8221;https:\/\/cro-sports.com\/wp-content\/uploads\/2019\/04\/sportske_usluge_main_img.jpg&#8221; custom_padding=&#8221;100px||100px&#8221; animation_style=&#8221;fade&#8221; animation_delay=&#8221;20ms&#8221;]<\/p>\n<p>.<\/p>\n<p>[\/et_pb_fullwidth_header][\/et_pb_section][et_pb_section bb_built=&#8221;1&#8243; _builder_version=&#8221;3.20.1&#8243; custom_padding=&#8221;84px|0|66.5156px|0px|false|false&#8221; prev_background_color=&#8221;#000000&#8243;][et_pb_row custom_padding=&#8221;15px|0px|33px|0px|false|false&#8221; _builder_version=&#8221;3.20.1&#8243;][et_pb_column type=&#8221;4_4&#8243;][et_pb_text _builder_version=&#8221;3.20.1&#8243; header_font=&#8221;||||||||&#8221; header_2_font=&#8221;|700|||||||&#8221; header_2_text_color=&#8221;#ee334e&#8221; header_2_font_size=&#8221;40px&#8221; header_2_font_size_tablet=&#8221;36px&#8221; header_2_font_size_phone=&#8221;30px&#8221; header_2_font_size_last_edited=&#8221;on|phone&#8221;]<\/p>\n<h2>Servizi medici sportivi<\/h2>\n<p>[\/et_pb_text][\/et_pb_column][\/et_pb_row][et_pb_row custom_padding=&#8221;15px|0px|33.25px|0px|false|false&#8221; make_equal=&#8221;on&#8221; _builder_version=&#8221;3.20.1&#8243;][et_pb_column type=&#8221;3_5&#8243;][et_pb_text _builder_version=&#8221;3.20.1&#8243;]<\/p>\n<p>I servizi di medicina dello sport comprendono vari trattamenti, dalla terapia fisica e chiropratica ai massaggi di medicina dello sport, che rilassano tutti i muscoli e acquisiscono forza e mobilit\u00e0, il che influisce sul migliore funzionamento del corpo.<\/p>\n<p>Sura\u0111ujemo s ustanovama i specijalnim bolnicama koje pru\u017eaju vrhunske medicinske usluge i rado \u0107emo kreirati paket prema Va\u0161im potrebama i \u017eeljama, stoga vas pozivamo da nam se obratite s punim povjerenjem.<\/p>\n<p>Collaboriamo con policliniche e strutture sanitarie in tutta la Croazia. Sono modernamente attrezzati e \u00a0offrono servizi e trattamenti di alta qualit\u00e0, dalle terapie fisiche e chiropratiche ai massaggi medici sportivi.<\/p>\n<p>[\/et_pb_text][\/et_pb_column][et_pb_column type=&#8221;2_5&#8243;][et_pb_image src=&#8221;https:\/\/cro-sports.com\/wp-content\/uploads\/2019\/03\/Uniline_logo.png&#8221; module_class=&#8221;vertical_align_middle&#8221; _builder_version=&#8221;3.20.1&#8243; custom_margin=&#8221;||&#8221;]<\/p>\n<p>.<\/p>\n<p>[\/et_pb_image][\/et_pb_column][\/et_pb_row][et_pb_row make_equal=&#8221;on&#8221; _builder_version=&#8221;3.20.1&#8243;][et_pb_column type=&#8221;3_5&#8243;][et_pb_text _builder_version=&#8221;3.20.1&#8243;]<\/p>\n<p>.<\/p>\n<p>[\/et_pb_text][\/et_pb_column][et_pb_column type=&#8221;2_5&#8243;][et_pb_text module_class=&#8221;vertical_align_middlee&#8221; _builder_version=&#8221;3.20.1&#8243; text_font=&#8221;||||||||&#8221; custom_margin=&#8221;130px||&#8221; custom_margin_tablet=&#8221;0px|||&#8221; custom_margin_last_edited=&#8221;on|phone&#8221;]<\/p>\n<div style=\"text-align: center;\"><a class=\"vtt-btn-def contact_us\" href=\"#\">Contattaci<\/a><\/div>\n<div class=\"make_contact\"><div role=\"form\" class=\"wpcf7\" id=\"wpcf7-f2580-o1\" lang=\"it-IT\" dir=\"ltr\">\n<div class=\"screen-reader-response\"><p role=\"status\" aria-live=\"polite\" aria-atomic=\"true\"><\/p> <ul><\/ul><\/div>\n<form action=\"\/it\/wp-json\/wp\/v2\/pages\/2529#wpcf7-f2580-o1\" method=\"post\" class=\"wpcf7-form init wpcf7-acceptance-as-validation\" novalidate=\"novalidate\" data-status=\"init\">\n<div style=\"display: none;\">\n<input type=\"hidden\" name=\"_wpcf7\" value=\"2580\" \/>\n<input type=\"hidden\" name=\"_wpcf7_version\" value=\"5.6.3\" \/>\n<input type=\"hidden\" name=\"_wpcf7_locale\" value=\"it_IT\" \/>\n<input type=\"hidden\" name=\"_wpcf7_unit_tag\" value=\"wpcf7-f2580-o1\" \/>\n<input type=\"hidden\" name=\"_wpcf7_container_post\" value=\"0\" \/>\n<input type=\"hidden\" name=\"_wpcf7_posted_data_hash\" value=\"\" \/>\n<\/div>\n<div class=\"package_inquiry_form_2\">\n<div class=\"form-group-trp\"><span class=\"wpcf7-form-control-wrap\" data-name=\"your-name\"><input type=\"text\" name=\"your-name\" value=\"\" size=\"40\" class=\"wpcf7-form-control wpcf7-text wpcf7-validates-as-required\" aria-required=\"true\" aria-invalid=\"false\" placeholder=\"Nome e cognome\" \/><\/span><\/div>\n<div class=\"form-group-trp\"><span class=\"wpcf7-form-control-wrap\" data-name=\"your-email\"><input type=\"email\" name=\"your-email\" value=\"\" size=\"40\" class=\"wpcf7-form-control wpcf7-text wpcf7-email wpcf7-validates-as-required wpcf7-validates-as-email\" aria-required=\"true\" aria-invalid=\"false\" placeholder=\"Indirizzo e-mail\" \/><\/span><\/div>\n<div class=\"form-group-trp\"><span class=\"wpcf7-form-control-wrap\" data-name=\"your-phone\"><input type=\"text\" name=\"your-phone\" value=\"\" size=\"40\" class=\"wpcf7-form-control wpcf7-text wpcf7-validates-as-required\" aria-required=\"true\" aria-invalid=\"false\" placeholder=\"Numero di contatto telefonico\" \/><\/span><\/div>\n<div class=\"form-group-trp\"><span class=\"wpcf7-form-control-wrap\" data-name=\"your-subject\"><input type=\"text\" name=\"your-subject\" value=\"\" size=\"40\" class=\"wpcf7-form-control wpcf7-text wpcf7-validates-as-required\" aria-required=\"true\" aria-invalid=\"false\" placeholder=\"Soggetto del messaggio\" \/><\/span><\/div>\n<div class=\"form-group-trp\"><span class=\"wpcf7-form-control-wrap\" data-name=\"your-message\"><textarea name=\"your-message\" cols=\"40\" rows=\"10\" class=\"wpcf7-form-control wpcf7-textarea wpcf7-validates-as-required\" aria-required=\"true\" aria-invalid=\"false\" placeholder=\"Il tuo messaggio\"><\/textarea><\/span><\/div>\n<div class=\"form-group-trp\"><span class=\"wpcf7-form-control-wrap\" data-name=\"random-capital-quiz\"><label><span class=\"wpcf7-quiz-label\">21-13?<\/span> <input type=\"text\" name=\"random-capital-quiz\" size=\"40\" class=\"wpcf7-form-control wpcf7-quiz\" autocomplete=\"off\" aria-required=\"true\" aria-invalid=\"false\" \/><\/label><input type=\"hidden\" name=\"_wpcf7_quiz_answer_random-capital-quiz\" value=\"9fe4f905bbafc7115a28a4a183f4f90e\" \/><\/span>\n<\/div>\n<div class=\"form-group-trp newsletter-sign\"><span class=\"wpcf7-form-control-wrap\" data-name=\"newsletter_sign\"><span class=\"wpcf7-form-control wpcf7-checkbox\"><span class=\"wpcf7-list-item first last\"><input type=\"checkbox\" name=\"newsletter_sign[]\" value=\"Iscriviti alla newsletter\" \/><span class=\"wpcf7-list-item-label\">Iscriviti alla newsletter<\/span><\/span><\/span><\/span><\/div>\n<div class=\"form-group-trp\"><span class=\"wpcf7-form-control-wrap\" data-name=\"acceptance-446\"><span class=\"wpcf7-form-control wpcf7-acceptance\"><span class=\"wpcf7-list-item\"><label><input type=\"checkbox\" name=\"acceptance-446\" value=\"1\" aria-invalid=\"false\" \/><span class=\"wpcf7-list-item-label\">Accetto che i miei dati personali vengano utilizzati per elaborare le mie richieste e per trattarle in conformit\u00e0 con le norme sulla protezione dei dati personali. Accetto che questi dati vengano memorizzati elettronicamente sotto forma di dati o informazioni. Sono a conoscenza del fatto che questo consenso pu\u00f2 essere revocato in qualsiasi momento inviando una richiesta scritta.<\/span><\/label><\/span><\/span><\/span><\/div>\n<div class=\"btn_iq_form\"><input type=\"submit\" value=\"Invio\" class=\"wpcf7-form-control has-spinner wpcf7-submit\" \/><\/div>\n<\/div>\n<div class=\"wpcf7-response-output\" aria-hidden=\"true\"><\/div><\/form><\/div><\/div>\n<p>[\/et_pb_text][\/et_pb_column][\/et_pb_row][\/et_pb_section]<\/p>\n","protected":false},"excerpt":{"rendered":"<p>[et_pb_section bb_built=&#8221;1&#8243; fullwidth=&#8221;on&#8221; _builder_version=&#8221;3.20.1&#8243; next_background_color=&#8221;#000000&#8243;][et_pb_fullwidth_header text_orientation=&#8221;center&#8221; disabled_on=&#8221;on|on|off&#8221; module_id=&#8221;main_visual&#8221; _builder_version=&#8221;3.20.1&#8243; title_font=&#8221;|600|||||||&#8221; title_text_align=&#8221;center&#8221; title_font_size=&#8221;60px&#8221; background_color=&#8221;#ffffff&#8221; background_image=&#8221;https:\/\/cro-sports.com\/wp-content\/uploads\/2019\/04\/sportske_usluge_main_img.jpg&#8221; custom_padding=&#8221;||&#8221; animation_style=&#8221;fade&#8221; animation_delay=&#8221;20ms&#8221;] . [\/et_pb_fullwidth_header][et_pb_fullwidth_header text_orientation=&#8221;center&#8221; disabled_on=&#8221;off|off|on&#8221; _builder_version=&#8221;3.20.1&#8243; title_font=&#8221;|600|||||||&#8221; title_text_align=&#8221;center&#8221; title_font_size=&#8221;60px&#8221; title_font_size_tablet=&#8221;31px&#8221; title_font_size_phone=&#8221;26px&#8221; title_font_size_last_edited=&#8221;on|phone&#8221; background_color=&#8221;#ffffff&#8221; background_image=&#8221;https:\/\/cro-sports.com\/wp-content\/uploads\/2019\/04\/sportske_usluge_main_img.jpg&#8221; custom_padding=&#8221;100px||100px&#8221; animation_style=&#8221;fade&#8221; animation_delay=&#8221;20ms&#8221;] . [\/et_pb_fullwidth_header][\/et_pb_section][et_pb_section bb_built=&#8221;1&#8243; _builder_version=&#8221;3.20.1&#8243; custom_padding=&#8221;84px|0|66.5156px|0px|false|false&#8221; prev_background_color=&#8221;#000000&#8243;][et_pb_row custom_padding=&#8221;15px|0px|33px|0px|false|false&#8221; _builder_version=&#8221;3.20.1&#8243;][et_pb_column type=&#8221;4_4&#8243;][et_pb_text _builder_version=&#8221;3.20.1&#8243; header_font=&#8221;||||||||&#8221; header_2_font=&#8221;|700|||||||&#8221; header_2_text_color=&#8221;#ee334e&#8221; header_2_font_size=&#8221;40px&#8221; header_2_font_size_tablet=&#8221;36px&#8221; header_2_font_size_phone=&#8221;30px&#8221; header_2_font_size_last_edited=&#8221;on|phone&#8221;] Servizi medici sportivi [\/et_pb_text][\/et_pb_column][\/et_pb_row][et_pb_row custom_padding=&#8221;15px|0px|33.25px|0px|false|false&#8221; [&hellip;]<\/p>\n","protected":false},"author":1,"featured_media":0,"parent":1983,"menu_order":0,"comment_status":"closed","ping_status":"closed","template":"","meta":{"_et_pb_use_builder":"on","_et_pb_old_content":""},"yoast_head":"<!-- This site is optimized with the Yoast SEO plugin v19.8 - https:\/\/yoast.com\/wordpress\/plugins\/seo\/ -->\n<title>Servizi medici sportivi | Sportska Hrvatska<\/title>\n<meta name=\"robots\" content=\"index, follow, max-snippet:-1, max-image-preview:large, max-video-preview:-1\" \/>\n<link rel=\"canonical\" href=\"https:\/\/cro-sports.com\/it\/cosa-offriamo\/servizi-medici-sportivi\/\" \/>\n<meta property=\"og:locale\" content=\"it_IT\" \/>\n<meta property=\"og:type\" content=\"article\" \/>\n<meta property=\"og:title\" content=\"Servizi medici sportivi | Sportska Hrvatska\" \/>\n<meta property=\"og:description\" content=\"[et_pb_section bb_built=&#8221;1&#8243; fullwidth=&#8221;on&#8221; _builder_version=&#8221;3.20.1&#8243; next_background_color=&#8221;#000000&#8243;][et_pb_fullwidth_header text_orientation=&#8221;center&#8221; disabled_on=&#8221;on|on|off&#8221; module_id=&#8221;main_visual&#8221; _builder_version=&#8221;3.20.1&#8243; title_font=&#8221;|600|||||||&#8221; title_text_align=&#8221;center&#8221; title_font_size=&#8221;60px&#8221; background_color=&#8221;#ffffff&#8221; background_image=&#8221;https:\/\/cro-sports.com\/wp-content\/uploads\/2019\/04\/sportske_usluge_main_img.jpg&#8221; custom_padding=&#8221;||&#8221; animation_style=&#8221;fade&#8221; animation_delay=&#8221;20ms&#8221;] . [\/et_pb_fullwidth_header][et_pb_fullwidth_header text_orientation=&#8221;center&#8221; disabled_on=&#8221;off|off|on&#8221; _builder_version=&#8221;3.20.1&#8243; title_font=&#8221;|600|||||||&#8221; title_text_align=&#8221;center&#8221; title_font_size=&#8221;60px&#8221; title_font_size_tablet=&#8221;31px&#8221; title_font_size_phone=&#8221;26px&#8221; title_font_size_last_edited=&#8221;on|phone&#8221; background_color=&#8221;#ffffff&#8221; background_image=&#8221;https:\/\/cro-sports.com\/wp-content\/uploads\/2019\/04\/sportske_usluge_main_img.jpg&#8221; custom_padding=&#8221;100px||100px&#8221; animation_style=&#8221;fade&#8221; animation_delay=&#8221;20ms&#8221;] . [\/et_pb_fullwidth_header][\/et_pb_section][et_pb_section bb_built=&#8221;1&#8243; _builder_version=&#8221;3.20.1&#8243; custom_padding=&#8221;84px|0|66.5156px|0px|false|false&#8221; prev_background_color=&#8221;#000000&#8243;][et_pb_row custom_padding=&#8221;15px|0px|33px|0px|false|false&#8221; _builder_version=&#8221;3.20.1&#8243;][et_pb_column type=&#8221;4_4&#8243;][et_pb_text _builder_version=&#8221;3.20.1&#8243; header_font=&#8221;||||||||&#8221; header_2_font=&#8221;|700|||||||&#8221; header_2_text_color=&#8221;#ee334e&#8221; header_2_font_size=&#8221;40px&#8221; header_2_font_size_tablet=&#8221;36px&#8221; header_2_font_size_phone=&#8221;30px&#8221; header_2_font_size_last_edited=&#8221;on|phone&#8221;] Servizi medici sportivi [\/et_pb_text][\/et_pb_column][\/et_pb_row][et_pb_row custom_padding=&#8221;15px|0px|33.25px|0px|false|false&#8221; [&hellip;]\" \/>\n<meta property=\"og:url\" content=\"https:\/\/cro-sports.com\/it\/cosa-offriamo\/servizi-medici-sportivi\/\" \/>\n<meta property=\"og:site_name\" content=\"Sportska Hrvatska\" \/>\n<meta property=\"article:modified_time\" content=\"2022-10-11T12:10:46+00:00\" \/>\n<meta name=\"twitter:card\" content=\"summary_large_image\" \/>\n<meta name=\"twitter:label1\" content=\"Est. reading time\" \/>\n\t<meta name=\"twitter:data1\" content=\"2 minuti\" \/>\n<script type=\"application\/ld+json\" class=\"yoast-schema-graph\">{\"@context\":\"https:\/\/schema.org\",\"@graph\":[{\"@type\":\"WebPage\",\"@id\":\"https:\/\/cro-sports.com\/it\/cosa-offriamo\/servizi-medici-sportivi\/\",\"url\":\"https:\/\/cro-sports.com\/it\/cosa-offriamo\/servizi-medici-sportivi\/\",\"name\":\"Servizi medici sportivi | Sportska Hrvatska\",\"isPartOf\":{\"@id\":\"https:\/\/cro-sports.com\/#website\"},\"datePublished\":\"2022-10-11T12:10:28+00:00\",\"dateModified\":\"2022-10-11T12:10:46+00:00\",\"breadcrumb\":{\"@id\":\"https:\/\/cro-sports.com\/it\/cosa-offriamo\/servizi-medici-sportivi\/#breadcrumb\"},\"inLanguage\":\"it-IT\",\"potentialAction\":[{\"@type\":\"ReadAction\",\"target\":[\"https:\/\/cro-sports.com\/it\/cosa-offriamo\/servizi-medici-sportivi\/\"]}]},{\"@type\":\"BreadcrumbList\",\"@id\":\"https:\/\/cro-sports.com\/it\/cosa-offriamo\/servizi-medici-sportivi\/#breadcrumb\",\"itemListElement\":[{\"@type\":\"ListItem\",\"position\":1,\"name\":\"Po\u010detna stranica\",\"item\":\"https:\/\/cro-sports.com\/\"},{\"@type\":\"ListItem\",\"position\":2,\"name\":\"Cosa offriamo\",\"item\":\"https:\/\/cro-sports.com\/it\/cosa-offriamo\/\"},{\"@type\":\"ListItem\",\"position\":3,\"name\":\"Servizi medici sportivi\"}]},{\"@type\":\"WebSite\",\"@id\":\"https:\/\/cro-sports.com\/#website\",\"url\":\"https:\/\/cro-sports.com\/\",\"name\":\"Sportska Hrvatska\",\"description\":\"\",\"publisher\":{\"@id\":\"https:\/\/cro-sports.com\/#organization\"},\"potentialAction\":[{\"@type\":\"SearchAction\",\"target\":{\"@type\":\"EntryPoint\",\"urlTemplate\":\"https:\/\/cro-sports.com\/?s={search_term_string}\"},\"query-input\":\"required name=search_term_string\"}],\"inLanguage\":\"it-IT\"},{\"@type\":\"Organization\",\"@id\":\"https:\/\/cro-sports.com\/#organization\",\"name\":\"Cro Sports\",\"url\":\"https:\/\/cro-sports.com\/\",\"sameAs\":[],\"logo\":{\"@type\":\"ImageObject\",\"inLanguage\":\"it-IT\",\"@id\":\"https:\/\/cro-sports.com\/#\/schema\/logo\/image\/\",\"url\":\"https:\/\/cro-sports.com\/wp-content\/uploads\/2019\/04\/cro_sport_logo_n.png\",\"contentUrl\":\"https:\/\/cro-sports.com\/wp-content\/uploads\/2019\/04\/cro_sport_logo_n.png\",\"width\":371,\"height\":40,\"caption\":\"Cro Sports\"},\"image\":{\"@id\":\"https:\/\/cro-sports.com\/#\/schema\/logo\/image\/\"}}]}<\/script>\n<!-- \/ Yoast SEO plugin. -->","yoast_head_json":{"title":"Servizi medici sportivi | Sportska Hrvatska","robots":{"index":"index","follow":"follow","max-snippet":"max-snippet:-1","max-image-preview":"max-image-preview:large","max-video-preview":"max-video-preview:-1"},"canonical":"https:\/\/cro-sports.com\/it\/cosa-offriamo\/servizi-medici-sportivi\/","og_locale":"it_IT","og_type":"article","og_title":"Servizi medici sportivi | Sportska Hrvatska","og_description":"[et_pb_section bb_built=&#8221;1&#8243; fullwidth=&#8221;on&#8221; _builder_version=&#8221;3.20.1&#8243; next_background_color=&#8221;#000000&#8243;][et_pb_fullwidth_header text_orientation=&#8221;center&#8221; disabled_on=&#8221;on|on|off&#8221; module_id=&#8221;main_visual&#8221; _builder_version=&#8221;3.20.1&#8243; title_font=&#8221;|600|||||||&#8221; title_text_align=&#8221;center&#8221; title_font_size=&#8221;60px&#8221; background_color=&#8221;#ffffff&#8221; background_image=&#8221;https:\/\/cro-sports.com\/wp-content\/uploads\/2019\/04\/sportske_usluge_main_img.jpg&#8221; custom_padding=&#8221;||&#8221; animation_style=&#8221;fade&#8221; animation_delay=&#8221;20ms&#8221;] . [\/et_pb_fullwidth_header][et_pb_fullwidth_header text_orientation=&#8221;center&#8221; disabled_on=&#8221;off|off|on&#8221; _builder_version=&#8221;3.20.1&#8243; title_font=&#8221;|600|||||||&#8221; title_text_align=&#8221;center&#8221; title_font_size=&#8221;60px&#8221; title_font_size_tablet=&#8221;31px&#8221; title_font_size_phone=&#8221;26px&#8221; title_font_size_last_edited=&#8221;on|phone&#8221; background_color=&#8221;#ffffff&#8221; background_image=&#8221;https:\/\/cro-sports.com\/wp-content\/uploads\/2019\/04\/sportske_usluge_main_img.jpg&#8221; custom_padding=&#8221;100px||100px&#8221; animation_style=&#8221;fade&#8221; animation_delay=&#8221;20ms&#8221;] . [\/et_pb_fullwidth_header][\/et_pb_section][et_pb_section bb_built=&#8221;1&#8243; _builder_version=&#8221;3.20.1&#8243; custom_padding=&#8221;84px|0|66.5156px|0px|false|false&#8221; prev_background_color=&#8221;#000000&#8243;][et_pb_row custom_padding=&#8221;15px|0px|33px|0px|false|false&#8221; _builder_version=&#8221;3.20.1&#8243;][et_pb_column type=&#8221;4_4&#8243;][et_pb_text _builder_version=&#8221;3.20.1&#8243; header_font=&#8221;||||||||&#8221; header_2_font=&#8221;|700|||||||&#8221; header_2_text_color=&#8221;#ee334e&#8221; header_2_font_size=&#8221;40px&#8221; header_2_font_size_tablet=&#8221;36px&#8221; header_2_font_size_phone=&#8221;30px&#8221; header_2_font_size_last_edited=&#8221;on|phone&#8221;] Servizi medici sportivi [\/et_pb_text][\/et_pb_column][\/et_pb_row][et_pb_row custom_padding=&#8221;15px|0px|33.25px|0px|false|false&#8221; [&hellip;]","og_url":"https:\/\/cro-sports.com\/it\/cosa-offriamo\/servizi-medici-sportivi\/","og_site_name":"Sportska Hrvatska","article_modified_time":"2022-10-11T12:10:46+00:00","twitter_card":"summary_large_image","twitter_misc":{"Est. reading time":"2 minuti"},"schema":{"@context":"https:\/\/schema.org","@graph":[{"@type":"WebPage","@id":"https:\/\/cro-sports.com\/it\/cosa-offriamo\/servizi-medici-sportivi\/","url":"https:\/\/cro-sports.com\/it\/cosa-offriamo\/servizi-medici-sportivi\/","name":"Servizi medici sportivi | Sportska Hrvatska","isPartOf":{"@id":"https:\/\/cro-sports.com\/#website"},"datePublished":"2022-10-11T12:10:28+00:00","dateModified":"2022-10-11T12:10:46+00:00","breadcrumb":{"@id":"https:\/\/cro-sports.com\/it\/cosa-offriamo\/servizi-medici-sportivi\/#breadcrumb"},"inLanguage":"it-IT","potentialAction":[{"@type":"ReadAction","target":["https:\/\/cro-sports.com\/it\/cosa-offriamo\/servizi-medici-sportivi\/"]}]},{"@type":"BreadcrumbList","@id":"https:\/\/cro-sports.com\/it\/cosa-offriamo\/servizi-medici-sportivi\/#breadcrumb","itemListElement":[{"@type":"ListItem","position":1,"name":"Po\u010detna stranica","item":"https:\/\/cro-sports.com\/"},{"@type":"ListItem","position":2,"name":"Cosa offriamo","item":"https:\/\/cro-sports.com\/it\/cosa-offriamo\/"},{"@type":"ListItem","position":3,"name":"Servizi medici sportivi"}]},{"@type":"WebSite","@id":"https:\/\/cro-sports.com\/#website","url":"https:\/\/cro-sports.com\/","name":"Sportska Hrvatska","description":"","publisher":{"@id":"https:\/\/cro-sports.com\/#organization"},"potentialAction":[{"@type":"SearchAction","target":{"@type":"EntryPoint","urlTemplate":"https:\/\/cro-sports.com\/?s={search_term_string}"},"query-input":"required name=search_term_string"}],"inLanguage":"it-IT"},{"@type":"Organization","@id":"https:\/\/cro-sports.com\/#organization","name":"Cro Sports","url":"https:\/\/cro-sports.com\/","sameAs":[],"logo":{"@type":"ImageObject","inLanguage":"it-IT","@id":"https:\/\/cro-sports.com\/#\/schema\/logo\/image\/","url":"https:\/\/cro-sports.com\/wp-content\/uploads\/2019\/04\/cro_sport_logo_n.png","contentUrl":"https:\/\/cro-sports.com\/wp-content\/uploads\/2019\/04\/cro_sport_logo_n.png","width":371,"height":40,"caption":"Cro Sports"},"image":{"@id":"https:\/\/cro-sports.com\/#\/schema\/logo\/image\/"}}]}},"_links":{"self":[{"href":"https:\/\/cro-sports.com\/it\/wp-json\/wp\/v2\/pages\/2529"}],"collection":[{"href":"https:\/\/cro-sports.com\/it\/wp-json\/wp\/v2\/pages"}],"about":[{"href":"https:\/\/cro-sports.com\/it\/wp-json\/wp\/v2\/types\/page"}],"author":[{"embeddable":true,"href":"https:\/\/cro-sports.com\/it\/wp-json\/wp\/v2\/users\/1"}],"replies":[{"embeddable":true,"href":"https:\/\/cro-sports.com\/it\/wp-json\/wp\/v2\/comments?post=2529"}],"version-history":[{"count":5,"href":"https:\/\/cro-sports.com\/it\/wp-json\/wp\/v2\/pages\/2529\/revisions"}],"predecessor-version":[{"id":2534,"href":"https:\/\/cro-sports.com\/it\/wp-json\/wp\/v2\/pages\/2529\/revisions\/2534"}],"up":[{"embeddable":true,"href":"https:\/\/cro-sports.com\/it\/wp-json\/wp\/v2\/pages\/1983"}],"wp:attachment":[{"href":"https:\/\/cro-sports.com\/it\/wp-json\/wp\/v2\/media?parent=2529"}],"curies":[{"name":"wp","href":"https:\/\/api.w.org\/{rel}","templated":true}]}}