{"id":2037,"date":"2022-10-10T11:36:13","date_gmt":"2022-10-10T09:36:13","guid":{"rendered":"https:\/\/cro-sports.com\/sul-progetto\/"},"modified":"2022-10-10T11:36:13","modified_gmt":"2022-10-10T09:36:13","slug":"sul-progetto","status":"publish","type":"page","link":"https:\/\/cro-sports.com\/it\/su-di-noi\/sul-progetto\/","title":{"rendered":"Sul progetto"},"content":{"rendered":"<p>[et_pb_section bb_built=&#8221;1&#8243; fullwidth=&#8221;on&#8221; _builder_version=&#8221;3.20.1&#8243; next_background_color=&#8221;#000000&#8243;][et_pb_fullwidth_header text_orientation=&#8221;center&#8221; disabled_on=&#8221;on|on|off&#8221; module_id=&#8221;main_visual&#8221; _builder_version=&#8221;3.20.1&#8243; title_font=&#8221;|600|||||||&#8221; title_text_align=&#8221;center&#8221; title_font_size=&#8221;60px&#8221; background_color=&#8221;#ffffff&#8221; background_image=&#8221;https:\/\/cro-sports.com\/wp-content\/uploads\/2019\/04\/sportske_usluge_main_img.jpg&#8221; custom_padding=&#8221;||&#8221; animation_style=&#8221;fade&#8221; animation_delay=&#8221;20ms&#8221; title=&#8221;Informazioni sul progetto&#8221; \/][et_pb_fullwidth_header text_orientation=&#8221;center&#8221; disabled_on=&#8221;off|off|on&#8221; _builder_version=&#8221;3.20.1&#8243; title_font=&#8221;|600|||||||&#8221; title_text_align=&#8221;center&#8221; title_font_size=&#8221;60px&#8221; title_font_size_tablet=&#8221;31px&#8221; title_font_size_phone=&#8221;26px&#8221; title_font_size_last_edited=&#8221;on|phone&#8221; background_color=&#8221;#ffffff&#8221; background_image=&#8221;https:\/\/cro-sports.com\/wp-content\/uploads\/2019\/04\/sportske_usluge_main_img.jpg&#8221; custom_padding=&#8221;100px||100px&#8221; animation_style=&#8221;fade&#8221; animation_delay=&#8221;20ms&#8221; title=&#8221;Informazioni sul progetto&#8221; \/][\/et_pb_section][et_pb_section bb_built=&#8221;1&#8243; _builder_version=&#8221;3.20.1&#8243; custom_padding=&#8221;40px|0|66.5156px|0px|false|false&#8221; prev_background_color=&#8221;#000000&#8243;][et_pb_row custom_padding=&#8221;15px|0px|0|0px|false|false&#8221; _builder_version=&#8221;3.20.1&#8243;][et_pb_column type=&#8221;4_4&#8243;][et_pb_text _builder_version=&#8221;3.20.1&#8243; header_font=&#8221;||||||||&#8221; header_2_font=&#8221;|700|||||||&#8221; header_2_text_color=&#8221;#ee334e&#8221; header_2_font_size=&#8221;40px&#8221; header_2_font_size_tablet=&#8221;36px&#8221; header_2_font_size_phone=&#8221;30px&#8221; header_2_font_size_last_edited=&#8221;on|phone&#8221; \/][\/et_pb_column][\/et_pb_row][et_pb_row custom_padding=&#8221;15px|0px|33.25px|0px|false|false&#8221; make_equal=&#8221;on&#8221; _builder_version=&#8221;3.20.1&#8243;][et_pb_column type=&#8221;3_5&#8243;][et_pb_text _builder_version=&#8221;3.20.1&#8243;]<\/p>\n<p>L&#8217;obiettivo principale del progetto Croazia &#8211; Paese dello sport \u00e8 presentare la Croazia come destinazione ideale per il turismo sportivo, il che implica la creazione di nuove opportunit\u00e0 per un uso pi\u00f9 intenso delle infrastrutture sportive e ricettive e di altre strutture sportive disponibili.<\/p>\n<p>Il nostro obiettivo \u00e8 quello di combinare l&#8217;energia creativa di tutti i fattori coinvolti nello sviluppo del turismo e dello sport in Croazia, attraverso varie competizioni sportive, eventi e altri programmi legati allo sport. <\/p>\n<p>[\/et_pb_text][\/et_pb_column][et_pb_column type=&#8221;2_5&#8243;][et_pb_image _builder_version=&#8221;3.20.1&#8243; src=&#8221;https:\/\/cro-sports.com\/wp-content\/uploads\/2019\/04\/cro_sport_logo_n.png&#8221; module_class=&#8221;vertical_align_middle no-abs&#8221; \/][\/et_pb_column][\/et_pb_row][\/et_pb_section]<\/p>\n","protected":false},"excerpt":{"rendered":"<p>[et_pb_section bb_built=&#8221;1&#8243; fullwidth=&#8221;on&#8221; _builder_version=&#8221;3.20.1&#8243; next_background_color=&#8221;#000000&#8243;][et_pb_fullwidth_header text_orientation=&#8221;center&#8221; disabled_on=&#8221;on|on|off&#8221; module_id=&#8221;main_visual&#8221; _builder_version=&#8221;3.20.1&#8243; title_font=&#8221;|600|||||||&#8221; title_text_align=&#8221;center&#8221; title_font_size=&#8221;60px&#8221; background_color=&#8221;#ffffff&#8221; background_image=&#8221;https:\/\/cro-sports.com\/wp-content\/uploads\/2019\/04\/sportske_usluge_main_img.jpg&#8221; custom_padding=&#8221;||&#8221; animation_style=&#8221;fade&#8221; animation_delay=&#8221;20ms&#8221; title=&#8221;Informazioni sul progetto&#8221; \/][et_pb_fullwidth_header text_orientation=&#8221;center&#8221; disabled_on=&#8221;off|off|on&#8221; _builder_version=&#8221;3.20.1&#8243; title_font=&#8221;|600|||||||&#8221; title_text_align=&#8221;center&#8221; title_font_size=&#8221;60px&#8221; title_font_size_tablet=&#8221;31px&#8221; title_font_size_phone=&#8221;26px&#8221; title_font_size_last_edited=&#8221;on|phone&#8221; background_color=&#8221;#ffffff&#8221; background_image=&#8221;https:\/\/cro-sports.com\/wp-content\/uploads\/2019\/04\/sportske_usluge_main_img.jpg&#8221; custom_padding=&#8221;100px||100px&#8221; animation_style=&#8221;fade&#8221; animation_delay=&#8221;20ms&#8221; title=&#8221;Informazioni sul progetto&#8221; \/][\/et_pb_section][et_pb_section bb_built=&#8221;1&#8243; _builder_version=&#8221;3.20.1&#8243; custom_padding=&#8221;40px|0|66.5156px|0px|false|false&#8221; prev_background_color=&#8221;#000000&#8243;][et_pb_row custom_padding=&#8221;15px|0px|0|0px|false|false&#8221; _builder_version=&#8221;3.20.1&#8243;][et_pb_column type=&#8221;4_4&#8243;][et_pb_text _builder_version=&#8221;3.20.1&#8243; header_font=&#8221;||||||||&#8221; header_2_font=&#8221;|700|||||||&#8221; header_2_text_color=&#8221;#ee334e&#8221; header_2_font_size=&#8221;40px&#8221; header_2_font_size_tablet=&#8221;36px&#8221; header_2_font_size_phone=&#8221;30px&#8221; header_2_font_size_last_edited=&#8221;on|phone&#8221; \/][\/et_pb_column][\/et_pb_row][et_pb_row [&hellip;]<\/p>\n","protected":false},"author":1,"featured_media":0,"parent":2043,"menu_order":0,"comment_status":"closed","ping_status":"closed","template":"","meta":{"_et_pb_use_builder":"on","_et_pb_old_content":""},"yoast_head":"<!-- This site is optimized with the Yoast SEO plugin v19.8 - https:\/\/yoast.com\/wordpress\/plugins\/seo\/ -->\n<title>Sul progetto | Sportska Hrvatska<\/title>\n<meta name=\"robots\" content=\"index, follow, max-snippet:-1, max-image-preview:large, max-video-preview:-1\" \/>\n<link rel=\"canonical\" href=\"https:\/\/cro-sports.com\/it\/su-di-noi\/sul-progetto\/\" \/>\n<meta property=\"og:locale\" content=\"it_IT\" \/>\n<meta property=\"og:type\" content=\"article\" \/>\n<meta property=\"og:title\" content=\"Sul progetto | Sportska Hrvatska\" \/>\n<meta property=\"og:description\" content=\"[et_pb_section bb_built=&#8221;1&#8243; fullwidth=&#8221;on&#8221; _builder_version=&#8221;3.20.1&#8243; next_background_color=&#8221;#000000&#8243;][et_pb_fullwidth_header text_orientation=&#8221;center&#8221; disabled_on=&#8221;on|on|off&#8221; module_id=&#8221;main_visual&#8221; _builder_version=&#8221;3.20.1&#8243; title_font=&#8221;|600|||||||&#8221; title_text_align=&#8221;center&#8221; title_font_size=&#8221;60px&#8221; background_color=&#8221;#ffffff&#8221; background_image=&#8221;https:\/\/cro-sports.com\/wp-content\/uploads\/2019\/04\/sportske_usluge_main_img.jpg&#8221; custom_padding=&#8221;||&#8221; animation_style=&#8221;fade&#8221; animation_delay=&#8221;20ms&#8221; title=&#8221;Informazioni sul progetto&#8221; \/][et_pb_fullwidth_header text_orientation=&#8221;center&#8221; disabled_on=&#8221;off|off|on&#8221; _builder_version=&#8221;3.20.1&#8243; title_font=&#8221;|600|||||||&#8221; title_text_align=&#8221;center&#8221; title_font_size=&#8221;60px&#8221; title_font_size_tablet=&#8221;31px&#8221; title_font_size_phone=&#8221;26px&#8221; title_font_size_last_edited=&#8221;on|phone&#8221; background_color=&#8221;#ffffff&#8221; background_image=&#8221;https:\/\/cro-sports.com\/wp-content\/uploads\/2019\/04\/sportske_usluge_main_img.jpg&#8221; custom_padding=&#8221;100px||100px&#8221; animation_style=&#8221;fade&#8221; animation_delay=&#8221;20ms&#8221; title=&#8221;Informazioni sul progetto&#8221; \/][\/et_pb_section][et_pb_section bb_built=&#8221;1&#8243; _builder_version=&#8221;3.20.1&#8243; custom_padding=&#8221;40px|0|66.5156px|0px|false|false&#8221; prev_background_color=&#8221;#000000&#8243;][et_pb_row custom_padding=&#8221;15px|0px|0|0px|false|false&#8221; _builder_version=&#8221;3.20.1&#8243;][et_pb_column type=&#8221;4_4&#8243;][et_pb_text _builder_version=&#8221;3.20.1&#8243; header_font=&#8221;||||||||&#8221; header_2_font=&#8221;|700|||||||&#8221; header_2_text_color=&#8221;#ee334e&#8221; header_2_font_size=&#8221;40px&#8221; header_2_font_size_tablet=&#8221;36px&#8221; header_2_font_size_phone=&#8221;30px&#8221; header_2_font_size_last_edited=&#8221;on|phone&#8221; \/][\/et_pb_column][\/et_pb_row][et_pb_row [&hellip;]\" \/>\n<meta property=\"og:url\" content=\"https:\/\/cro-sports.com\/it\/su-di-noi\/sul-progetto\/\" \/>\n<meta property=\"og:site_name\" content=\"Sportska Hrvatska\" \/>\n<meta name=\"twitter:card\" content=\"summary_large_image\" \/>\n<meta name=\"twitter:label1\" content=\"Est. reading time\" \/>\n\t<meta name=\"twitter:data1\" content=\"2 minuti\" \/>\n<script type=\"application\/ld+json\" class=\"yoast-schema-graph\">{\"@context\":\"https:\/\/schema.org\",\"@graph\":[{\"@type\":\"WebPage\",\"@id\":\"https:\/\/cro-sports.com\/it\/su-di-noi\/sul-progetto\/\",\"url\":\"https:\/\/cro-sports.com\/it\/su-di-noi\/sul-progetto\/\",\"name\":\"Sul progetto | Sportska Hrvatska\",\"isPartOf\":{\"@id\":\"https:\/\/cro-sports.com\/#website\"},\"datePublished\":\"2022-10-10T09:36:13+00:00\",\"dateModified\":\"2022-10-10T09:36:13+00:00\",\"breadcrumb\":{\"@id\":\"https:\/\/cro-sports.com\/it\/su-di-noi\/sul-progetto\/#breadcrumb\"},\"inLanguage\":\"it-IT\",\"potentialAction\":[{\"@type\":\"ReadAction\",\"target\":[\"https:\/\/cro-sports.com\/it\/su-di-noi\/sul-progetto\/\"]}]},{\"@type\":\"BreadcrumbList\",\"@id\":\"https:\/\/cro-sports.com\/it\/su-di-noi\/sul-progetto\/#breadcrumb\",\"itemListElement\":[{\"@type\":\"ListItem\",\"position\":1,\"name\":\"Po\u010detna stranica\",\"item\":\"https:\/\/cro-sports.com\/\"},{\"@type\":\"ListItem\",\"position\":2,\"name\":\"Su di noi\",\"item\":\"https:\/\/cro-sports.com\/it\/su-di-noi\/\"},{\"@type\":\"ListItem\",\"position\":3,\"name\":\"Sul progetto\"}]},{\"@type\":\"WebSite\",\"@id\":\"https:\/\/cro-sports.com\/#website\",\"url\":\"https:\/\/cro-sports.com\/\",\"name\":\"Sportska Hrvatska\",\"description\":\"\",\"publisher\":{\"@id\":\"https:\/\/cro-sports.com\/#organization\"},\"potentialAction\":[{\"@type\":\"SearchAction\",\"target\":{\"@type\":\"EntryPoint\",\"urlTemplate\":\"https:\/\/cro-sports.com\/?s={search_term_string}\"},\"query-input\":\"required name=search_term_string\"}],\"inLanguage\":\"it-IT\"},{\"@type\":\"Organization\",\"@id\":\"https:\/\/cro-sports.com\/#organization\",\"name\":\"Cro Sports\",\"url\":\"https:\/\/cro-sports.com\/\",\"sameAs\":[],\"logo\":{\"@type\":\"ImageObject\",\"inLanguage\":\"it-IT\",\"@id\":\"https:\/\/cro-sports.com\/#\/schema\/logo\/image\/\",\"url\":\"https:\/\/cro-sports.com\/wp-content\/uploads\/2019\/04\/cro_sport_logo_n.png\",\"contentUrl\":\"https:\/\/cro-sports.com\/wp-content\/uploads\/2019\/04\/cro_sport_logo_n.png\",\"width\":371,\"height\":40,\"caption\":\"Cro Sports\"},\"image\":{\"@id\":\"https:\/\/cro-sports.com\/#\/schema\/logo\/image\/\"}}]}<\/script>\n<!-- \/ Yoast SEO plugin. -->","yoast_head_json":{"title":"Sul progetto | Sportska Hrvatska","robots":{"index":"index","follow":"follow","max-snippet":"max-snippet:-1","max-image-preview":"max-image-preview:large","max-video-preview":"max-video-preview:-1"},"canonical":"https:\/\/cro-sports.com\/it\/su-di-noi\/sul-progetto\/","og_locale":"it_IT","og_type":"article","og_title":"Sul progetto | Sportska Hrvatska","og_description":"[et_pb_section bb_built=&#8221;1&#8243; fullwidth=&#8221;on&#8221; _builder_version=&#8221;3.20.1&#8243; next_background_color=&#8221;#000000&#8243;][et_pb_fullwidth_header text_orientation=&#8221;center&#8221; disabled_on=&#8221;on|on|off&#8221; module_id=&#8221;main_visual&#8221; _builder_version=&#8221;3.20.1&#8243; title_font=&#8221;|600|||||||&#8221; title_text_align=&#8221;center&#8221; title_font_size=&#8221;60px&#8221; background_color=&#8221;#ffffff&#8221; background_image=&#8221;https:\/\/cro-sports.com\/wp-content\/uploads\/2019\/04\/sportske_usluge_main_img.jpg&#8221; custom_padding=&#8221;||&#8221; animation_style=&#8221;fade&#8221; animation_delay=&#8221;20ms&#8221; title=&#8221;Informazioni sul progetto&#8221; \/][et_pb_fullwidth_header text_orientation=&#8221;center&#8221; disabled_on=&#8221;off|off|on&#8221; _builder_version=&#8221;3.20.1&#8243; title_font=&#8221;|600|||||||&#8221; title_text_align=&#8221;center&#8221; title_font_size=&#8221;60px&#8221; title_font_size_tablet=&#8221;31px&#8221; title_font_size_phone=&#8221;26px&#8221; title_font_size_last_edited=&#8221;on|phone&#8221; background_color=&#8221;#ffffff&#8221; background_image=&#8221;https:\/\/cro-sports.com\/wp-content\/uploads\/2019\/04\/sportske_usluge_main_img.jpg&#8221; custom_padding=&#8221;100px||100px&#8221; animation_style=&#8221;fade&#8221; animation_delay=&#8221;20ms&#8221; title=&#8221;Informazioni sul progetto&#8221; \/][\/et_pb_section][et_pb_section bb_built=&#8221;1&#8243; _builder_version=&#8221;3.20.1&#8243; custom_padding=&#8221;40px|0|66.5156px|0px|false|false&#8221; prev_background_color=&#8221;#000000&#8243;][et_pb_row custom_padding=&#8221;15px|0px|0|0px|false|false&#8221; _builder_version=&#8221;3.20.1&#8243;][et_pb_column type=&#8221;4_4&#8243;][et_pb_text _builder_version=&#8221;3.20.1&#8243; header_font=&#8221;||||||||&#8221; header_2_font=&#8221;|700|||||||&#8221; header_2_text_color=&#8221;#ee334e&#8221; header_2_font_size=&#8221;40px&#8221; header_2_font_size_tablet=&#8221;36px&#8221; header_2_font_size_phone=&#8221;30px&#8221; header_2_font_size_last_edited=&#8221;on|phone&#8221; \/][\/et_pb_column][\/et_pb_row][et_pb_row [&hellip;]","og_url":"https:\/\/cro-sports.com\/it\/su-di-noi\/sul-progetto\/","og_site_name":"Sportska Hrvatska","twitter_card":"summary_large_image","twitter_misc":{"Est. reading time":"2 minuti"},"schema":{"@context":"https:\/\/schema.org","@graph":[{"@type":"WebPage","@id":"https:\/\/cro-sports.com\/it\/su-di-noi\/sul-progetto\/","url":"https:\/\/cro-sports.com\/it\/su-di-noi\/sul-progetto\/","name":"Sul progetto | Sportska Hrvatska","isPartOf":{"@id":"https:\/\/cro-sports.com\/#website"},"datePublished":"2022-10-10T09:36:13+00:00","dateModified":"2022-10-10T09:36:13+00:00","breadcrumb":{"@id":"https:\/\/cro-sports.com\/it\/su-di-noi\/sul-progetto\/#breadcrumb"},"inLanguage":"it-IT","potentialAction":[{"@type":"ReadAction","target":["https:\/\/cro-sports.com\/it\/su-di-noi\/sul-progetto\/"]}]},{"@type":"BreadcrumbList","@id":"https:\/\/cro-sports.com\/it\/su-di-noi\/sul-progetto\/#breadcrumb","itemListElement":[{"@type":"ListItem","position":1,"name":"Po\u010detna stranica","item":"https:\/\/cro-sports.com\/"},{"@type":"ListItem","position":2,"name":"Su di noi","item":"https:\/\/cro-sports.com\/it\/su-di-noi\/"},{"@type":"ListItem","position":3,"name":"Sul progetto"}]},{"@type":"WebSite","@id":"https:\/\/cro-sports.com\/#website","url":"https:\/\/cro-sports.com\/","name":"Sportska Hrvatska","description":"","publisher":{"@id":"https:\/\/cro-sports.com\/#organization"},"potentialAction":[{"@type":"SearchAction","target":{"@type":"EntryPoint","urlTemplate":"https:\/\/cro-sports.com\/?s={search_term_string}"},"query-input":"required name=search_term_string"}],"inLanguage":"it-IT"},{"@type":"Organization","@id":"https:\/\/cro-sports.com\/#organization","name":"Cro Sports","url":"https:\/\/cro-sports.com\/","sameAs":[],"logo":{"@type":"ImageObject","inLanguage":"it-IT","@id":"https:\/\/cro-sports.com\/#\/schema\/logo\/image\/","url":"https:\/\/cro-sports.com\/wp-content\/uploads\/2019\/04\/cro_sport_logo_n.png","contentUrl":"https:\/\/cro-sports.com\/wp-content\/uploads\/2019\/04\/cro_sport_logo_n.png","width":371,"height":40,"caption":"Cro Sports"},"image":{"@id":"https:\/\/cro-sports.com\/#\/schema\/logo\/image\/"}}]}},"_links":{"self":[{"href":"https:\/\/cro-sports.com\/it\/wp-json\/wp\/v2\/pages\/2037"}],"collection":[{"href":"https:\/\/cro-sports.com\/it\/wp-json\/wp\/v2\/pages"}],"about":[{"href":"https:\/\/cro-sports.com\/it\/wp-json\/wp\/v2\/types\/page"}],"author":[{"embeddable":true,"href":"https:\/\/cro-sports.com\/it\/wp-json\/wp\/v2\/users\/1"}],"replies":[{"embeddable":true,"href":"https:\/\/cro-sports.com\/it\/wp-json\/wp\/v2\/comments?post=2037"}],"version-history":[{"count":2,"href":"https:\/\/cro-sports.com\/it\/wp-json\/wp\/v2\/pages\/2037\/revisions"}],"predecessor-version":[{"id":2039,"href":"https:\/\/cro-sports.com\/it\/wp-json\/wp\/v2\/pages\/2037\/revisions\/2039"}],"up":[{"embeddable":true,"href":"https:\/\/cro-sports.com\/it\/wp-json\/wp\/v2\/pages\/2043"}],"wp:attachment":[{"href":"https:\/\/cro-sports.com\/it\/wp-json\/wp\/v2\/media?parent=2037"}],"curies":[{"name":"wp","href":"https:\/\/api.w.org\/{rel}","templated":true}]}}