{"id":2025,"date":"2022-10-10T11:22:04","date_gmt":"2022-10-10T09:22:04","guid":{"rendered":"https:\/\/cro-sports.com\/cntb\/"},"modified":"2022-10-10T11:22:05","modified_gmt":"2022-10-10T09:22:05","slug":"cntb","status":"publish","type":"page","link":"https:\/\/cro-sports.com\/it\/su-di-noi\/cntb\/","title":{"rendered":"CNTB"},"content":{"rendered":"<p>[et_pb_section fb_built=&#8221;1&#8243; fullwidth=&#8221;on&#8221; _builder_version=&#8221;3.20.1&#8243;][et_pb_fullwidth_header title=&#8221;Ente Nazionale Croato per il Turismo &#8221; text_orientation=&#8221;center&#8221; disabled_on=&#8221;on|on|off&#8221; module_id=&#8221;main_visual&#8221; _builder_version=&#8221;3.20.1&#8243; title_font=&#8221;|600|||||||&#8221; title_text_align=&#8221;center&#8221; title_font_size=&#8221;60px&#8221; background_color=&#8221;#ffffff&#8221; background_image=&#8221;https:\/\/cro-sports.com\/wp-content\/uploads\/2019\/05\/pakleni-otoci-optimizirano-za-web-ivo-pervan.jpg&#8221; custom_padding=&#8221;||&#8221; animation_style=&#8221;fade&#8221;][\/et_pb_fullwidth_header][et_pb_fullwidth_header title=&#8221;Ente Nazionale Croato per il Turismo &#8221; text_orientation=&#8221;center&#8221; disabled_on=&#8221;off|off|on&#8221; _builder_version=&#8221;3.20.1&#8243; title_font=&#8221;|600|||||||&#8221; title_text_align=&#8221;center&#8221; title_font_size=&#8221;60px&#8221; title_font_size_tablet=&#8221;31px&#8221; title_font_size_phone=&#8221;26px&#8221; title_font_size_last_edited=&#8221;on|phone&#8221; background_color=&#8221;#ffffff&#8221; background_image=&#8221;https:\/\/cro-sports.com\/wp-content\/uploads\/2019\/05\/pakleni-otoci-optimizirano-za-web-ivo-pervan.jpg&#8221; custom_padding=&#8221;100px||100px&#8221; animation_style=&#8221;fade&#8221;][\/et_pb_fullwidth_header][\/et_pb_section][et_pb_section fb_built=&#8221;1&#8243; _builder_version=&#8221;3.20.1&#8243; custom_padding=&#8221;40px|0|66.5156px|0px|false|false&#8221;][et_pb_row custom_padding=&#8221;15px|0px|0|0px|false|false&#8221; _builder_version=&#8221;3.20.1&#8243;][et_pb_column type=&#8221;4_4&#8243; _builder_version=&#8221;3.0.47&#8243;][et_pb_text _builder_version=&#8221;3.20.1&#8243; header_font=&#8221;||||||||&#8221; header_2_font=&#8221;|700|||||||&#8221; header_2_text_color=&#8221;#ee334e&#8221; header_2_font_size=&#8221;40px&#8221; header_2_font_size_tablet=&#8221;36px&#8221; header_2_font_size_phone=&#8221;30px&#8221; header_2_font_size_last_edited=&#8221;on|phone&#8221;][\/et_pb_text][\/et_pb_column][\/et_pb_row][et_pb_row custom_padding=&#8221;15px|0px|33.25px|0px|false|false&#8221; make_equal=&#8221;on&#8221; _builder_version=&#8221;3.20.1&#8243;][et_pb_column type=&#8221;3_5&#8243; _builder_version=&#8221;3.0.47&#8243;][et_pb_text _builder_version=&#8221;3.20.1&#8243;]<\/p>\n<p>L&#8217;Ente Nazionale Croato per il Turismo (CNTB) \u00e8 un&#8217;organizzazione turistica nazionale fondata per creare l&#8217;identit\u00e0 del turismo croato e formare la strategia della sua promozione in patria e all&#8217;estero. Alcune delle principali attivit\u00e0 del CNTB sono la pianificazione e l&#8217;attuazione di una strategia comune e la concezione della sua promozione, la proposta e lo svolgimento di attivit\u00e0 promozionali di interesse reciproco per tutti i soggetti del turismo nel Paese e all&#8217;estero, nonch\u00e9 l&#8217;innalzamento della qualit\u00e0 complessiva dell&#8217;intera gamma di servizi turistici nella Repubblica di Croazia.<\/p>\n<p>In generale, il ruolo della CNTB \u00e8 quello di aumentare la qualit\u00e0 dell&#8217;offerta turistica completa e di posizionare la Croazia in Europa e nel mondo come una delle principali destinazioni turistiche.<\/p>\n<p>Maggiori informazioni: <a href=\"http:\/\/www.htz.hr\">www.htz.hr<\/a><\/p>\n<p>[\/et_pb_text][\/et_pb_column][et_pb_column type=&#8221;2_5&#8243; _builder_version=&#8221;3.0.47&#8243;][et_pb_image src=&#8221;https:\/\/cro-sports.com\/wp-content\/uploads\/2019\/05\/HTZ_logo_big.png&#8221; align=&#8221;center&#8221; _builder_version=&#8221;3.20.1&#8243; disabled_on=&#8221;on|on|off&#8221;][\/et_pb_image][\/et_pb_column][\/et_pb_row][\/et_pb_section]<\/p>\n","protected":false},"excerpt":{"rendered":"<p>[et_pb_section fb_built=&#8221;1&#8243; fullwidth=&#8221;on&#8221; _builder_version=&#8221;3.20.1&#8243;][et_pb_fullwidth_header title=&#8221;Ente Nazionale Croato per il Turismo &#8221; text_orientation=&#8221;center&#8221; disabled_on=&#8221;on|on|off&#8221; module_id=&#8221;main_visual&#8221; _builder_version=&#8221;3.20.1&#8243; title_font=&#8221;|600|||||||&#8221; title_text_align=&#8221;center&#8221; title_font_size=&#8221;60px&#8221; background_color=&#8221;#ffffff&#8221; background_image=&#8221;https:\/\/cro-sports.com\/wp-content\/uploads\/2019\/05\/pakleni-otoci-optimizirano-za-web-ivo-pervan.jpg&#8221; custom_padding=&#8221;||&#8221; animation_style=&#8221;fade&#8221;][\/et_pb_fullwidth_header][et_pb_fullwidth_header title=&#8221;Ente Nazionale Croato per il Turismo &#8221; text_orientation=&#8221;center&#8221; disabled_on=&#8221;off|off|on&#8221; _builder_version=&#8221;3.20.1&#8243; title_font=&#8221;|600|||||||&#8221; title_text_align=&#8221;center&#8221; title_font_size=&#8221;60px&#8221; title_font_size_tablet=&#8221;31px&#8221; title_font_size_phone=&#8221;26px&#8221; title_font_size_last_edited=&#8221;on|phone&#8221; background_color=&#8221;#ffffff&#8221; background_image=&#8221;https:\/\/cro-sports.com\/wp-content\/uploads\/2019\/05\/pakleni-otoci-optimizirano-za-web-ivo-pervan.jpg&#8221; custom_padding=&#8221;100px||100px&#8221; animation_style=&#8221;fade&#8221;][\/et_pb_fullwidth_header][\/et_pb_section][et_pb_section fb_built=&#8221;1&#8243; _builder_version=&#8221;3.20.1&#8243; custom_padding=&#8221;40px|0|66.5156px|0px|false|false&#8221;][et_pb_row custom_padding=&#8221;15px|0px|0|0px|false|false&#8221; _builder_version=&#8221;3.20.1&#8243;][et_pb_column type=&#8221;4_4&#8243; _builder_version=&#8221;3.0.47&#8243;][et_pb_text _builder_version=&#8221;3.20.1&#8243; header_font=&#8221;||||||||&#8221; header_2_font=&#8221;|700|||||||&#8221; header_2_text_color=&#8221;#ee334e&#8221; header_2_font_size=&#8221;40px&#8221; header_2_font_size_tablet=&#8221;36px&#8221; [&hellip;]<\/p>\n","protected":false},"author":1,"featured_media":0,"parent":2043,"menu_order":0,"comment_status":"closed","ping_status":"closed","template":"","meta":{"_et_pb_use_builder":"on","_et_pb_old_content":""},"yoast_head":"<!-- This site is optimized with the Yoast SEO plugin v19.8 - https:\/\/yoast.com\/wordpress\/plugins\/seo\/ -->\n<title>CNTB | Sportska Hrvatska<\/title>\n<meta name=\"robots\" content=\"index, follow, max-snippet:-1, max-image-preview:large, max-video-preview:-1\" \/>\n<link rel=\"canonical\" href=\"https:\/\/cro-sports.com\/it\/su-di-noi\/cntb\/\" \/>\n<meta property=\"og:locale\" content=\"it_IT\" \/>\n<meta property=\"og:type\" content=\"article\" \/>\n<meta property=\"og:title\" content=\"CNTB | Sportska Hrvatska\" \/>\n<meta property=\"og:description\" content=\"[et_pb_section fb_built=&#8221;1&#8243; fullwidth=&#8221;on&#8221; _builder_version=&#8221;3.20.1&#8243;][et_pb_fullwidth_header title=&#8221;Ente Nazionale Croato per il Turismo &#8221; text_orientation=&#8221;center&#8221; disabled_on=&#8221;on|on|off&#8221; module_id=&#8221;main_visual&#8221; _builder_version=&#8221;3.20.1&#8243; title_font=&#8221;|600|||||||&#8221; title_text_align=&#8221;center&#8221; title_font_size=&#8221;60px&#8221; background_color=&#8221;#ffffff&#8221; background_image=&#8221;https:\/\/cro-sports.com\/wp-content\/uploads\/2019\/05\/pakleni-otoci-optimizirano-za-web-ivo-pervan.jpg&#8221; custom_padding=&#8221;||&#8221; animation_style=&#8221;fade&#8221;][\/et_pb_fullwidth_header][et_pb_fullwidth_header title=&#8221;Ente Nazionale Croato per il Turismo &#8221; text_orientation=&#8221;center&#8221; disabled_on=&#8221;off|off|on&#8221; _builder_version=&#8221;3.20.1&#8243; title_font=&#8221;|600|||||||&#8221; title_text_align=&#8221;center&#8221; title_font_size=&#8221;60px&#8221; title_font_size_tablet=&#8221;31px&#8221; title_font_size_phone=&#8221;26px&#8221; title_font_size_last_edited=&#8221;on|phone&#8221; background_color=&#8221;#ffffff&#8221; background_image=&#8221;https:\/\/cro-sports.com\/wp-content\/uploads\/2019\/05\/pakleni-otoci-optimizirano-za-web-ivo-pervan.jpg&#8221; custom_padding=&#8221;100px||100px&#8221; animation_style=&#8221;fade&#8221;][\/et_pb_fullwidth_header][\/et_pb_section][et_pb_section fb_built=&#8221;1&#8243; _builder_version=&#8221;3.20.1&#8243; custom_padding=&#8221;40px|0|66.5156px|0px|false|false&#8221;][et_pb_row custom_padding=&#8221;15px|0px|0|0px|false|false&#8221; _builder_version=&#8221;3.20.1&#8243;][et_pb_column type=&#8221;4_4&#8243; _builder_version=&#8221;3.0.47&#8243;][et_pb_text _builder_version=&#8221;3.20.1&#8243; header_font=&#8221;||||||||&#8221; header_2_font=&#8221;|700|||||||&#8221; header_2_text_color=&#8221;#ee334e&#8221; header_2_font_size=&#8221;40px&#8221; header_2_font_size_tablet=&#8221;36px&#8221; [&hellip;]\" \/>\n<meta property=\"og:url\" content=\"https:\/\/cro-sports.com\/it\/su-di-noi\/cntb\/\" \/>\n<meta property=\"og:site_name\" content=\"Sportska Hrvatska\" \/>\n<meta property=\"article:modified_time\" content=\"2022-10-10T09:22:05+00:00\" \/>\n<meta name=\"twitter:card\" content=\"summary_large_image\" \/>\n<meta name=\"twitter:label1\" content=\"Est. reading time\" \/>\n\t<meta name=\"twitter:data1\" content=\"2 minuti\" \/>\n<script type=\"application\/ld+json\" class=\"yoast-schema-graph\">{\"@context\":\"https:\/\/schema.org\",\"@graph\":[{\"@type\":\"WebPage\",\"@id\":\"https:\/\/cro-sports.com\/it\/su-di-noi\/cntb\/\",\"url\":\"https:\/\/cro-sports.com\/it\/su-di-noi\/cntb\/\",\"name\":\"CNTB | Sportska Hrvatska\",\"isPartOf\":{\"@id\":\"https:\/\/cro-sports.com\/#website\"},\"datePublished\":\"2022-10-10T09:22:04+00:00\",\"dateModified\":\"2022-10-10T09:22:05+00:00\",\"breadcrumb\":{\"@id\":\"https:\/\/cro-sports.com\/it\/su-di-noi\/cntb\/#breadcrumb\"},\"inLanguage\":\"it-IT\",\"potentialAction\":[{\"@type\":\"ReadAction\",\"target\":[\"https:\/\/cro-sports.com\/it\/su-di-noi\/cntb\/\"]}]},{\"@type\":\"BreadcrumbList\",\"@id\":\"https:\/\/cro-sports.com\/it\/su-di-noi\/cntb\/#breadcrumb\",\"itemListElement\":[{\"@type\":\"ListItem\",\"position\":1,\"name\":\"Po\u010detna stranica\",\"item\":\"https:\/\/cro-sports.com\/\"},{\"@type\":\"ListItem\",\"position\":2,\"name\":\"Su di noi\",\"item\":\"https:\/\/cro-sports.com\/it\/su-di-noi\/\"},{\"@type\":\"ListItem\",\"position\":3,\"name\":\"CNTB\"}]},{\"@type\":\"WebSite\",\"@id\":\"https:\/\/cro-sports.com\/#website\",\"url\":\"https:\/\/cro-sports.com\/\",\"name\":\"Sportska Hrvatska\",\"description\":\"\",\"publisher\":{\"@id\":\"https:\/\/cro-sports.com\/#organization\"},\"potentialAction\":[{\"@type\":\"SearchAction\",\"target\":{\"@type\":\"EntryPoint\",\"urlTemplate\":\"https:\/\/cro-sports.com\/?s={search_term_string}\"},\"query-input\":\"required name=search_term_string\"}],\"inLanguage\":\"it-IT\"},{\"@type\":\"Organization\",\"@id\":\"https:\/\/cro-sports.com\/#organization\",\"name\":\"Cro Sports\",\"url\":\"https:\/\/cro-sports.com\/\",\"sameAs\":[],\"logo\":{\"@type\":\"ImageObject\",\"inLanguage\":\"it-IT\",\"@id\":\"https:\/\/cro-sports.com\/#\/schema\/logo\/image\/\",\"url\":\"https:\/\/cro-sports.com\/wp-content\/uploads\/2019\/04\/cro_sport_logo_n.png\",\"contentUrl\":\"https:\/\/cro-sports.com\/wp-content\/uploads\/2019\/04\/cro_sport_logo_n.png\",\"width\":371,\"height\":40,\"caption\":\"Cro Sports\"},\"image\":{\"@id\":\"https:\/\/cro-sports.com\/#\/schema\/logo\/image\/\"}}]}<\/script>\n<!-- \/ Yoast SEO plugin. -->","yoast_head_json":{"title":"CNTB | Sportska Hrvatska","robots":{"index":"index","follow":"follow","max-snippet":"max-snippet:-1","max-image-preview":"max-image-preview:large","max-video-preview":"max-video-preview:-1"},"canonical":"https:\/\/cro-sports.com\/it\/su-di-noi\/cntb\/","og_locale":"it_IT","og_type":"article","og_title":"CNTB | Sportska Hrvatska","og_description":"[et_pb_section fb_built=&#8221;1&#8243; fullwidth=&#8221;on&#8221; _builder_version=&#8221;3.20.1&#8243;][et_pb_fullwidth_header title=&#8221;Ente Nazionale Croato per il Turismo &#8221; text_orientation=&#8221;center&#8221; disabled_on=&#8221;on|on|off&#8221; module_id=&#8221;main_visual&#8221; _builder_version=&#8221;3.20.1&#8243; title_font=&#8221;|600|||||||&#8221; title_text_align=&#8221;center&#8221; title_font_size=&#8221;60px&#8221; background_color=&#8221;#ffffff&#8221; background_image=&#8221;https:\/\/cro-sports.com\/wp-content\/uploads\/2019\/05\/pakleni-otoci-optimizirano-za-web-ivo-pervan.jpg&#8221; custom_padding=&#8221;||&#8221; animation_style=&#8221;fade&#8221;][\/et_pb_fullwidth_header][et_pb_fullwidth_header title=&#8221;Ente Nazionale Croato per il Turismo &#8221; text_orientation=&#8221;center&#8221; disabled_on=&#8221;off|off|on&#8221; _builder_version=&#8221;3.20.1&#8243; title_font=&#8221;|600|||||||&#8221; title_text_align=&#8221;center&#8221; title_font_size=&#8221;60px&#8221; title_font_size_tablet=&#8221;31px&#8221; title_font_size_phone=&#8221;26px&#8221; title_font_size_last_edited=&#8221;on|phone&#8221; background_color=&#8221;#ffffff&#8221; background_image=&#8221;https:\/\/cro-sports.com\/wp-content\/uploads\/2019\/05\/pakleni-otoci-optimizirano-za-web-ivo-pervan.jpg&#8221; custom_padding=&#8221;100px||100px&#8221; animation_style=&#8221;fade&#8221;][\/et_pb_fullwidth_header][\/et_pb_section][et_pb_section fb_built=&#8221;1&#8243; _builder_version=&#8221;3.20.1&#8243; custom_padding=&#8221;40px|0|66.5156px|0px|false|false&#8221;][et_pb_row custom_padding=&#8221;15px|0px|0|0px|false|false&#8221; _builder_version=&#8221;3.20.1&#8243;][et_pb_column type=&#8221;4_4&#8243; _builder_version=&#8221;3.0.47&#8243;][et_pb_text _builder_version=&#8221;3.20.1&#8243; header_font=&#8221;||||||||&#8221; header_2_font=&#8221;|700|||||||&#8221; header_2_text_color=&#8221;#ee334e&#8221; header_2_font_size=&#8221;40px&#8221; header_2_font_size_tablet=&#8221;36px&#8221; [&hellip;]","og_url":"https:\/\/cro-sports.com\/it\/su-di-noi\/cntb\/","og_site_name":"Sportska Hrvatska","article_modified_time":"2022-10-10T09:22:05+00:00","twitter_card":"summary_large_image","twitter_misc":{"Est. reading time":"2 minuti"},"schema":{"@context":"https:\/\/schema.org","@graph":[{"@type":"WebPage","@id":"https:\/\/cro-sports.com\/it\/su-di-noi\/cntb\/","url":"https:\/\/cro-sports.com\/it\/su-di-noi\/cntb\/","name":"CNTB | Sportska Hrvatska","isPartOf":{"@id":"https:\/\/cro-sports.com\/#website"},"datePublished":"2022-10-10T09:22:04+00:00","dateModified":"2022-10-10T09:22:05+00:00","breadcrumb":{"@id":"https:\/\/cro-sports.com\/it\/su-di-noi\/cntb\/#breadcrumb"},"inLanguage":"it-IT","potentialAction":[{"@type":"ReadAction","target":["https:\/\/cro-sports.com\/it\/su-di-noi\/cntb\/"]}]},{"@type":"BreadcrumbList","@id":"https:\/\/cro-sports.com\/it\/su-di-noi\/cntb\/#breadcrumb","itemListElement":[{"@type":"ListItem","position":1,"name":"Po\u010detna stranica","item":"https:\/\/cro-sports.com\/"},{"@type":"ListItem","position":2,"name":"Su di noi","item":"https:\/\/cro-sports.com\/it\/su-di-noi\/"},{"@type":"ListItem","position":3,"name":"CNTB"}]},{"@type":"WebSite","@id":"https:\/\/cro-sports.com\/#website","url":"https:\/\/cro-sports.com\/","name":"Sportska Hrvatska","description":"","publisher":{"@id":"https:\/\/cro-sports.com\/#organization"},"potentialAction":[{"@type":"SearchAction","target":{"@type":"EntryPoint","urlTemplate":"https:\/\/cro-sports.com\/?s={search_term_string}"},"query-input":"required name=search_term_string"}],"inLanguage":"it-IT"},{"@type":"Organization","@id":"https:\/\/cro-sports.com\/#organization","name":"Cro Sports","url":"https:\/\/cro-sports.com\/","sameAs":[],"logo":{"@type":"ImageObject","inLanguage":"it-IT","@id":"https:\/\/cro-sports.com\/#\/schema\/logo\/image\/","url":"https:\/\/cro-sports.com\/wp-content\/uploads\/2019\/04\/cro_sport_logo_n.png","contentUrl":"https:\/\/cro-sports.com\/wp-content\/uploads\/2019\/04\/cro_sport_logo_n.png","width":371,"height":40,"caption":"Cro Sports"},"image":{"@id":"https:\/\/cro-sports.com\/#\/schema\/logo\/image\/"}}]}},"_links":{"self":[{"href":"https:\/\/cro-sports.com\/it\/wp-json\/wp\/v2\/pages\/2025"}],"collection":[{"href":"https:\/\/cro-sports.com\/it\/wp-json\/wp\/v2\/pages"}],"about":[{"href":"https:\/\/cro-sports.com\/it\/wp-json\/wp\/v2\/types\/page"}],"author":[{"embeddable":true,"href":"https:\/\/cro-sports.com\/it\/wp-json\/wp\/v2\/users\/1"}],"replies":[{"embeddable":true,"href":"https:\/\/cro-sports.com\/it\/wp-json\/wp\/v2\/comments?post=2025"}],"version-history":[{"count":2,"href":"https:\/\/cro-sports.com\/it\/wp-json\/wp\/v2\/pages\/2025\/revisions"}],"predecessor-version":[{"id":2027,"href":"https:\/\/cro-sports.com\/it\/wp-json\/wp\/v2\/pages\/2025\/revisions\/2027"}],"up":[{"embeddable":true,"href":"https:\/\/cro-sports.com\/it\/wp-json\/wp\/v2\/pages\/2043"}],"wp:attachment":[{"href":"https:\/\/cro-sports.com\/it\/wp-json\/wp\/v2\/media?parent=2025"}],"curies":[{"name":"wp","href":"https:\/\/api.w.org\/{rel}","templated":true}]}}