{"id":1967,"date":"2022-10-10T10:04:39","date_gmt":"2022-10-10T08:04:39","guid":{"rendered":"https:\/\/cro-sports.com\/trasferimenti\/"},"modified":"2022-10-12T10:45:29","modified_gmt":"2022-10-12T08:45:29","slug":"trasferimenti","status":"publish","type":"page","link":"https:\/\/cro-sports.com\/it\/cosa-offriamo\/trasferimenti\/","title":{"rendered":"Trasferimenti"},"content":{"rendered":"<p>[et_pb_section fb_built=&#8221;1&#8243; fullwidth=&#8221;on&#8221; _builder_version=&#8221;3.20.1&#8243;][et_pb_fullwidth_header text_orientation=&#8221;center&#8221; disabled_on=&#8221;on|on|off&#8221; module_id=&#8221;main_visual&#8221; _builder_version=&#8221;3.20.1&#8243; title_font=&#8221;|600|||||||&#8221; title_text_align=&#8221;center&#8221; title_font_size=&#8221;60px&#8221; background_color=&#8221;#ffffff&#8221; background_image=&#8221;https:\/\/cro-sports.com\/wp-content\/uploads\/2019\/05\/transfer-1.jpg&#8221; custom_padding=&#8221;||&#8221; animation_style=&#8221;fade&#8221;]<br \/>\n[\/et_pb_fullwidth_header][et_pb_fullwidth_header text_orientation=&#8221;center&#8221; disabled_on=&#8221;off|off|on&#8221; _builder_version=&#8221;3.20.1&#8243; title_font=&#8221;|600|||||||&#8221; title_text_align=&#8221;center&#8221; title_font_size=&#8221;60px&#8221; title_font_size_tablet=&#8221;31px&#8221; title_font_size_phone=&#8221;26px&#8221; title_font_size_last_edited=&#8221;on|phone&#8221; background_color=&#8221;#ffffff&#8221; background_image=&#8221;https:\/\/cro-sports.com\/wp-content\/uploads\/2019\/04\/sportske_usluge_main_img.jpg&#8221; custom_padding=&#8221;100px||100px&#8221; animation_style=&#8221;fade&#8221; animation_delay=&#8221;20ms&#8221;]<br \/>\n[\/et_pb_fullwidth_header][\/et_pb_section][et_pb_section fb_built=&#8221;1&#8243; _builder_version=&#8221;3.20.1&#8243; custom_padding=&#8221;84px|0|66.5156px|0px|false|false&#8221;][et_pb_row custom_padding=&#8221;15px|0px|33px|0px|false|false&#8221; _builder_version=&#8221;3.20.1&#8243;][et_pb_column type=&#8221;4_4&#8243; _builder_version=&#8221;3.0.47&#8243;][et_pb_text admin_label=&#8221;Transferi&#8221; _builder_version=&#8221;3.20.1&#8243; header_2_font=&#8221;|700|||||||&#8221; header_2_text_color=&#8221;#ee334e&#8221; header_2_font_size=&#8221;40px&#8221; header_2_font_size_tablet=&#8221;36px&#8221; header_2_font_size_phone=&#8221;30px&#8221; header_2_font_size_last_edited=&#8221;on|phone&#8221;]<\/p>\n<h2>Trasferimenti<\/h2>\n<p>[\/et_pb_text][\/et_pb_column][\/et_pb_row][et_pb_row custom_padding=&#8221;15px|0px|33.25px|0px|false|false&#8221; make_equal=&#8221;on&#8221; _builder_version=&#8221;3.20.1&#8243;][et_pb_column type=&#8221;1_2&#8243; _builder_version=&#8221;3.0.47&#8243;][et_pb_text admin_label=&#8221;Uniline nudi cjelokupan&#8230;&#8221; _builder_version=&#8221;3.20.1&#8243;]<\/p>\n<p style=\"text-align: justify;\">Uniline offre un prodotto turistico completo: dall&#8217;organizzazione di alloggi, escursioni, congressi, eventi sportivi, programmi speciali per ospiti singoli o gruppi fino ai servizi di trasferimento. La flotta \u00e8 composta da pi\u00f9 di 30 autobus, oltre 15 minibus e pi\u00f9 di 50 furgoni.<\/p>\n<p style=\"text-align: justify;\">Dal 2010, Uniline \u00e8 titolare del franchising Europcar per la Croazia con una flotta di oltre 1500 auto, tra cui veicoli elettrici e ibridi e un&#8217;ampia selezione di auto di lusso.<\/p>\n<p style=\"text-align: justify;\">I nostri uffici di noleggio auto si trovano all&#8217;aeroporto di Pula, all&#8217;aeroporto di Rijeka, all&#8217;aeroporto di Zadar, all&#8217;aeroporto di Split e all&#8217;aeroporto di Dubrovnik.<\/p>\n<p><i><b>Prenotate il vostro trasferimento tramite Uniline e riceverete tariffe vantaggiose con un servizio di alta qualit\u00e0.<\/b><\/i><\/p>\n<p style=\"text-align: justify;\">\u00a0<\/p>\n<p>[\/et_pb_text][et_pb_text module_class=&#8221;vertical_align_middlee&#8221; _builder_version=&#8221;3.20.1&#8243; text_font=&#8221;||||||||&#8221; custom_margin=&#8221;||&#8221; custom_margin_tablet=&#8221;0px|||&#8221; custom_margin_last_edited=&#8221;on|phone&#8221;]<\/p>\n<p><a class=\"vtt-btn-def contact_us\" href=\"https:\/\/cro-sports.com\/it\/su-di-noi\/contatti\/\">Contatto<\/a><\/p>\n<div style=\"max-width: 600px;\">\n<div class=\"make_contact\"><div role=\"form\" class=\"wpcf7\" id=\"wpcf7-f2578-o1\" lang=\"it-IT\" dir=\"ltr\">\n<div class=\"screen-reader-response\"><p role=\"status\" aria-live=\"polite\" aria-atomic=\"true\"><\/p> <ul><\/ul><\/div>\n<form action=\"\/it\/wp-json\/wp\/v2\/pages\/1967#wpcf7-f2578-o1\" method=\"post\" class=\"wpcf7-form init wpcf7-acceptance-as-validation\" novalidate=\"novalidate\" data-status=\"init\">\n<div style=\"display: none;\">\n<input type=\"hidden\" name=\"_wpcf7\" value=\"2578\" \/>\n<input type=\"hidden\" name=\"_wpcf7_version\" value=\"5.6.3\" \/>\n<input type=\"hidden\" name=\"_wpcf7_locale\" value=\"it_IT\" \/>\n<input type=\"hidden\" name=\"_wpcf7_unit_tag\" value=\"wpcf7-f2578-o1\" \/>\n<input type=\"hidden\" name=\"_wpcf7_container_post\" value=\"0\" \/>\n<input type=\"hidden\" name=\"_wpcf7_posted_data_hash\" value=\"\" \/>\n<\/div>\n<div class=\"package_inquiry_form\">\n<p class=\"that_info\">Prenota un trasferimento tramite Uniline e assicurati ottimi prezzi con un servizio eccellente. Per tutte le richieste e informazioni, potete contattarci tramite l'indirizzo e-mail: info@uniline.hr.<\/p>\n<div class=\"form-group-trp\"><span class=\"wpcf7-form-control-wrap\" data-name=\"your-name\"><input type=\"text\" name=\"your-name\" value=\"\" size=\"40\" class=\"wpcf7-form-control wpcf7-text wpcf7-validates-as-required\" aria-required=\"true\" aria-invalid=\"false\" placeholder=\"Nome e cognome\" \/><\/span><\/div>\n<div class=\"form-group-trp\"><span class=\"wpcf7-form-control-wrap\" data-name=\"your-email\"><input type=\"email\" name=\"your-email\" value=\"\" size=\"40\" class=\"wpcf7-form-control wpcf7-text wpcf7-email wpcf7-validates-as-required wpcf7-validates-as-email\" aria-required=\"true\" aria-invalid=\"false\" placeholder=\"Indirizzo e-mail\" \/><\/span><\/div>\n<div class=\"form-group-trp\"><span class=\"wpcf7-form-control-wrap\" data-name=\"your-phone\"><input type=\"text\" name=\"your-phone\" value=\"\" size=\"40\" class=\"wpcf7-form-control wpcf7-text wpcf7-validates-as-required\" aria-required=\"true\" aria-invalid=\"false\" placeholder=\"Numero di contatto telefonico\" \/><\/span><\/div>\n<div class=\"form-group-trp\"><span class=\"wpcf7-form-control-wrap\" data-name=\"your-message\"><textarea name=\"your-message\" cols=\"40\" rows=\"10\" class=\"wpcf7-form-control wpcf7-textarea wpcf7-validates-as-required\" aria-required=\"true\" aria-invalid=\"false\" placeholder=\"Il tuo messaggio\"><\/textarea><\/span><\/div>\n<div class=\"form-group-trp\"><span class=\"wpcf7-form-control-wrap\" data-name=\"random-capital-quiz\"><label><span class=\"wpcf7-quiz-label\">13+27?<\/span> <input type=\"text\" name=\"random-capital-quiz\" size=\"40\" class=\"wpcf7-form-control wpcf7-quiz\" autocomplete=\"off\" aria-required=\"true\" aria-invalid=\"false\" \/><\/label><input type=\"hidden\" name=\"_wpcf7_quiz_answer_random-capital-quiz\" value=\"b828f8be812248c65e3c071b093d0601\" \/><\/span>\n<\/div>\n<div class=\"form-group-trp\"><span class=\"wpcf7-form-control-wrap\" data-name=\"acceptance-446\"><span class=\"wpcf7-form-control wpcf7-acceptance\"><span class=\"wpcf7-list-item\"><label><input type=\"checkbox\" name=\"acceptance-446\" value=\"1\" aria-invalid=\"false\" \/><span class=\"wpcf7-list-item-label\">Accetto che i miei dati personali vengano utilizzati per elaborare le mie richieste e per trattarle in conformit\u00e0 con le norme sulla protezione dei dati personali. Accetto che questi dati vengano memorizzati elettronicamente sotto forma di dati o informazioni. Sono a conoscenza del fatto che questo consenso pu\u00f2 essere revocato in qualsiasi momento inviando una richiesta scritta.<\/span><\/label><\/span><\/span><\/span><\/div>\n<div class=\"btn_iq_form\"><input type=\"submit\" value=\"Po\u0161alji\" class=\"wpcf7-form-control has-spinner wpcf7-submit\" \/><\/div>\n<\/div>\n<div class=\"wpcf7-response-output\" aria-hidden=\"true\"><\/div><\/form><\/div><\/div>\n<\/div>\n<p>[\/et_pb_text][\/et_pb_column][et_pb_column type=&#8221;1_2&#8243; _builder_version=&#8221;3.0.47&#8243;][et_pb_code _builder_version=&#8221;3.20.1&#8243;]<\/p>\n<div class=\"natural-attractions-wrapper\">\n\t\t\t\t<div class=\"gastronomy-item pages_gall\"><!-- first-odd -->\n\t\t\t\t<div class=\"gastronomy-item-right\" style=\"float:none;width:100%;\">\n\t\t\t\t\t<div class=\"gastronomy-bx-slider\" style=\"display: none;\"><div><a href=\"https:\/\/cro-sports.com\/wp-content\/uploads\/2019\/05\/KOMBI.jpg\"><img width=\"800\" height=\"600\" src=\"https:\/\/cro-sports.com\/wp-content\/uploads\/2019\/05\/KOMBI.jpg\" class=\"attachment-full size-full\" alt=\"\" loading=\"lazy\" srcset=\"https:\/\/cro-sports.com\/wp-content\/uploads\/2019\/05\/KOMBI.jpg 800w, https:\/\/cro-sports.com\/wp-content\/uploads\/2019\/05\/KOMBI-300x225.jpg 300w, https:\/\/cro-sports.com\/wp-content\/uploads\/2019\/05\/KOMBI-768x576.jpg 768w, https:\/\/cro-sports.com\/wp-content\/uploads\/2019\/05\/KOMBI-510x382.jpg 510w\" sizes=\"(max-width: 800px) 100vw, 800px\" \/><\/a><span class=\"photo_author\"><\/span><\/div><div><a href=\"https:\/\/cro-sports.com\/wp-content\/uploads\/2019\/05\/BUS.jpg\"><img width=\"800\" height=\"600\" src=\"https:\/\/cro-sports.com\/wp-content\/uploads\/2019\/05\/BUS.jpg\" class=\"attachment-full size-full\" alt=\"\" loading=\"lazy\" srcset=\"https:\/\/cro-sports.com\/wp-content\/uploads\/2019\/05\/BUS.jpg 800w, https:\/\/cro-sports.com\/wp-content\/uploads\/2019\/05\/BUS-300x225.jpg 300w, https:\/\/cro-sports.com\/wp-content\/uploads\/2019\/05\/BUS-768x576.jpg 768w, https:\/\/cro-sports.com\/wp-content\/uploads\/2019\/05\/BUS-510x382.jpg 510w\" sizes=\"(max-width: 800px) 100vw, 800px\" \/><\/a><span class=\"photo_author\"><\/span><\/div><div><a href=\"https:\/\/cro-sports.com\/wp-content\/uploads\/2019\/05\/HIBRID.jpg\"><img width=\"800\" height=\"600\" src=\"https:\/\/cro-sports.com\/wp-content\/uploads\/2019\/05\/HIBRID.jpg\" class=\"attachment-full size-full\" alt=\"\" loading=\"lazy\" srcset=\"https:\/\/cro-sports.com\/wp-content\/uploads\/2019\/05\/HIBRID.jpg 800w, https:\/\/cro-sports.com\/wp-content\/uploads\/2019\/05\/HIBRID-300x225.jpg 300w, https:\/\/cro-sports.com\/wp-content\/uploads\/2019\/05\/HIBRID-768x576.jpg 768w, https:\/\/cro-sports.com\/wp-content\/uploads\/2019\/05\/HIBRID-510x382.jpg 510w\" sizes=\"(max-width: 800px) 100vw, 800px\" \/><\/a><span class=\"photo_author\"><\/span><\/div><\/div>\t\t\t\t<\/div>\n\t\t\t<\/div>\n<\/div>\n<script src=\"https:\/\/ajax.googleapis.com\/ajax\/libs\/jquery\/3.5.1\/jquery.min.js\"><\/script>\n\n<script>\n  jQuery(document).ready(function($) {\n    jQuery('.gastronomy-bx-slider').removeAttr('style');\n    jQuery('.gastronomy-bx-slider').bxSlider({\n      auto: false,\n      autoControls: false,\n      stopAutoOnClick: true,\n      pager: false,\n      slideWidth: 1200,\n      minSlides: 1,\n      maxSlides: 1,\n      moveSlides: 1,\n      infiniteLoop: false,\n      touchEnabled: false,\n      controls: true,\n      nextText: \"<i class='fa fa-angle-right'><\/i>\",\n      prevText: \"<i class='fa fa-angle-left'><\/i>\"\n    });\n  });\n<\/script>\n<p>[\/et_pb_code][\/et_pb_column][\/et_pb_row][et_pb_row make_equal=&#8221;on&#8221; _builder_version=&#8221;3.20.1&#8243;][et_pb_column type=&#8221;3_5&#8243; _builder_version=&#8221;3.0.47&#8243;][et_pb_text _builder_version=&#8221;3.20.1&#8243;]<br \/>\n[\/et_pb_text][\/et_pb_column][et_pb_column type=&#8221;2_5&#8243; _builder_version=&#8221;3.0.47&#8243;][\/et_pb_column][\/et_pb_row][\/et_pb_section]<\/p>\n","protected":false},"excerpt":{"rendered":"<p>[et_pb_section fb_built=&#8221;1&#8243; fullwidth=&#8221;on&#8221; _builder_version=&#8221;3.20.1&#8243;][et_pb_fullwidth_header text_orientation=&#8221;center&#8221; disabled_on=&#8221;on|on|off&#8221; module_id=&#8221;main_visual&#8221; _builder_version=&#8221;3.20.1&#8243; title_font=&#8221;|600|||||||&#8221; title_text_align=&#8221;center&#8221; title_font_size=&#8221;60px&#8221; background_color=&#8221;#ffffff&#8221; background_image=&#8221;https:\/\/cro-sports.com\/wp-content\/uploads\/2019\/05\/transfer-1.jpg&#8221; custom_padding=&#8221;||&#8221; animation_style=&#8221;fade&#8221;] [\/et_pb_fullwidth_header][et_pb_fullwidth_header text_orientation=&#8221;center&#8221; disabled_on=&#8221;off|off|on&#8221; _builder_version=&#8221;3.20.1&#8243; title_font=&#8221;|600|||||||&#8221; title_text_align=&#8221;center&#8221; title_font_size=&#8221;60px&#8221; title_font_size_tablet=&#8221;31px&#8221; title_font_size_phone=&#8221;26px&#8221; title_font_size_last_edited=&#8221;on|phone&#8221; background_color=&#8221;#ffffff&#8221; background_image=&#8221;https:\/\/cro-sports.com\/wp-content\/uploads\/2019\/04\/sportske_usluge_main_img.jpg&#8221; custom_padding=&#8221;100px||100px&#8221; animation_style=&#8221;fade&#8221; animation_delay=&#8221;20ms&#8221;] [\/et_pb_fullwidth_header][\/et_pb_section][et_pb_section fb_built=&#8221;1&#8243; _builder_version=&#8221;3.20.1&#8243; custom_padding=&#8221;84px|0|66.5156px|0px|false|false&#8221;][et_pb_row custom_padding=&#8221;15px|0px|33px|0px|false|false&#8221; _builder_version=&#8221;3.20.1&#8243;][et_pb_column type=&#8221;4_4&#8243; _builder_version=&#8221;3.0.47&#8243;][et_pb_text admin_label=&#8221;Transferi&#8221; _builder_version=&#8221;3.20.1&#8243; header_2_font=&#8221;|700|||||||&#8221; header_2_text_color=&#8221;#ee334e&#8221; header_2_font_size=&#8221;40px&#8221; header_2_font_size_tablet=&#8221;36px&#8221; header_2_font_size_phone=&#8221;30px&#8221; header_2_font_size_last_edited=&#8221;on|phone&#8221;] Trasferimenti [\/et_pb_text][\/et_pb_column][\/et_pb_row][et_pb_row custom_padding=&#8221;15px|0px|33.25px|0px|false|false&#8221; make_equal=&#8221;on&#8221; _builder_version=&#8221;3.20.1&#8243;][et_pb_column type=&#8221;1_2&#8243; _builder_version=&#8221;3.0.47&#8243;][et_pb_text admin_label=&#8221;Uniline nudi [&hellip;]<\/p>\n","protected":false},"author":1,"featured_media":0,"parent":1983,"menu_order":0,"comment_status":"closed","ping_status":"closed","template":"","meta":{"_et_pb_use_builder":"on","_et_pb_old_content":""},"yoast_head":"<!-- This site is optimized with the Yoast SEO plugin v19.8 - https:\/\/yoast.com\/wordpress\/plugins\/seo\/ -->\n<title>Trasferimenti | Sportska Hrvatska<\/title>\n<meta name=\"robots\" content=\"index, follow, max-snippet:-1, max-image-preview:large, max-video-preview:-1\" \/>\n<link rel=\"canonical\" href=\"https:\/\/cro-sports.com\/it\/cosa-offriamo\/trasferimenti\/\" \/>\n<meta property=\"og:locale\" content=\"it_IT\" \/>\n<meta property=\"og:type\" content=\"article\" \/>\n<meta property=\"og:title\" content=\"Trasferimenti | Sportska Hrvatska\" \/>\n<meta property=\"og:description\" content=\"[et_pb_section fb_built=&#8221;1&#8243; fullwidth=&#8221;on&#8221; _builder_version=&#8221;3.20.1&#8243;][et_pb_fullwidth_header text_orientation=&#8221;center&#8221; disabled_on=&#8221;on|on|off&#8221; module_id=&#8221;main_visual&#8221; _builder_version=&#8221;3.20.1&#8243; title_font=&#8221;|600|||||||&#8221; title_text_align=&#8221;center&#8221; title_font_size=&#8221;60px&#8221; background_color=&#8221;#ffffff&#8221; background_image=&#8221;https:\/\/cro-sports.com\/wp-content\/uploads\/2019\/05\/transfer-1.jpg&#8221; custom_padding=&#8221;||&#8221; animation_style=&#8221;fade&#8221;] [\/et_pb_fullwidth_header][et_pb_fullwidth_header text_orientation=&#8221;center&#8221; disabled_on=&#8221;off|off|on&#8221; _builder_version=&#8221;3.20.1&#8243; title_font=&#8221;|600|||||||&#8221; title_text_align=&#8221;center&#8221; title_font_size=&#8221;60px&#8221; title_font_size_tablet=&#8221;31px&#8221; title_font_size_phone=&#8221;26px&#8221; title_font_size_last_edited=&#8221;on|phone&#8221; background_color=&#8221;#ffffff&#8221; background_image=&#8221;https:\/\/cro-sports.com\/wp-content\/uploads\/2019\/04\/sportske_usluge_main_img.jpg&#8221; custom_padding=&#8221;100px||100px&#8221; animation_style=&#8221;fade&#8221; animation_delay=&#8221;20ms&#8221;] [\/et_pb_fullwidth_header][\/et_pb_section][et_pb_section fb_built=&#8221;1&#8243; _builder_version=&#8221;3.20.1&#8243; custom_padding=&#8221;84px|0|66.5156px|0px|false|false&#8221;][et_pb_row custom_padding=&#8221;15px|0px|33px|0px|false|false&#8221; _builder_version=&#8221;3.20.1&#8243;][et_pb_column type=&#8221;4_4&#8243; _builder_version=&#8221;3.0.47&#8243;][et_pb_text admin_label=&#8221;Transferi&#8221; _builder_version=&#8221;3.20.1&#8243; header_2_font=&#8221;|700|||||||&#8221; header_2_text_color=&#8221;#ee334e&#8221; header_2_font_size=&#8221;40px&#8221; header_2_font_size_tablet=&#8221;36px&#8221; header_2_font_size_phone=&#8221;30px&#8221; header_2_font_size_last_edited=&#8221;on|phone&#8221;] Trasferimenti [\/et_pb_text][\/et_pb_column][\/et_pb_row][et_pb_row custom_padding=&#8221;15px|0px|33.25px|0px|false|false&#8221; make_equal=&#8221;on&#8221; _builder_version=&#8221;3.20.1&#8243;][et_pb_column type=&#8221;1_2&#8243; _builder_version=&#8221;3.0.47&#8243;][et_pb_text admin_label=&#8221;Uniline nudi [&hellip;]\" \/>\n<meta property=\"og:url\" content=\"https:\/\/cro-sports.com\/it\/cosa-offriamo\/trasferimenti\/\" \/>\n<meta property=\"og:site_name\" content=\"Sportska Hrvatska\" \/>\n<meta property=\"article:modified_time\" content=\"2022-10-12T08:45:29+00:00\" \/>\n<meta name=\"twitter:card\" content=\"summary_large_image\" \/>\n<meta name=\"twitter:label1\" content=\"Est. reading time\" \/>\n\t<meta name=\"twitter:data1\" content=\"2 minuti\" \/>\n<script type=\"application\/ld+json\" class=\"yoast-schema-graph\">{\"@context\":\"https:\/\/schema.org\",\"@graph\":[{\"@type\":\"WebPage\",\"@id\":\"https:\/\/cro-sports.com\/it\/cosa-offriamo\/trasferimenti\/\",\"url\":\"https:\/\/cro-sports.com\/it\/cosa-offriamo\/trasferimenti\/\",\"name\":\"Trasferimenti | Sportska Hrvatska\",\"isPartOf\":{\"@id\":\"https:\/\/cro-sports.com\/#website\"},\"datePublished\":\"2022-10-10T08:04:39+00:00\",\"dateModified\":\"2022-10-12T08:45:29+00:00\",\"breadcrumb\":{\"@id\":\"https:\/\/cro-sports.com\/it\/cosa-offriamo\/trasferimenti\/#breadcrumb\"},\"inLanguage\":\"it-IT\",\"potentialAction\":[{\"@type\":\"ReadAction\",\"target\":[\"https:\/\/cro-sports.com\/it\/cosa-offriamo\/trasferimenti\/\"]}]},{\"@type\":\"BreadcrumbList\",\"@id\":\"https:\/\/cro-sports.com\/it\/cosa-offriamo\/trasferimenti\/#breadcrumb\",\"itemListElement\":[{\"@type\":\"ListItem\",\"position\":1,\"name\":\"Po\u010detna stranica\",\"item\":\"https:\/\/cro-sports.com\/\"},{\"@type\":\"ListItem\",\"position\":2,\"name\":\"Cosa offriamo\",\"item\":\"https:\/\/cro-sports.com\/it\/cosa-offriamo\/\"},{\"@type\":\"ListItem\",\"position\":3,\"name\":\"Trasferimenti\"}]},{\"@type\":\"WebSite\",\"@id\":\"https:\/\/cro-sports.com\/#website\",\"url\":\"https:\/\/cro-sports.com\/\",\"name\":\"Sportska Hrvatska\",\"description\":\"\",\"publisher\":{\"@id\":\"https:\/\/cro-sports.com\/#organization\"},\"potentialAction\":[{\"@type\":\"SearchAction\",\"target\":{\"@type\":\"EntryPoint\",\"urlTemplate\":\"https:\/\/cro-sports.com\/?s={search_term_string}\"},\"query-input\":\"required name=search_term_string\"}],\"inLanguage\":\"it-IT\"},{\"@type\":\"Organization\",\"@id\":\"https:\/\/cro-sports.com\/#organization\",\"name\":\"Cro Sports\",\"url\":\"https:\/\/cro-sports.com\/\",\"sameAs\":[],\"logo\":{\"@type\":\"ImageObject\",\"inLanguage\":\"it-IT\",\"@id\":\"https:\/\/cro-sports.com\/#\/schema\/logo\/image\/\",\"url\":\"https:\/\/cro-sports.com\/wp-content\/uploads\/2019\/04\/cro_sport_logo_n.png\",\"contentUrl\":\"https:\/\/cro-sports.com\/wp-content\/uploads\/2019\/04\/cro_sport_logo_n.png\",\"width\":371,\"height\":40,\"caption\":\"Cro Sports\"},\"image\":{\"@id\":\"https:\/\/cro-sports.com\/#\/schema\/logo\/image\/\"}}]}<\/script>\n<!-- \/ Yoast SEO plugin. -->","yoast_head_json":{"title":"Trasferimenti | Sportska Hrvatska","robots":{"index":"index","follow":"follow","max-snippet":"max-snippet:-1","max-image-preview":"max-image-preview:large","max-video-preview":"max-video-preview:-1"},"canonical":"https:\/\/cro-sports.com\/it\/cosa-offriamo\/trasferimenti\/","og_locale":"it_IT","og_type":"article","og_title":"Trasferimenti | Sportska Hrvatska","og_description":"[et_pb_section fb_built=&#8221;1&#8243; fullwidth=&#8221;on&#8221; _builder_version=&#8221;3.20.1&#8243;][et_pb_fullwidth_header text_orientation=&#8221;center&#8221; disabled_on=&#8221;on|on|off&#8221; module_id=&#8221;main_visual&#8221; _builder_version=&#8221;3.20.1&#8243; title_font=&#8221;|600|||||||&#8221; title_text_align=&#8221;center&#8221; title_font_size=&#8221;60px&#8221; background_color=&#8221;#ffffff&#8221; background_image=&#8221;https:\/\/cro-sports.com\/wp-content\/uploads\/2019\/05\/transfer-1.jpg&#8221; custom_padding=&#8221;||&#8221; animation_style=&#8221;fade&#8221;] [\/et_pb_fullwidth_header][et_pb_fullwidth_header text_orientation=&#8221;center&#8221; disabled_on=&#8221;off|off|on&#8221; _builder_version=&#8221;3.20.1&#8243; title_font=&#8221;|600|||||||&#8221; title_text_align=&#8221;center&#8221; title_font_size=&#8221;60px&#8221; title_font_size_tablet=&#8221;31px&#8221; title_font_size_phone=&#8221;26px&#8221; title_font_size_last_edited=&#8221;on|phone&#8221; background_color=&#8221;#ffffff&#8221; background_image=&#8221;https:\/\/cro-sports.com\/wp-content\/uploads\/2019\/04\/sportske_usluge_main_img.jpg&#8221; custom_padding=&#8221;100px||100px&#8221; animation_style=&#8221;fade&#8221; animation_delay=&#8221;20ms&#8221;] [\/et_pb_fullwidth_header][\/et_pb_section][et_pb_section fb_built=&#8221;1&#8243; _builder_version=&#8221;3.20.1&#8243; custom_padding=&#8221;84px|0|66.5156px|0px|false|false&#8221;][et_pb_row custom_padding=&#8221;15px|0px|33px|0px|false|false&#8221; _builder_version=&#8221;3.20.1&#8243;][et_pb_column type=&#8221;4_4&#8243; _builder_version=&#8221;3.0.47&#8243;][et_pb_text admin_label=&#8221;Transferi&#8221; _builder_version=&#8221;3.20.1&#8243; header_2_font=&#8221;|700|||||||&#8221; header_2_text_color=&#8221;#ee334e&#8221; header_2_font_size=&#8221;40px&#8221; header_2_font_size_tablet=&#8221;36px&#8221; header_2_font_size_phone=&#8221;30px&#8221; header_2_font_size_last_edited=&#8221;on|phone&#8221;] Trasferimenti [\/et_pb_text][\/et_pb_column][\/et_pb_row][et_pb_row custom_padding=&#8221;15px|0px|33.25px|0px|false|false&#8221; make_equal=&#8221;on&#8221; _builder_version=&#8221;3.20.1&#8243;][et_pb_column type=&#8221;1_2&#8243; _builder_version=&#8221;3.0.47&#8243;][et_pb_text admin_label=&#8221;Uniline nudi [&hellip;]","og_url":"https:\/\/cro-sports.com\/it\/cosa-offriamo\/trasferimenti\/","og_site_name":"Sportska Hrvatska","article_modified_time":"2022-10-12T08:45:29+00:00","twitter_card":"summary_large_image","twitter_misc":{"Est. reading time":"2 minuti"},"schema":{"@context":"https:\/\/schema.org","@graph":[{"@type":"WebPage","@id":"https:\/\/cro-sports.com\/it\/cosa-offriamo\/trasferimenti\/","url":"https:\/\/cro-sports.com\/it\/cosa-offriamo\/trasferimenti\/","name":"Trasferimenti | Sportska Hrvatska","isPartOf":{"@id":"https:\/\/cro-sports.com\/#website"},"datePublished":"2022-10-10T08:04:39+00:00","dateModified":"2022-10-12T08:45:29+00:00","breadcrumb":{"@id":"https:\/\/cro-sports.com\/it\/cosa-offriamo\/trasferimenti\/#breadcrumb"},"inLanguage":"it-IT","potentialAction":[{"@type":"ReadAction","target":["https:\/\/cro-sports.com\/it\/cosa-offriamo\/trasferimenti\/"]}]},{"@type":"BreadcrumbList","@id":"https:\/\/cro-sports.com\/it\/cosa-offriamo\/trasferimenti\/#breadcrumb","itemListElement":[{"@type":"ListItem","position":1,"name":"Po\u010detna stranica","item":"https:\/\/cro-sports.com\/"},{"@type":"ListItem","position":2,"name":"Cosa offriamo","item":"https:\/\/cro-sports.com\/it\/cosa-offriamo\/"},{"@type":"ListItem","position":3,"name":"Trasferimenti"}]},{"@type":"WebSite","@id":"https:\/\/cro-sports.com\/#website","url":"https:\/\/cro-sports.com\/","name":"Sportska Hrvatska","description":"","publisher":{"@id":"https:\/\/cro-sports.com\/#organization"},"potentialAction":[{"@type":"SearchAction","target":{"@type":"EntryPoint","urlTemplate":"https:\/\/cro-sports.com\/?s={search_term_string}"},"query-input":"required name=search_term_string"}],"inLanguage":"it-IT"},{"@type":"Organization","@id":"https:\/\/cro-sports.com\/#organization","name":"Cro Sports","url":"https:\/\/cro-sports.com\/","sameAs":[],"logo":{"@type":"ImageObject","inLanguage":"it-IT","@id":"https:\/\/cro-sports.com\/#\/schema\/logo\/image\/","url":"https:\/\/cro-sports.com\/wp-content\/uploads\/2019\/04\/cro_sport_logo_n.png","contentUrl":"https:\/\/cro-sports.com\/wp-content\/uploads\/2019\/04\/cro_sport_logo_n.png","width":371,"height":40,"caption":"Cro Sports"},"image":{"@id":"https:\/\/cro-sports.com\/#\/schema\/logo\/image\/"}}]}},"_links":{"self":[{"href":"https:\/\/cro-sports.com\/it\/wp-json\/wp\/v2\/pages\/1967"}],"collection":[{"href":"https:\/\/cro-sports.com\/it\/wp-json\/wp\/v2\/pages"}],"about":[{"href":"https:\/\/cro-sports.com\/it\/wp-json\/wp\/v2\/types\/page"}],"author":[{"embeddable":true,"href":"https:\/\/cro-sports.com\/it\/wp-json\/wp\/v2\/users\/1"}],"replies":[{"embeddable":true,"href":"https:\/\/cro-sports.com\/it\/wp-json\/wp\/v2\/comments?post=1967"}],"version-history":[{"count":15,"href":"https:\/\/cro-sports.com\/it\/wp-json\/wp\/v2\/pages\/1967\/revisions"}],"predecessor-version":[{"id":2589,"href":"https:\/\/cro-sports.com\/it\/wp-json\/wp\/v2\/pages\/1967\/revisions\/2589"}],"up":[{"embeddable":true,"href":"https:\/\/cro-sports.com\/it\/wp-json\/wp\/v2\/pages\/1983"}],"wp:attachment":[{"href":"https:\/\/cro-sports.com\/it\/wp-json\/wp\/v2\/media?parent=1967"}],"curies":[{"name":"wp","href":"https:\/\/api.w.org\/{rel}","templated":true}]}}