{"id":1539,"date":"2019-11-21T16:27:09","date_gmt":"2019-11-21T15:27:09","guid":{"rendered":"https:\/\/cro-sports.com\/sports-news\/"},"modified":"2022-10-19T14:18:45","modified_gmt":"2022-10-19T12:18:45","slug":"sports-news","status":"publish","type":"page","link":"https:\/\/cro-sports.com\/en\/sports-news\/","title":{"rendered":"Sports news"},"content":{"rendered":"<p>[et_pb_section bb_built=&#8221;1&#8243; fullwidth=&#8221;on&#8221; _builder_version=&#8221;3.20.1&#8243; next_background_color=&#8221;#000000&#8243;][et_pb_fullwidth_header title=&#8221;News&#8221; text_orientation=&#8221;center&#8221; disabled_on=&#8221;on|on|off&#8221; module_id=&#8221;main_visual&#8221; _builder_version=&#8221;3.20.1&#8243; title_font=&#8221;|600|||||||&#8221; title_text_align=&#8221;center&#8221; title_font_size=&#8221;60px&#8221; background_color=&#8221;#ffffff&#8221; background_image=&#8221;https:\/\/cro-sports.com\/wp-content\/uploads\/2019\/04\/sportske_usluge_main_img.jpg&#8221; custom_padding=&#8221;||&#8221; animation_style=&#8221;fade&#8221; \/][et_pb_fullwidth_header title=&#8221;News&#8221; text_orientation=&#8221;center&#8221; disabled_on=&#8221;off|off|on&#8221; _builder_version=&#8221;3.20.1&#8243; title_font=&#8221;|600|||||||&#8221; title_text_align=&#8221;center&#8221; title_font_size=&#8221;60px&#8221; title_font_size_tablet=&#8221;31px&#8221; title_font_size_phone=&#8221;26px&#8221; title_font_size_last_edited=&#8221;on|phone&#8221; background_color=&#8221;#ffffff&#8221; background_image=&#8221;https:\/\/cro-sports.com\/wp-content\/uploads\/2019\/04\/sportske_usluge_main_img.jpg&#8221; custom_padding=&#8221;100px||100px&#8221; animation_style=&#8221;fade&#8221; \/][\/et_pb_section][et_pb_section bb_built=&#8221;1&#8243; _builder_version=&#8221;3.20.1&#8243; custom_padding=&#8221;40px|0|66.5156px|0px|false|false&#8221; prev_background_color=&#8221;#000000&#8243;][et_pb_row custom_padding=&#8221;15px|0px|33.25px|0px|false|false&#8221; make_equal=&#8221;on&#8221; _builder_version=&#8221;3.20.1&#8243;][et_pb_column type=&#8221;4_4&#8243;][et_pb_text _builder_version=&#8221;3.20.1&#8243;]<\/p>\n<div class=\"news-item-ss on_news_page\"><img class='rss-image-ho' src='https:\/\/sportskahrvatska.hr\/foto-vijesti\/feedwebp\/1289_1777397283.webp'><a target='_blank' href='https:\/\/hts.hr\/korana-barisic-do-prve-pobjede-u-rakovniku\/'><h3 class='rss-feed-title'>Hrvatski teniski savez : Korana Bari\u0161i\u0107 do prve pobjede u Rakovniku<\/h3><\/a><\/div><div class=\"news-item-ss on_news_page\"><img class='rss-image-ho' src='https:\/\/sportskahrvatska.hr\/foto-vijesti\/feedwebp\/1306_1777395869.webp'><a target='_blank' href='https:\/\/www.hps.hr\/vijesti\/26446\/jubilarni-30-pohod-dragojlinom-stazom-na-okic\/'><h3 class='rss-feed-title'>Hrvatski planinarski savez : Jubilarni 30. pohod Dragojlinom stazom na Oki\u0107<\/h3><\/a><\/div><div class=\"news-item-ss on_news_page\"><img class='rss-image-ho' src='https:\/\/sportskahrvatska.hr\/foto-vijesti\/feedwebp\/1294_1777390900.webp'><a target='_blank' href='https:\/\/haks.hr\/2026\/04\/28\/jurisic-trijumfirao-na-otvaranju-fia-ehc-sezone-perekovic-uzeo-vazne-bodove\/'><h3 class='rss-feed-title'>Hrvatski auto i karting savez : Juri\u0161i\u0107 trijumfirao na otvaranju FIA EHC sezone, Perekovi\u0107 uzeo va\u017ene bodove<\/h3><\/a><\/div><div class=\"news-item-ss on_news_page\"><img class='rss-image-ho' src='https:\/\/sportskahrvatska.hr\/foto-vijesti\/feedwebp\/1303_1777389071.webp'><a target='_blank' href='https:\/\/hms-moto.hr\/28-04-2026-zapisnik-s-44-planske-skupstine-28-03-2026\/'><h3 class='rss-feed-title'>Hrvatski motociklisti\u010dki savez : 28.04.2026. Zapisnik s 44. planske Skup\u0161tine 28.03.2026<\/h3><\/a><\/div><div class=\"news-item-ss on_news_page\"><img class='rss-image-ho' src='https:\/\/sportskahrvatska.hr\/foto-vijesti\/feedwebp\/1423_1777388438.webp'><a target='_blank' href='https:\/\/www.facebook.com\/185646931305993\/posts\/122255398544174734'><h3 class='rss-feed-title'>Hrvatski sportski muzej \u24d5: Legenda TV ekrana u kadru<\/h3><\/a><\/div><div class=\"news-item-ss on_news_page\"><img class='rss-image-ho' src='https:\/\/sportskahrvatska.hr\/foto-vijesti\/feedwebp\/1302_1777385667.webp'><a target='_blank' href='https:\/\/www.facebook.com\/112183267917987\/posts\/984541530749769'><h3 class='rss-feed-title'>Hrvatski kugla\u010dki savez \u24d5: Rezultati dana\u0161njih pojedina\u010dnih nastupa na\u0161ih cura na MBC 2026!<\/h3><\/a><\/div><div class=\"news-item-ss on_news_page\"><img class='rss-image-ho' src='https:\/\/sportskahrvatska.hr\/images\/subjekti\/logo\/640webp\/hr-zrakoplovni-savez.webp'><a target='_blank' href='https:\/\/www.caf.hr\/l\/dp-u-kategorijama-f5j-i-f3k-zrakoplovnog-modelarstva2\/'><h3 class='rss-feed-title'>Hrvatski zrakoplovni savez : DP u kategorijama F5J i F3K zrakoplovnog modelarstva<\/h3><\/a><\/div><div class=\"news-item-ss on_news_page\"><img class='rss-image-ho' src='https:\/\/sportskahrvatska.hr\/foto-vijesti\/feedwebp\/1276_1777382047.webp'><a target='_blank' href='https:\/\/hrs.hr\/2026\/04\/28\/aktivnosti-hrs-a-odrzan-seminar-za-suce-kandidate-ehf-a\/'><h3 class='rss-feed-title'>Hrvatski rukometni savez : Aktivnosti HRS \u2013 a: Odr\u017ean seminar za suce kandidate EHF \u2013 a<\/h3><\/a><\/div><div class=\"news-item-ss on_news_page\"><img class='rss-image-ho' src='https:\/\/sportskahrvatska.hr\/foto-vijesti\/feedwebp\/1274_1777381200.webp'><a target='_blank' href='https:\/\/hns.family\/vijesti\/31048\/prodaja-ulaznica-za-finale-supersport-hnk\/'><h3 class='rss-feed-title'>Hrvatski nogometni savez : Prodaja ulaznica za finale SuperSport HNK<\/h3><\/a><\/div><div class=\"news-item-ss on_news_page\"><img class='rss-image-ho' src='https:\/\/sportskahrvatska.hr\/foto-vijesti\/feedwebp\/1255_1777381116.webp'><a target='_blank' href='https:\/\/www.has.hr\/index.php\/savez\/naslovna\/rss\/3564-cetiri-nova-drzavna-rekorda-obiljezila-vikend-natjecanja'><h3 class='rss-feed-title'>Hrvatski atletski savez : \u010cetiri nova dr\u017eavna rekorda obilje\u017eila vikend natjecanja<\/h3><\/a><\/div><div class=\"news-item-ss on_news_page\"><img class='rss-image-ho' src='https:\/\/sportskahrvatska.hr\/foto-vijesti\/feedwebp\/1292_1777380982.webp'><a target='_blank' href='https:\/\/www.facebook.com\/245539598910642\/posts\/982658007445554'><h3 class='rss-feed-title'>Hrvatski vesla\u010dki savez \u24d5: Na stranici Hrvatskog vesla\u010dkog saveza objavljen je osvrt na upravo ...<\/h3><\/a><\/div><div class=\"news-item-ss on_news_page\"><img class='rss-image-ho' src='https:\/\/sportskahrvatska.hr\/foto-vijesti\/feedwebp\/1385_1777380543.webp'><a target='_blank' href='https:\/\/www.facebook.com\/956174350904072\/posts\/122131470129116930'><h3 class='rss-feed-title'>Zajednica \u0161portskih saveza i udruga Splitsko-dalmatinske \u017eupanije \u24d5: U 83. godini \u017eivota napustio nas je Sini\u0161a Fulgosi, nekada\u0161nji igra\u010d ...<\/h3><\/a><\/div><div class=\"news-item-ss on_news_page\"><img class='rss-image-ho' src='https:\/\/sportskahrvatska.hr\/images\/subjekti\/logo\/640webp\/hr-savez-za-sportski-ribolov-na-moru.webp'><a target='_blank' href='https:\/\/www.facebook.com\/392355887476952\/posts\/1369593258343849'><h3 class='rss-feed-title'>Hrvatski savez za \u0161portski ribolov na moru \u24d5: Liste prava nastupa na Ekipnom dr\u017eavnom prvenstvu za seniore i U21, lov ...<\/h3><\/a><\/div><div class=\"news-item-ss on_news_page\"><img class='rss-image-ho' src='https:\/\/sportskahrvatska.hr\/foto-vijesti\/feedwebp\/1409_1777379719.webp'><a target='_blank' href='https:\/\/zsugv.hr\/2026\/04\/28\/tanja-turukalo-na-prvanstvu-svijeta\/'><h3 class='rss-feed-title'>Z\u0160U grada Vukovara : Tanja Turukalo na Prvanstvu svijeta<\/h3><\/a><\/div><div class=\"news-item-ss on_news_page\"><img class='rss-image-ho' src='https:\/\/sportskahrvatska.hr\/foto-vijesti\/feedwebp\/1261_1777379515.webp'><a target='_blank' href='https:\/\/boks-savez.hr\/propozicije-i-odredbe-za-36-pojedinacno-prvenstvo-hrvatske-za-seniore-i-seniorke-slavonski-brod-7-10-v-2026-prijave-za-seniorsko-ph-traju-do-ponedjeljka-4-v-2026-u-23-59-sati\/'><h3 class='rss-feed-title'>Hrvatski boksa\u010dki savez : ODREDBE I PROPOZICIJE ZA 36. POJEDINA\u010cNO PRVENSTVO HRVATSKE ZA SENIORE I SENIORKE<\/h3><\/a><\/div>\n<p>[\/et_pb_text][\/et_pb_column][\/et_pb_row][\/et_pb_section]<\/p>\n","protected":false},"excerpt":{"rendered":"<p>[et_pb_section bb_built=&#8221;1&#8243; fullwidth=&#8221;on&#8221; _builder_version=&#8221;3.20.1&#8243; next_background_color=&#8221;#000000&#8243;][et_pb_fullwidth_header title=&#8221;News&#8221; text_orientation=&#8221;center&#8221; disabled_on=&#8221;on|on|off&#8221; module_id=&#8221;main_visual&#8221; _builder_version=&#8221;3.20.1&#8243; title_font=&#8221;|600|||||||&#8221; title_text_align=&#8221;center&#8221; title_font_size=&#8221;60px&#8221; background_color=&#8221;#ffffff&#8221; background_image=&#8221;https:\/\/cro-sports.com\/wp-content\/uploads\/2019\/04\/sportske_usluge_main_img.jpg&#8221; custom_padding=&#8221;||&#8221; animation_style=&#8221;fade&#8221; \/][et_pb_fullwidth_header title=&#8221;News&#8221; text_orientation=&#8221;center&#8221; disabled_on=&#8221;off|off|on&#8221; _builder_version=&#8221;3.20.1&#8243; title_font=&#8221;|600|||||||&#8221; title_text_align=&#8221;center&#8221; title_font_size=&#8221;60px&#8221; title_font_size_tablet=&#8221;31px&#8221; title_font_size_phone=&#8221;26px&#8221; title_font_size_last_edited=&#8221;on|phone&#8221; background_color=&#8221;#ffffff&#8221; background_image=&#8221;https:\/\/cro-sports.com\/wp-content\/uploads\/2019\/04\/sportske_usluge_main_img.jpg&#8221; custom_padding=&#8221;100px||100px&#8221; animation_style=&#8221;fade&#8221; \/][\/et_pb_section][et_pb_section bb_built=&#8221;1&#8243; _builder_version=&#8221;3.20.1&#8243; custom_padding=&#8221;40px|0|66.5156px|0px|false|false&#8221; prev_background_color=&#8221;#000000&#8243;][et_pb_row custom_padding=&#8221;15px|0px|33.25px|0px|false|false&#8221; make_equal=&#8221;on&#8221; _builder_version=&#8221;3.20.1&#8243;][et_pb_column type=&#8221;4_4&#8243;][et_pb_text _builder_version=&#8221;3.20.1&#8243;] [\/et_pb_text][\/et_pb_column][\/et_pb_row][\/et_pb_section]<\/p>\n","protected":false},"author":1,"featured_media":0,"parent":0,"menu_order":0,"comment_status":"closed","ping_status":"closed","template":"","meta":{"_et_pb_use_builder":"on","_et_pb_old_content":""},"yoast_head":"<!-- This site is optimized with the Yoast SEO plugin v19.8 - https:\/\/yoast.com\/wordpress\/plugins\/seo\/ -->\n<title>Sports news | Sportska Hrvatska<\/title>\n<meta name=\"robots\" content=\"index, follow, max-snippet:-1, max-image-preview:large, max-video-preview:-1\" \/>\n<link rel=\"canonical\" href=\"https:\/\/cro-sports.com\/sportske-novosti\/\" \/>\n<meta property=\"og:locale\" content=\"en_US\" \/>\n<meta property=\"og:type\" content=\"article\" \/>\n<meta property=\"og:title\" content=\"Sports news | Sportska Hrvatska\" \/>\n<meta property=\"og:description\" content=\"[et_pb_section bb_built=&#8221;1&#8243; fullwidth=&#8221;on&#8221; _builder_version=&#8221;3.20.1&#8243; next_background_color=&#8221;#000000&#8243;][et_pb_fullwidth_header title=&#8221;News&#8221; text_orientation=&#8221;center&#8221; disabled_on=&#8221;on|on|off&#8221; module_id=&#8221;main_visual&#8221; _builder_version=&#8221;3.20.1&#8243; title_font=&#8221;|600|||||||&#8221; title_text_align=&#8221;center&#8221; title_font_size=&#8221;60px&#8221; background_color=&#8221;#ffffff&#8221; background_image=&#8221;https:\/\/cro-sports.com\/wp-content\/uploads\/2019\/04\/sportske_usluge_main_img.jpg&#8221; custom_padding=&#8221;||&#8221; animation_style=&#8221;fade&#8221; \/][et_pb_fullwidth_header title=&#8221;News&#8221; text_orientation=&#8221;center&#8221; disabled_on=&#8221;off|off|on&#8221; _builder_version=&#8221;3.20.1&#8243; title_font=&#8221;|600|||||||&#8221; title_text_align=&#8221;center&#8221; title_font_size=&#8221;60px&#8221; title_font_size_tablet=&#8221;31px&#8221; title_font_size_phone=&#8221;26px&#8221; title_font_size_last_edited=&#8221;on|phone&#8221; background_color=&#8221;#ffffff&#8221; background_image=&#8221;https:\/\/cro-sports.com\/wp-content\/uploads\/2019\/04\/sportske_usluge_main_img.jpg&#8221; custom_padding=&#8221;100px||100px&#8221; animation_style=&#8221;fade&#8221; \/][\/et_pb_section][et_pb_section bb_built=&#8221;1&#8243; _builder_version=&#8221;3.20.1&#8243; custom_padding=&#8221;40px|0|66.5156px|0px|false|false&#8221; prev_background_color=&#8221;#000000&#8243;][et_pb_row custom_padding=&#8221;15px|0px|33.25px|0px|false|false&#8221; make_equal=&#8221;on&#8221; _builder_version=&#8221;3.20.1&#8243;][et_pb_column type=&#8221;4_4&#8243;][et_pb_text _builder_version=&#8221;3.20.1&#8243;] [\/et_pb_text][\/et_pb_column][\/et_pb_row][\/et_pb_section]\" \/>\n<meta property=\"og:url\" content=\"https:\/\/cro-sports.com\/sportske-novosti\/\" \/>\n<meta property=\"og:site_name\" content=\"Sportska Hrvatska\" \/>\n<meta property=\"article:modified_time\" content=\"2022-10-19T12:18:45+00:00\" \/>\n<meta name=\"twitter:card\" content=\"summary_large_image\" \/>\n<meta name=\"twitter:label1\" content=\"Est. reading time\" \/>\n\t<meta name=\"twitter:data1\" content=\"1 minute\" \/>\n<script type=\"application\/ld+json\" class=\"yoast-schema-graph\">{\"@context\":\"https:\/\/schema.org\",\"@graph\":[{\"@type\":\"WebPage\",\"@id\":\"https:\/\/cro-sports.com\/sportske-novosti\/\",\"url\":\"https:\/\/cro-sports.com\/sportske-novosti\/\",\"name\":\"Sports news | Sportska Hrvatska\",\"isPartOf\":{\"@id\":\"https:\/\/cro-sports.com\/#website\"},\"datePublished\":\"2019-11-21T15:27:09+00:00\",\"dateModified\":\"2022-10-19T12:18:45+00:00\",\"breadcrumb\":{\"@id\":\"https:\/\/cro-sports.com\/sportske-novosti\/#breadcrumb\"},\"inLanguage\":\"en-US\",\"potentialAction\":[{\"@type\":\"ReadAction\",\"target\":[\"https:\/\/cro-sports.com\/sportske-novosti\/\"]}]},{\"@type\":\"BreadcrumbList\",\"@id\":\"https:\/\/cro-sports.com\/sportske-novosti\/#breadcrumb\",\"itemListElement\":[{\"@type\":\"ListItem\",\"position\":1,\"name\":\"Po\u010detna stranica\",\"item\":\"https:\/\/cro-sports.com\/en\/\"},{\"@type\":\"ListItem\",\"position\":2,\"name\":\"Sports news\"}]},{\"@type\":\"WebSite\",\"@id\":\"https:\/\/cro-sports.com\/#website\",\"url\":\"https:\/\/cro-sports.com\/\",\"name\":\"Sportska Hrvatska\",\"description\":\"\",\"publisher\":{\"@id\":\"https:\/\/cro-sports.com\/#organization\"},\"potentialAction\":[{\"@type\":\"SearchAction\",\"target\":{\"@type\":\"EntryPoint\",\"urlTemplate\":\"https:\/\/cro-sports.com\/?s={search_term_string}\"},\"query-input\":\"required name=search_term_string\"}],\"inLanguage\":\"en-US\"},{\"@type\":\"Organization\",\"@id\":\"https:\/\/cro-sports.com\/#organization\",\"name\":\"Cro Sports\",\"url\":\"https:\/\/cro-sports.com\/\",\"sameAs\":[],\"logo\":{\"@type\":\"ImageObject\",\"inLanguage\":\"en-US\",\"@id\":\"https:\/\/cro-sports.com\/#\/schema\/logo\/image\/\",\"url\":\"https:\/\/cro-sports.com\/wp-content\/uploads\/2019\/04\/cro_sport_logo_n.png\",\"contentUrl\":\"https:\/\/cro-sports.com\/wp-content\/uploads\/2019\/04\/cro_sport_logo_n.png\",\"width\":371,\"height\":40,\"caption\":\"Cro Sports\"},\"image\":{\"@id\":\"https:\/\/cro-sports.com\/#\/schema\/logo\/image\/\"}}]}<\/script>\n<!-- \/ Yoast SEO plugin. -->","yoast_head_json":{"title":"Sports news | Sportska Hrvatska","robots":{"index":"index","follow":"follow","max-snippet":"max-snippet:-1","max-image-preview":"max-image-preview:large","max-video-preview":"max-video-preview:-1"},"canonical":"https:\/\/cro-sports.com\/sportske-novosti\/","og_locale":"en_US","og_type":"article","og_title":"Sports news | Sportska Hrvatska","og_description":"[et_pb_section bb_built=&#8221;1&#8243; fullwidth=&#8221;on&#8221; _builder_version=&#8221;3.20.1&#8243; next_background_color=&#8221;#000000&#8243;][et_pb_fullwidth_header title=&#8221;News&#8221; text_orientation=&#8221;center&#8221; disabled_on=&#8221;on|on|off&#8221; module_id=&#8221;main_visual&#8221; _builder_version=&#8221;3.20.1&#8243; title_font=&#8221;|600|||||||&#8221; title_text_align=&#8221;center&#8221; title_font_size=&#8221;60px&#8221; background_color=&#8221;#ffffff&#8221; background_image=&#8221;https:\/\/cro-sports.com\/wp-content\/uploads\/2019\/04\/sportske_usluge_main_img.jpg&#8221; custom_padding=&#8221;||&#8221; animation_style=&#8221;fade&#8221; \/][et_pb_fullwidth_header title=&#8221;News&#8221; text_orientation=&#8221;center&#8221; disabled_on=&#8221;off|off|on&#8221; _builder_version=&#8221;3.20.1&#8243; title_font=&#8221;|600|||||||&#8221; title_text_align=&#8221;center&#8221; title_font_size=&#8221;60px&#8221; title_font_size_tablet=&#8221;31px&#8221; title_font_size_phone=&#8221;26px&#8221; title_font_size_last_edited=&#8221;on|phone&#8221; background_color=&#8221;#ffffff&#8221; background_image=&#8221;https:\/\/cro-sports.com\/wp-content\/uploads\/2019\/04\/sportske_usluge_main_img.jpg&#8221; custom_padding=&#8221;100px||100px&#8221; animation_style=&#8221;fade&#8221; \/][\/et_pb_section][et_pb_section bb_built=&#8221;1&#8243; _builder_version=&#8221;3.20.1&#8243; custom_padding=&#8221;40px|0|66.5156px|0px|false|false&#8221; prev_background_color=&#8221;#000000&#8243;][et_pb_row custom_padding=&#8221;15px|0px|33.25px|0px|false|false&#8221; make_equal=&#8221;on&#8221; _builder_version=&#8221;3.20.1&#8243;][et_pb_column type=&#8221;4_4&#8243;][et_pb_text _builder_version=&#8221;3.20.1&#8243;] [\/et_pb_text][\/et_pb_column][\/et_pb_row][\/et_pb_section]","og_url":"https:\/\/cro-sports.com\/sportske-novosti\/","og_site_name":"Sportska Hrvatska","article_modified_time":"2022-10-19T12:18:45+00:00","twitter_card":"summary_large_image","twitter_misc":{"Est. reading time":"1 minute"},"schema":{"@context":"https:\/\/schema.org","@graph":[{"@type":"WebPage","@id":"https:\/\/cro-sports.com\/sportske-novosti\/","url":"https:\/\/cro-sports.com\/sportske-novosti\/","name":"Sports news | Sportska Hrvatska","isPartOf":{"@id":"https:\/\/cro-sports.com\/#website"},"datePublished":"2019-11-21T15:27:09+00:00","dateModified":"2022-10-19T12:18:45+00:00","breadcrumb":{"@id":"https:\/\/cro-sports.com\/sportske-novosti\/#breadcrumb"},"inLanguage":"en-US","potentialAction":[{"@type":"ReadAction","target":["https:\/\/cro-sports.com\/sportske-novosti\/"]}]},{"@type":"BreadcrumbList","@id":"https:\/\/cro-sports.com\/sportske-novosti\/#breadcrumb","itemListElement":[{"@type":"ListItem","position":1,"name":"Po\u010detna stranica","item":"https:\/\/cro-sports.com\/en\/"},{"@type":"ListItem","position":2,"name":"Sports news"}]},{"@type":"WebSite","@id":"https:\/\/cro-sports.com\/#website","url":"https:\/\/cro-sports.com\/","name":"Sportska Hrvatska","description":"","publisher":{"@id":"https:\/\/cro-sports.com\/#organization"},"potentialAction":[{"@type":"SearchAction","target":{"@type":"EntryPoint","urlTemplate":"https:\/\/cro-sports.com\/?s={search_term_string}"},"query-input":"required name=search_term_string"}],"inLanguage":"en-US"},{"@type":"Organization","@id":"https:\/\/cro-sports.com\/#organization","name":"Cro Sports","url":"https:\/\/cro-sports.com\/","sameAs":[],"logo":{"@type":"ImageObject","inLanguage":"en-US","@id":"https:\/\/cro-sports.com\/#\/schema\/logo\/image\/","url":"https:\/\/cro-sports.com\/wp-content\/uploads\/2019\/04\/cro_sport_logo_n.png","contentUrl":"https:\/\/cro-sports.com\/wp-content\/uploads\/2019\/04\/cro_sport_logo_n.png","width":371,"height":40,"caption":"Cro Sports"},"image":{"@id":"https:\/\/cro-sports.com\/#\/schema\/logo\/image\/"}}]}},"_links":{"self":[{"href":"https:\/\/cro-sports.com\/en\/wp-json\/wp\/v2\/pages\/1539"}],"collection":[{"href":"https:\/\/cro-sports.com\/en\/wp-json\/wp\/v2\/pages"}],"about":[{"href":"https:\/\/cro-sports.com\/en\/wp-json\/wp\/v2\/types\/page"}],"author":[{"embeddable":true,"href":"https:\/\/cro-sports.com\/en\/wp-json\/wp\/v2\/users\/1"}],"replies":[{"embeddable":true,"href":"https:\/\/cro-sports.com\/en\/wp-json\/wp\/v2\/comments?post=1539"}],"version-history":[{"count":4,"href":"https:\/\/cro-sports.com\/en\/wp-json\/wp\/v2\/pages\/1539\/revisions"}],"predecessor-version":[{"id":2724,"href":"https:\/\/cro-sports.com\/en\/wp-json\/wp\/v2\/pages\/1539\/revisions\/2724"}],"wp:attachment":[{"href":"https:\/\/cro-sports.com\/en\/wp-json\/wp\/v2\/media?parent=1539"}],"curies":[{"name":"wp","href":"https:\/\/api.w.org\/{rel}","templated":true}]}}