{"id":2055,"date":"2022-10-10T11:47:19","date_gmt":"2022-10-10T09:47:19","guid":{"rendered":"https:\/\/cro-sports.com\/sport-nachrichten\/"},"modified":"2022-10-10T11:47:21","modified_gmt":"2022-10-10T09:47:21","slug":"sport-nachrichten","status":"publish","type":"page","link":"https:\/\/cro-sports.com\/de\/sport-nachrichten\/","title":{"rendered":"Sport Nachrichten"},"content":{"rendered":"<p>[et_pb_section bb_built=&#8220;1&#8243; fullwidth=&#8220;on&#8220; _builder_version=&#8220;3.20.1&#8243; next_background_color=&#8220;#000000&#8243;][et_pb_fullwidth_header title=&#8220;Nachrichten&#8220; text_orientation=&#8220;center&#8220; disabled_on=&#8220;on|on|off&#8220; module_id=&#8220;main_visual&#8220; _builder_version=&#8220;3.20.1&#8243; title_font=&#8220;|600|||||||&#8220; title_text_align=&#8220;center&#8220; title_font_size=&#8220;60px&#8220; background_color=&#8220;#ffffff&#8220; background_image=&#8220;https:\/\/cro-sports.com\/wp-content\/uploads\/2019\/04\/sportske_usluge_main_img.jpg&#8220; custom_padding=&#8220;||&#8220; animation_style=&#8220;fade&#8220; \/][et_pb_fullwidth_header title=&#8220;Nachrichten&#8220; text_orientation=&#8220;center&#8220; disabled_on=&#8220;off|off|on&#8220; _builder_version=&#8220;3.20.1&#8243; title_font=&#8220;|600|||||||&#8220; title_text_align=&#8220;center&#8220; title_font_size=&#8220;60px&#8220; title_font_size_tablet=&#8220;31px&#8220; title_font_size_phone=&#8220;26px&#8220; title_font_size_last_edited=&#8220;on|phone&#8220; background_color=&#8220;#ffffff&#8220; background_image=&#8220;https:\/\/cro-sports.com\/wp-content\/uploads\/2019\/04\/sportske_usluge_main_img.jpg&#8220; custom_padding=&#8220;100px||100px&#8220; animation_style=&#8220;fade&#8220; \/][\/et_pb_section][et_pb_section bb_built=&#8220;1&#8243; _builder_version=&#8220;3.20.1&#8243; custom_padding=&#8220;40px|0|66.5156px|0px|false|false&#8220; prev_background_color=&#8220;#000000&#8243;][et_pb_row custom_padding=&#8220;15px|0px|33.25px|0px|false|false&#8220; make_equal=&#8220;on&#8220; _builder_version=&#8220;3.20.1&#8243;][et_pb_column type=&#8220;4_4&#8243;][et_pb_text _builder_version=&#8220;3.20.1&#8243;]<\/p>\n<div class=\"news-item-ss on_news_page\"><img class='rss-image-ho' src='https:\/\/sportskahrvatska.hr\/foto-vijesti\/feedwebp\/1272_1776866116.webp'><a target='_blank' href='https:\/\/www.hks-cbf.hr\/premijer-zenska-liga\/2026\/najava-31-kolo-supersport-premijer-lige-cibona-i-zadar-u-drazenovom-domu-sibensko-biti-ili-ne-biti-na-gripama\/'><h3 class='rss-feed-title'>Hrvatski ko\u0161arka\u0161ki savez : Najava 31. kolo SuperSport Premijer lige: Cibona i Zadar u Dra\u017eenovom domu, \u0161ibensko biti ili ne biti na Gripama<\/h3><\/a><\/div><div class=\"news-item-ss on_news_page\"><img class='rss-image-ho' src='https:\/\/sportskahrvatska.hr\/foto-vijesti\/feedwebp\/1289_1776864940.webp'><a target='_blank' href='https:\/\/hts.hr\/fantasticni-dino-prizmic-u-dva-seta-srusio-mattea-berrettinija-u-prvom-kolu-madrida\/'><h3 class='rss-feed-title'>Hrvatski teniski savez : Fantasti\u010dni Dino Pri\u017emi\u0107 u dva seta sru\u0161io Mattea Berrettinija u prvom kolu Madrida!<\/h3><\/a><\/div><div class=\"news-item-ss on_news_page\"><img class='rss-image-ho' src='https:\/\/sportskahrvatska.hr\/foto-vijesti\/feedwebp\/1350_1776864304.webp'><a target='_blank' href='https:\/\/www.facebook.com\/111538161358308\/posts\/983807230840545'><h3 class='rss-feed-title'>Hrvatski akademski sportski savez \u24d5: Posjet Veleu\u010dili\u0161tu kriminalistike i javne sigurnosti<\/h3><\/a><\/div><div class=\"news-item-ss on_news_page\"><img class='rss-image-ho' src='https:\/\/sportskahrvatska.hr\/foto-vijesti\/feedwebp\/1417_1776863766.webp'><a target='_blank' href='https:\/\/www.zeneimediji.hr\/hrvatski-nogometni-savez-organizira-konferenciju-zene-u-nogometu\/?utm_source=rss&utm_medium=rss&utm_campaign=hrvatski-nogometni-savez-organizira-konferenciju-zene-u-nogometu'><h3 class='rss-feed-title'>\u017dene i mediji : Hrvatski nogometni savez organizira konferenciju \u00bb\u017dene u nogometu\u00ab<\/h3><\/a><\/div><div class=\"news-item-ss on_news_page\"><img class='rss-image-ho' src='https:\/\/sportskahrvatska.hr\/foto-vijesti\/feedwebp\/1269_1776863219.webp'><a target='_blank' href='https:\/\/kajak.hr\/uspjeh-cro-sup-kluba-na-domacoj-sceni\/'><h3 class='rss-feed-title'>Hrvatski kajaka\u0161ki savez : USPJEH CRO-SUP KLUBA NA DOMA\u0106OJ SCENI<\/h3><\/a><\/div><div class=\"news-item-ss on_news_page\"><img class='rss-image-ho' src='https:\/\/sportskahrvatska.hr\/foto-vijesti\/feedwebp\/1259_1776858462.webp'><a target='_blank' href='https:\/\/www.hbs.hr\/jos-jedan-odlican-nastup-mlade-mtb-xco-reprezentacije\/'><h3 class='rss-feed-title'>Hrvatski biciklisti\u010dki savez : Jo\u0161 jedan odli\u010dan nastup mlade MTB XCO reprezentacije<\/h3><\/a><\/div><div class=\"news-item-ss on_news_page\"><img class='rss-image-ho' src='https:\/\/sportskahrvatska.hr\/foto-vijesti\/feedwebp\/1294_1776855435.webp'><a target='_blank' href='https:\/\/www.facebook.com\/405768360183675\/posts\/1397101652445129'><h3 class='rss-feed-title'>Hrvatski auto i karting savez \u24d5: Pred nama je nova sezona FIA Europskog prvenstva u brdskim utrkama ...<\/h3><\/a><\/div><div class=\"news-item-ss on_news_page\"><img class='rss-image-ho' src='https:\/\/sportskahrvatska.hr\/foto-vijesti\/feedwebp\/1286_1776853429.webp'><a target='_blank' href='https:\/\/www.archery.hr\/izdvojeno\/plan-rada-reprezentacije\/elektronicka-sjednica-skupstine-glasovanje-o-prijedlogu-statuta'><h3 class='rss-feed-title'>Hrvatski streli\u010darski savez : Elektroni\u010dka sjednica Skup\u0161tine \u2013 glasovanje o prijedlogu Statuta<\/h3><\/a><\/div><div class=\"news-item-ss on_news_page\"><img class='rss-image-ho' src='https:\/\/sportskahrvatska.hr\/foto-vijesti\/feedwebp\/1410_1776852528.webp'><a target='_blank' href='https:\/\/sport-vinkovci.hr\/2026\/04\/22\/natjecatelji-sportskog-karate-kluba-ictus-vinkovci-osvojili-5-odlicja-na-kupu-vukovara-2026\/'><h3 class='rss-feed-title'>Z\u0160U grada Vinkovaca : NATJECATELJI \u0160PORTSKOG KARATE KLUBA \u00bbICTUS\u00ab VINKOVCI OSVOJILI 5 ODLI\u010cJA NA \u00bbKUPU VUKOVARA 2026.\u00ab<\/h3><\/a><\/div><div class=\"news-item-ss on_news_page\"><img class='rss-image-ho' src='https:\/\/sportskahrvatska.hr\/foto-vijesti\/feedwebp\/1394_1776852292.webp'><a target='_blank' href='https:\/\/www.facebook.com\/277999032272288\/posts\/1468119425110437'><h3 class='rss-feed-title'>Hrvatski savez ameri\u010dkog nogometa \u24d5: Okuplja se Hrvatska flag football reprezentacija!<\/h3><\/a><\/div><div class=\"news-item-ss on_news_page\"><img class='rss-image-ho' src='https:\/\/sportskahrvatska.hr\/foto-vijesti\/feedwebp\/1273_1776852057.webp'><a target='_blank' href='https:\/\/www.facebook.com\/311078809337118\/posts\/959205833485609'><h3 class='rss-feed-title'>Hrvatski ma\u010devala\u010dki savez \u24d5: Za vikend su odr\u017eana prethodno odgo\u0111ena seniorska natjecanja ...<\/h3><\/a><\/div><div class=\"news-item-ss on_news_page\"><img class='rss-image-ho' src='https:\/\/sportskahrvatska.hr\/foto-vijesti\/feedwebp\/1288_1776851706.webp'><a target='_blank' href='https:\/\/taekwondo.hr\/prof-primorac-imenovan-clanom-vijeca-etu-a\/'><h3 class='rss-feed-title'>Hrvatski taekwondo savez : Prof. Primorac imenovan \u010dlanom Vije\u0107a ETU-a<\/h3><\/a><\/div><div class=\"news-item-ss on_news_page\"><img class='rss-image-ho' src='https:\/\/sportskahrvatska.hr\/foto-vijesti\/feedwebp\/1266_1776850476.webp'><a target='_blank' href='https:\/\/www.facebook.com\/227653763927203\/posts\/1418490233655839'><h3 class='rss-feed-title'>Hrvatski hrva\u010dki savez \u24d5: Pavel Puklavec izborio borbu za bron\u010danu medalju na Europskom Prvenstvu<\/h3><\/a><\/div><div class=\"news-item-ss on_news_page\"><img class='rss-image-ho' src='https:\/\/sportskahrvatska.hr\/images\/subjekti\/logo\/640webp\/hr-bocarski-savez.webp'><a target='_blank' href='https:\/\/hrvatski-bocarski-savez.hr\/poziv-za-dostavljanje-kandidatura-za-organizaciju-volo-drzavnih-natjecanja-u-2026-godini\/'><h3 class='rss-feed-title'>Hrvatski bo\u0107arski savez : Poziv za dostavljanje kandidatura za organizaciju volo dr\u017eavnih natjecanja u 2026. godini<\/h3><\/a><\/div><div class=\"news-item-ss on_news_page\"><img class='rss-image-ho' src='https:\/\/sportskahrvatska.hr\/foto-vijesti\/feedwebp\/1392_1776848599.webp'><a target='_blank' href='https:\/\/www.facebook.com\/1389383801380055\/posts\/1608524201275112'><h3 class='rss-feed-title'>Hrvatski cheerleading savez \u24d5: ICU WORLD CHEERLEADING CHAMPIONSHIP 2026<\/h3><\/a><\/div>\n<p>[\/et_pb_text][\/et_pb_column][\/et_pb_row][\/et_pb_section]<\/p>\n","protected":false},"excerpt":{"rendered":"<p>[et_pb_section bb_built=&#8220;1&#8243; fullwidth=&#8220;on&#8220; _builder_version=&#8220;3.20.1&#8243; next_background_color=&#8220;#000000&#8243;][et_pb_fullwidth_header title=&#8220;Nachrichten&#8220; text_orientation=&#8220;center&#8220; disabled_on=&#8220;on|on|off&#8220; module_id=&#8220;main_visual&#8220; _builder_version=&#8220;3.20.1&#8243; title_font=&#8220;|600|||||||&#8220; title_text_align=&#8220;center&#8220; title_font_size=&#8220;60px&#8220; background_color=&#8220;#ffffff&#8220; background_image=&#8220;https:\/\/cro-sports.com\/wp-content\/uploads\/2019\/04\/sportske_usluge_main_img.jpg&#8220; custom_padding=&#8220;||&#8220; animation_style=&#8220;fade&#8220; \/][et_pb_fullwidth_header title=&#8220;Nachrichten&#8220; text_orientation=&#8220;center&#8220; disabled_on=&#8220;off|off|on&#8220; _builder_version=&#8220;3.20.1&#8243; title_font=&#8220;|600|||||||&#8220; title_text_align=&#8220;center&#8220; title_font_size=&#8220;60px&#8220; title_font_size_tablet=&#8220;31px&#8220; title_font_size_phone=&#8220;26px&#8220; title_font_size_last_edited=&#8220;on|phone&#8220; background_color=&#8220;#ffffff&#8220; background_image=&#8220;https:\/\/cro-sports.com\/wp-content\/uploads\/2019\/04\/sportske_usluge_main_img.jpg&#8220; custom_padding=&#8220;100px||100px&#8220; animation_style=&#8220;fade&#8220; \/][\/et_pb_section][et_pb_section bb_built=&#8220;1&#8243; _builder_version=&#8220;3.20.1&#8243; custom_padding=&#8220;40px|0|66.5156px|0px|false|false&#8220; prev_background_color=&#8220;#000000&#8243;][et_pb_row custom_padding=&#8220;15px|0px|33.25px|0px|false|false&#8220; make_equal=&#8220;on&#8220; _builder_version=&#8220;3.20.1&#8243;][et_pb_column type=&#8220;4_4&#8243;][et_pb_text _builder_version=&#8220;3.20.1&#8243;] [\/et_pb_text][\/et_pb_column][\/et_pb_row][\/et_pb_section]<\/p>\n","protected":false},"author":1,"featured_media":0,"parent":0,"menu_order":0,"comment_status":"closed","ping_status":"closed","template":"","meta":{"_et_pb_use_builder":"on","_et_pb_old_content":""},"yoast_head":"<!-- This site is optimized with the Yoast SEO plugin v19.8 - https:\/\/yoast.com\/wordpress\/plugins\/seo\/ -->\n<title>Sport Nachrichten | Sportska Hrvatska<\/title>\n<meta name=\"robots\" content=\"index, follow, max-snippet:-1, max-image-preview:large, max-video-preview:-1\" \/>\n<link rel=\"canonical\" href=\"https:\/\/cro-sports.com\/de\/sport-nachrichten\/\" \/>\n<meta property=\"og:locale\" content=\"de_DE\" \/>\n<meta property=\"og:type\" content=\"article\" \/>\n<meta property=\"og:title\" content=\"Sport Nachrichten | Sportska Hrvatska\" \/>\n<meta property=\"og:description\" content=\"[et_pb_section bb_built=&#8220;1&#8243; fullwidth=&#8220;on&#8220; _builder_version=&#8220;3.20.1&#8243; next_background_color=&#8220;#000000&#8243;][et_pb_fullwidth_header title=&#8220;Nachrichten&#8220; text_orientation=&#8220;center&#8220; disabled_on=&#8220;on|on|off&#8220; module_id=&#8220;main_visual&#8220; _builder_version=&#8220;3.20.1&#8243; title_font=&#8220;|600|||||||&#8220; title_text_align=&#8220;center&#8220; title_font_size=&#8220;60px&#8220; background_color=&#8220;#ffffff&#8220; background_image=&#8220;https:\/\/cro-sports.com\/wp-content\/uploads\/2019\/04\/sportske_usluge_main_img.jpg&#8220; custom_padding=&#8220;||&#8220; animation_style=&#8220;fade&#8220; \/][et_pb_fullwidth_header title=&#8220;Nachrichten&#8220; text_orientation=&#8220;center&#8220; disabled_on=&#8220;off|off|on&#8220; _builder_version=&#8220;3.20.1&#8243; title_font=&#8220;|600|||||||&#8220; title_text_align=&#8220;center&#8220; title_font_size=&#8220;60px&#8220; title_font_size_tablet=&#8220;31px&#8220; title_font_size_phone=&#8220;26px&#8220; title_font_size_last_edited=&#8220;on|phone&#8220; background_color=&#8220;#ffffff&#8220; background_image=&#8220;https:\/\/cro-sports.com\/wp-content\/uploads\/2019\/04\/sportske_usluge_main_img.jpg&#8220; custom_padding=&#8220;100px||100px&#8220; animation_style=&#8220;fade&#8220; \/][\/et_pb_section][et_pb_section bb_built=&#8220;1&#8243; _builder_version=&#8220;3.20.1&#8243; custom_padding=&#8220;40px|0|66.5156px|0px|false|false&#8220; prev_background_color=&#8220;#000000&#8243;][et_pb_row custom_padding=&#8220;15px|0px|33.25px|0px|false|false&#8220; make_equal=&#8220;on&#8220; _builder_version=&#8220;3.20.1&#8243;][et_pb_column type=&#8220;4_4&#8243;][et_pb_text _builder_version=&#8220;3.20.1&#8243;] [\/et_pb_text][\/et_pb_column][\/et_pb_row][\/et_pb_section]\" \/>\n<meta property=\"og:url\" content=\"https:\/\/cro-sports.com\/de\/sport-nachrichten\/\" \/>\n<meta property=\"og:site_name\" content=\"Sportska Hrvatska\" \/>\n<meta property=\"article:modified_time\" content=\"2022-10-10T09:47:21+00:00\" \/>\n<meta name=\"twitter:card\" content=\"summary_large_image\" \/>\n<meta name=\"twitter:label1\" content=\"Est. reading time\" \/>\n\t<meta name=\"twitter:data1\" content=\"1 Minute\" \/>\n<script type=\"application\/ld+json\" class=\"yoast-schema-graph\">{\"@context\":\"https:\/\/schema.org\",\"@graph\":[{\"@type\":\"WebPage\",\"@id\":\"https:\/\/cro-sports.com\/de\/sport-nachrichten\/\",\"url\":\"https:\/\/cro-sports.com\/de\/sport-nachrichten\/\",\"name\":\"Sport Nachrichten | Sportska Hrvatska\",\"isPartOf\":{\"@id\":\"https:\/\/cro-sports.com\/#website\"},\"datePublished\":\"2022-10-10T09:47:19+00:00\",\"dateModified\":\"2022-10-10T09:47:21+00:00\",\"breadcrumb\":{\"@id\":\"https:\/\/cro-sports.com\/de\/sport-nachrichten\/#breadcrumb\"},\"inLanguage\":\"de-DE\",\"potentialAction\":[{\"@type\":\"ReadAction\",\"target\":[\"https:\/\/cro-sports.com\/de\/sport-nachrichten\/\"]}]},{\"@type\":\"BreadcrumbList\",\"@id\":\"https:\/\/cro-sports.com\/de\/sport-nachrichten\/#breadcrumb\",\"itemListElement\":[{\"@type\":\"ListItem\",\"position\":1,\"name\":\"Po\u010detna stranica\",\"item\":\"https:\/\/cro-sports.com\/\"},{\"@type\":\"ListItem\",\"position\":2,\"name\":\"Sport Nachrichten\"}]},{\"@type\":\"WebSite\",\"@id\":\"https:\/\/cro-sports.com\/#website\",\"url\":\"https:\/\/cro-sports.com\/\",\"name\":\"Sportska Hrvatska\",\"description\":\"\",\"publisher\":{\"@id\":\"https:\/\/cro-sports.com\/#organization\"},\"potentialAction\":[{\"@type\":\"SearchAction\",\"target\":{\"@type\":\"EntryPoint\",\"urlTemplate\":\"https:\/\/cro-sports.com\/?s={search_term_string}\"},\"query-input\":\"required name=search_term_string\"}],\"inLanguage\":\"de-DE\"},{\"@type\":\"Organization\",\"@id\":\"https:\/\/cro-sports.com\/#organization\",\"name\":\"Cro Sports\",\"url\":\"https:\/\/cro-sports.com\/\",\"sameAs\":[],\"logo\":{\"@type\":\"ImageObject\",\"inLanguage\":\"de-DE\",\"@id\":\"https:\/\/cro-sports.com\/#\/schema\/logo\/image\/\",\"url\":\"https:\/\/cro-sports.com\/wp-content\/uploads\/2019\/04\/cro_sport_logo_n.png\",\"contentUrl\":\"https:\/\/cro-sports.com\/wp-content\/uploads\/2019\/04\/cro_sport_logo_n.png\",\"width\":371,\"height\":40,\"caption\":\"Cro Sports\"},\"image\":{\"@id\":\"https:\/\/cro-sports.com\/#\/schema\/logo\/image\/\"}}]}<\/script>\n<!-- \/ Yoast SEO plugin. -->","yoast_head_json":{"title":"Sport Nachrichten | Sportska Hrvatska","robots":{"index":"index","follow":"follow","max-snippet":"max-snippet:-1","max-image-preview":"max-image-preview:large","max-video-preview":"max-video-preview:-1"},"canonical":"https:\/\/cro-sports.com\/de\/sport-nachrichten\/","og_locale":"de_DE","og_type":"article","og_title":"Sport Nachrichten | Sportska Hrvatska","og_description":"[et_pb_section bb_built=&#8220;1&#8243; fullwidth=&#8220;on&#8220; _builder_version=&#8220;3.20.1&#8243; next_background_color=&#8220;#000000&#8243;][et_pb_fullwidth_header title=&#8220;Nachrichten&#8220; text_orientation=&#8220;center&#8220; disabled_on=&#8220;on|on|off&#8220; module_id=&#8220;main_visual&#8220; _builder_version=&#8220;3.20.1&#8243; title_font=&#8220;|600|||||||&#8220; title_text_align=&#8220;center&#8220; title_font_size=&#8220;60px&#8220; background_color=&#8220;#ffffff&#8220; background_image=&#8220;https:\/\/cro-sports.com\/wp-content\/uploads\/2019\/04\/sportske_usluge_main_img.jpg&#8220; custom_padding=&#8220;||&#8220; animation_style=&#8220;fade&#8220; \/][et_pb_fullwidth_header title=&#8220;Nachrichten&#8220; text_orientation=&#8220;center&#8220; disabled_on=&#8220;off|off|on&#8220; _builder_version=&#8220;3.20.1&#8243; title_font=&#8220;|600|||||||&#8220; title_text_align=&#8220;center&#8220; title_font_size=&#8220;60px&#8220; title_font_size_tablet=&#8220;31px&#8220; title_font_size_phone=&#8220;26px&#8220; title_font_size_last_edited=&#8220;on|phone&#8220; background_color=&#8220;#ffffff&#8220; background_image=&#8220;https:\/\/cro-sports.com\/wp-content\/uploads\/2019\/04\/sportske_usluge_main_img.jpg&#8220; custom_padding=&#8220;100px||100px&#8220; animation_style=&#8220;fade&#8220; \/][\/et_pb_section][et_pb_section bb_built=&#8220;1&#8243; _builder_version=&#8220;3.20.1&#8243; custom_padding=&#8220;40px|0|66.5156px|0px|false|false&#8220; prev_background_color=&#8220;#000000&#8243;][et_pb_row custom_padding=&#8220;15px|0px|33.25px|0px|false|false&#8220; make_equal=&#8220;on&#8220; _builder_version=&#8220;3.20.1&#8243;][et_pb_column type=&#8220;4_4&#8243;][et_pb_text _builder_version=&#8220;3.20.1&#8243;] [\/et_pb_text][\/et_pb_column][\/et_pb_row][\/et_pb_section]","og_url":"https:\/\/cro-sports.com\/de\/sport-nachrichten\/","og_site_name":"Sportska Hrvatska","article_modified_time":"2022-10-10T09:47:21+00:00","twitter_card":"summary_large_image","twitter_misc":{"Est. reading time":"1 Minute"},"schema":{"@context":"https:\/\/schema.org","@graph":[{"@type":"WebPage","@id":"https:\/\/cro-sports.com\/de\/sport-nachrichten\/","url":"https:\/\/cro-sports.com\/de\/sport-nachrichten\/","name":"Sport Nachrichten | Sportska Hrvatska","isPartOf":{"@id":"https:\/\/cro-sports.com\/#website"},"datePublished":"2022-10-10T09:47:19+00:00","dateModified":"2022-10-10T09:47:21+00:00","breadcrumb":{"@id":"https:\/\/cro-sports.com\/de\/sport-nachrichten\/#breadcrumb"},"inLanguage":"de-DE","potentialAction":[{"@type":"ReadAction","target":["https:\/\/cro-sports.com\/de\/sport-nachrichten\/"]}]},{"@type":"BreadcrumbList","@id":"https:\/\/cro-sports.com\/de\/sport-nachrichten\/#breadcrumb","itemListElement":[{"@type":"ListItem","position":1,"name":"Po\u010detna stranica","item":"https:\/\/cro-sports.com\/"},{"@type":"ListItem","position":2,"name":"Sport Nachrichten"}]},{"@type":"WebSite","@id":"https:\/\/cro-sports.com\/#website","url":"https:\/\/cro-sports.com\/","name":"Sportska Hrvatska","description":"","publisher":{"@id":"https:\/\/cro-sports.com\/#organization"},"potentialAction":[{"@type":"SearchAction","target":{"@type":"EntryPoint","urlTemplate":"https:\/\/cro-sports.com\/?s={search_term_string}"},"query-input":"required name=search_term_string"}],"inLanguage":"de-DE"},{"@type":"Organization","@id":"https:\/\/cro-sports.com\/#organization","name":"Cro Sports","url":"https:\/\/cro-sports.com\/","sameAs":[],"logo":{"@type":"ImageObject","inLanguage":"de-DE","@id":"https:\/\/cro-sports.com\/#\/schema\/logo\/image\/","url":"https:\/\/cro-sports.com\/wp-content\/uploads\/2019\/04\/cro_sport_logo_n.png","contentUrl":"https:\/\/cro-sports.com\/wp-content\/uploads\/2019\/04\/cro_sport_logo_n.png","width":371,"height":40,"caption":"Cro Sports"},"image":{"@id":"https:\/\/cro-sports.com\/#\/schema\/logo\/image\/"}}]}},"_links":{"self":[{"href":"https:\/\/cro-sports.com\/de\/wp-json\/wp\/v2\/pages\/2055"}],"collection":[{"href":"https:\/\/cro-sports.com\/de\/wp-json\/wp\/v2\/pages"}],"about":[{"href":"https:\/\/cro-sports.com\/de\/wp-json\/wp\/v2\/types\/page"}],"author":[{"embeddable":true,"href":"https:\/\/cro-sports.com\/de\/wp-json\/wp\/v2\/users\/1"}],"replies":[{"embeddable":true,"href":"https:\/\/cro-sports.com\/de\/wp-json\/wp\/v2\/comments?post=2055"}],"version-history":[{"count":2,"href":"https:\/\/cro-sports.com\/de\/wp-json\/wp\/v2\/pages\/2055\/revisions"}],"predecessor-version":[{"id":2057,"href":"https:\/\/cro-sports.com\/de\/wp-json\/wp\/v2\/pages\/2055\/revisions\/2057"}],"wp:attachment":[{"href":"https:\/\/cro-sports.com\/de\/wp-json\/wp\/v2\/media?parent=2055"}],"curies":[{"name":"wp","href":"https:\/\/api.w.org\/{rel}","templated":true}]}}