{"id":2040,"date":"2022-10-10T11:37:16","date_gmt":"2022-10-10T09:37:16","guid":{"rendered":"https:\/\/cro-sports.com\/ueber-das-projekt\/"},"modified":"2022-10-10T11:37:16","modified_gmt":"2022-10-10T09:37:16","slug":"ueber-das-projekt","status":"publish","type":"page","link":"https:\/\/cro-sports.com\/de\/ueber-uns\/ueber-das-projekt\/","title":{"rendered":"\u00dcber das Projekt"},"content":{"rendered":"<p>[et_pb_section bb_built=&#8220;1&#8243; fullwidth=&#8220;on&#8220; _builder_version=&#8220;3.20.1&#8243; next_background_color=&#8220;#000000&#8243;][et_pb_fullwidth_header text_orientation=&#8220;center&#8220; disabled_on=&#8220;on|on|off&#8220; module_id=&#8220;main_visual&#8220; _builder_version=&#8220;3.20.1&#8243; title_font=&#8220;|600|||||||&#8220; title_text_align=&#8220;center&#8220; title_font_size=&#8220;60px&#8220; background_color=&#8220;#ffffff&#8220; background_image=&#8220;https:\/\/cro-sports.com\/wp-content\/uploads\/2019\/04\/sportske_usluge_main_img.jpg&#8220; custom_padding=&#8220;||&#8220; animation_style=&#8220;fade&#8220; animation_delay=&#8220;20ms&#8220; title=&#8220;\u00dcber das Projekt&#8220; \/][et_pb_fullwidth_header text_orientation=&#8220;center&#8220; disabled_on=&#8220;off|off|on&#8220; _builder_version=&#8220;3.20.1&#8243; title_font=&#8220;|600|||||||&#8220; title_text_align=&#8220;center&#8220; title_font_size=&#8220;60px&#8220; title_font_size_tablet=&#8220;31px&#8220; title_font_size_phone=&#8220;26px&#8220; title_font_size_last_edited=&#8220;on|phone&#8220; background_color=&#8220;#ffffff&#8220; background_image=&#8220;https:\/\/cro-sports.com\/wp-content\/uploads\/2019\/04\/sportske_usluge_main_img.jpg&#8220; custom_padding=&#8220;100px||100px&#8220; animation_style=&#8220;fade&#8220; animation_delay=&#8220;20ms&#8220; title=&#8220;\u00dcber das Projekt&#8220; \/][\/et_pb_section][et_pb_section bb_built=&#8220;1&#8243; _builder_version=&#8220;3.20.1&#8243; custom_padding=&#8220;40px|0|66.5156px|0px|false|false&#8220; prev_background_color=&#8220;#000000&#8243;][et_pb_row custom_padding=&#8220;15px|0px|0|0px|false|false&#8220; _builder_version=&#8220;3.20.1&#8243;][et_pb_column type=&#8220;4_4&#8243;][et_pb_text _builder_version=&#8220;3.20.1&#8243; header_font=&#8220;||||||||&#8220; header_2_font=&#8220;|700|||||||&#8220; header_2_text_color=&#8220;#ee334e&#8220; header_2_font_size=&#8220;40px&#8220; header_2_font_size_tablet=&#8220;36px&#8220; header_2_font_size_phone=&#8220;30px&#8220; header_2_font_size_last_edited=&#8220;on|phone&#8220; \/][\/et_pb_column][\/et_pb_row][et_pb_row custom_padding=&#8220;15px|0px|33.25px|0px|false|false&#8220; make_equal=&#8220;on&#8220; _builder_version=&#8220;3.20.1&#8243;][et_pb_column type=&#8220;3_5&#8243;][et_pb_text _builder_version=&#8220;3.20.1&#8243;]<\/p>\n<p>Das Hauptaugenmerk des Projekts Kroatien &#8211; Gro\u00dfes Sportland liegt auf der Pr\u00e4sentation Kroatiens als ideales Sporttourismusziel, was die Schaffung neuer M\u00f6glichkeiten f\u00fcr eine intensivere Nutzung der Sport- und Beherbergungsinfrastruktur sowie anderer verf\u00fcgbarer Sporteinrichtungen beinhaltet.<\/p>\n<p>Unser Ziel ist es, die kreative Energie aller an der Entwicklung des Tourismus und des Sports in Kroatien beteiligten Faktoren durch verschiedene Sportwettbewerbe, Veranstaltungen und andere sportbezogene Programme zu b\u00fcndeln. <\/p>\n<p>[\/et_pb_text][\/et_pb_column][et_pb_column type=&#8220;2_5&#8243;][et_pb_image _builder_version=&#8220;3.20.1&#8243; src=&#8220;https:\/\/cro-sports.com\/wp-content\/uploads\/2019\/04\/cro_sport_logo_n.png&#8220; module_class=&#8220;vertical_align_middle no-abs&#8220; \/][\/et_pb_column][\/et_pb_row][\/et_pb_section]<\/p>\n","protected":false},"excerpt":{"rendered":"<p>[et_pb_section bb_built=&#8220;1&#8243; fullwidth=&#8220;on&#8220; _builder_version=&#8220;3.20.1&#8243; next_background_color=&#8220;#000000&#8243;][et_pb_fullwidth_header text_orientation=&#8220;center&#8220; disabled_on=&#8220;on|on|off&#8220; module_id=&#8220;main_visual&#8220; _builder_version=&#8220;3.20.1&#8243; title_font=&#8220;|600|||||||&#8220; title_text_align=&#8220;center&#8220; title_font_size=&#8220;60px&#8220; background_color=&#8220;#ffffff&#8220; background_image=&#8220;https:\/\/cro-sports.com\/wp-content\/uploads\/2019\/04\/sportske_usluge_main_img.jpg&#8220; custom_padding=&#8220;||&#8220; animation_style=&#8220;fade&#8220; animation_delay=&#8220;20ms&#8220; title=&#8220;\u00dcber das Projekt&#8220; \/][et_pb_fullwidth_header text_orientation=&#8220;center&#8220; disabled_on=&#8220;off|off|on&#8220; _builder_version=&#8220;3.20.1&#8243; title_font=&#8220;|600|||||||&#8220; title_text_align=&#8220;center&#8220; title_font_size=&#8220;60px&#8220; title_font_size_tablet=&#8220;31px&#8220; title_font_size_phone=&#8220;26px&#8220; title_font_size_last_edited=&#8220;on|phone&#8220; background_color=&#8220;#ffffff&#8220; background_image=&#8220;https:\/\/cro-sports.com\/wp-content\/uploads\/2019\/04\/sportske_usluge_main_img.jpg&#8220; custom_padding=&#8220;100px||100px&#8220; animation_style=&#8220;fade&#8220; animation_delay=&#8220;20ms&#8220; title=&#8220;\u00dcber das Projekt&#8220; \/][\/et_pb_section][et_pb_section bb_built=&#8220;1&#8243; _builder_version=&#8220;3.20.1&#8243; custom_padding=&#8220;40px|0|66.5156px|0px|false|false&#8220; prev_background_color=&#8220;#000000&#8243;][et_pb_row custom_padding=&#8220;15px|0px|0|0px|false|false&#8220; _builder_version=&#8220;3.20.1&#8243;][et_pb_column type=&#8220;4_4&#8243;][et_pb_text _builder_version=&#8220;3.20.1&#8243; header_font=&#8220;||||||||&#8220; header_2_font=&#8220;|700|||||||&#8220; header_2_text_color=&#8220;#ee334e&#8220; header_2_font_size=&#8220;40px&#8220; header_2_font_size_tablet=&#8220;36px&#8220; header_2_font_size_phone=&#8220;30px&#8220; header_2_font_size_last_edited=&#8220;on|phone&#8220; \/][\/et_pb_column][\/et_pb_row][et_pb_row [&hellip;]<\/p>\n","protected":false},"author":1,"featured_media":0,"parent":2045,"menu_order":0,"comment_status":"closed","ping_status":"closed","template":"","meta":{"_et_pb_use_builder":"on","_et_pb_old_content":""},"yoast_head":"<!-- This site is optimized with the Yoast SEO plugin v19.8 - https:\/\/yoast.com\/wordpress\/plugins\/seo\/ -->\n<title>\u00dcber das Projekt | Sportska Hrvatska<\/title>\n<meta name=\"robots\" content=\"index, follow, max-snippet:-1, max-image-preview:large, max-video-preview:-1\" \/>\n<link rel=\"canonical\" href=\"https:\/\/cro-sports.com\/de\/ueber-uns\/ueber-das-projekt\/\" \/>\n<meta property=\"og:locale\" content=\"de_DE\" \/>\n<meta property=\"og:type\" content=\"article\" \/>\n<meta property=\"og:title\" content=\"\u00dcber das Projekt | Sportska Hrvatska\" \/>\n<meta property=\"og:description\" content=\"[et_pb_section bb_built=&#8220;1&#8243; fullwidth=&#8220;on&#8220; _builder_version=&#8220;3.20.1&#8243; next_background_color=&#8220;#000000&#8243;][et_pb_fullwidth_header text_orientation=&#8220;center&#8220; disabled_on=&#8220;on|on|off&#8220; module_id=&#8220;main_visual&#8220; _builder_version=&#8220;3.20.1&#8243; title_font=&#8220;|600|||||||&#8220; title_text_align=&#8220;center&#8220; title_font_size=&#8220;60px&#8220; background_color=&#8220;#ffffff&#8220; background_image=&#8220;https:\/\/cro-sports.com\/wp-content\/uploads\/2019\/04\/sportske_usluge_main_img.jpg&#8220; custom_padding=&#8220;||&#8220; animation_style=&#8220;fade&#8220; animation_delay=&#8220;20ms&#8220; title=&#8220;\u00dcber das Projekt&#8220; \/][et_pb_fullwidth_header text_orientation=&#8220;center&#8220; disabled_on=&#8220;off|off|on&#8220; _builder_version=&#8220;3.20.1&#8243; title_font=&#8220;|600|||||||&#8220; title_text_align=&#8220;center&#8220; title_font_size=&#8220;60px&#8220; title_font_size_tablet=&#8220;31px&#8220; title_font_size_phone=&#8220;26px&#8220; title_font_size_last_edited=&#8220;on|phone&#8220; background_color=&#8220;#ffffff&#8220; background_image=&#8220;https:\/\/cro-sports.com\/wp-content\/uploads\/2019\/04\/sportske_usluge_main_img.jpg&#8220; custom_padding=&#8220;100px||100px&#8220; animation_style=&#8220;fade&#8220; animation_delay=&#8220;20ms&#8220; title=&#8220;\u00dcber das Projekt&#8220; \/][\/et_pb_section][et_pb_section bb_built=&#8220;1&#8243; _builder_version=&#8220;3.20.1&#8243; custom_padding=&#8220;40px|0|66.5156px|0px|false|false&#8220; prev_background_color=&#8220;#000000&#8243;][et_pb_row custom_padding=&#8220;15px|0px|0|0px|false|false&#8220; _builder_version=&#8220;3.20.1&#8243;][et_pb_column type=&#8220;4_4&#8243;][et_pb_text _builder_version=&#8220;3.20.1&#8243; header_font=&#8220;||||||||&#8220; header_2_font=&#8220;|700|||||||&#8220; header_2_text_color=&#8220;#ee334e&#8220; header_2_font_size=&#8220;40px&#8220; header_2_font_size_tablet=&#8220;36px&#8220; header_2_font_size_phone=&#8220;30px&#8220; header_2_font_size_last_edited=&#8220;on|phone&#8220; \/][\/et_pb_column][\/et_pb_row][et_pb_row [&hellip;]\" \/>\n<meta property=\"og:url\" content=\"https:\/\/cro-sports.com\/de\/ueber-uns\/ueber-das-projekt\/\" \/>\n<meta property=\"og:site_name\" content=\"Sportska Hrvatska\" \/>\n<meta name=\"twitter:card\" content=\"summary_large_image\" \/>\n<meta name=\"twitter:label1\" content=\"Est. reading time\" \/>\n\t<meta name=\"twitter:data1\" content=\"2 Minuten\" \/>\n<script type=\"application\/ld+json\" class=\"yoast-schema-graph\">{\"@context\":\"https:\/\/schema.org\",\"@graph\":[{\"@type\":\"WebPage\",\"@id\":\"https:\/\/cro-sports.com\/de\/ueber-uns\/ueber-das-projekt\/\",\"url\":\"https:\/\/cro-sports.com\/de\/ueber-uns\/ueber-das-projekt\/\",\"name\":\"\u00dcber das Projekt | Sportska Hrvatska\",\"isPartOf\":{\"@id\":\"https:\/\/cro-sports.com\/#website\"},\"datePublished\":\"2022-10-10T09:37:16+00:00\",\"dateModified\":\"2022-10-10T09:37:16+00:00\",\"breadcrumb\":{\"@id\":\"https:\/\/cro-sports.com\/de\/ueber-uns\/ueber-das-projekt\/#breadcrumb\"},\"inLanguage\":\"de-DE\",\"potentialAction\":[{\"@type\":\"ReadAction\",\"target\":[\"https:\/\/cro-sports.com\/de\/ueber-uns\/ueber-das-projekt\/\"]}]},{\"@type\":\"BreadcrumbList\",\"@id\":\"https:\/\/cro-sports.com\/de\/ueber-uns\/ueber-das-projekt\/#breadcrumb\",\"itemListElement\":[{\"@type\":\"ListItem\",\"position\":1,\"name\":\"Po\u010detna stranica\",\"item\":\"https:\/\/cro-sports.com\/\"},{\"@type\":\"ListItem\",\"position\":2,\"name\":\"\u00dcber uns\",\"item\":\"https:\/\/cro-sports.com\/de\/ueber-uns\/\"},{\"@type\":\"ListItem\",\"position\":3,\"name\":\"\u00dcber das Projekt\"}]},{\"@type\":\"WebSite\",\"@id\":\"https:\/\/cro-sports.com\/#website\",\"url\":\"https:\/\/cro-sports.com\/\",\"name\":\"Sportska Hrvatska\",\"description\":\"\",\"publisher\":{\"@id\":\"https:\/\/cro-sports.com\/#organization\"},\"potentialAction\":[{\"@type\":\"SearchAction\",\"target\":{\"@type\":\"EntryPoint\",\"urlTemplate\":\"https:\/\/cro-sports.com\/?s={search_term_string}\"},\"query-input\":\"required name=search_term_string\"}],\"inLanguage\":\"de-DE\"},{\"@type\":\"Organization\",\"@id\":\"https:\/\/cro-sports.com\/#organization\",\"name\":\"Cro Sports\",\"url\":\"https:\/\/cro-sports.com\/\",\"sameAs\":[],\"logo\":{\"@type\":\"ImageObject\",\"inLanguage\":\"de-DE\",\"@id\":\"https:\/\/cro-sports.com\/#\/schema\/logo\/image\/\",\"url\":\"https:\/\/cro-sports.com\/wp-content\/uploads\/2019\/04\/cro_sport_logo_n.png\",\"contentUrl\":\"https:\/\/cro-sports.com\/wp-content\/uploads\/2019\/04\/cro_sport_logo_n.png\",\"width\":371,\"height\":40,\"caption\":\"Cro Sports\"},\"image\":{\"@id\":\"https:\/\/cro-sports.com\/#\/schema\/logo\/image\/\"}}]}<\/script>\n<!-- \/ Yoast SEO plugin. -->","yoast_head_json":{"title":"\u00dcber das Projekt | Sportska Hrvatska","robots":{"index":"index","follow":"follow","max-snippet":"max-snippet:-1","max-image-preview":"max-image-preview:large","max-video-preview":"max-video-preview:-1"},"canonical":"https:\/\/cro-sports.com\/de\/ueber-uns\/ueber-das-projekt\/","og_locale":"de_DE","og_type":"article","og_title":"\u00dcber das Projekt | Sportska Hrvatska","og_description":"[et_pb_section bb_built=&#8220;1&#8243; fullwidth=&#8220;on&#8220; _builder_version=&#8220;3.20.1&#8243; next_background_color=&#8220;#000000&#8243;][et_pb_fullwidth_header text_orientation=&#8220;center&#8220; disabled_on=&#8220;on|on|off&#8220; module_id=&#8220;main_visual&#8220; _builder_version=&#8220;3.20.1&#8243; title_font=&#8220;|600|||||||&#8220; title_text_align=&#8220;center&#8220; title_font_size=&#8220;60px&#8220; background_color=&#8220;#ffffff&#8220; background_image=&#8220;https:\/\/cro-sports.com\/wp-content\/uploads\/2019\/04\/sportske_usluge_main_img.jpg&#8220; custom_padding=&#8220;||&#8220; animation_style=&#8220;fade&#8220; animation_delay=&#8220;20ms&#8220; title=&#8220;\u00dcber das Projekt&#8220; \/][et_pb_fullwidth_header text_orientation=&#8220;center&#8220; disabled_on=&#8220;off|off|on&#8220; _builder_version=&#8220;3.20.1&#8243; title_font=&#8220;|600|||||||&#8220; title_text_align=&#8220;center&#8220; title_font_size=&#8220;60px&#8220; title_font_size_tablet=&#8220;31px&#8220; title_font_size_phone=&#8220;26px&#8220; title_font_size_last_edited=&#8220;on|phone&#8220; background_color=&#8220;#ffffff&#8220; background_image=&#8220;https:\/\/cro-sports.com\/wp-content\/uploads\/2019\/04\/sportske_usluge_main_img.jpg&#8220; custom_padding=&#8220;100px||100px&#8220; animation_style=&#8220;fade&#8220; animation_delay=&#8220;20ms&#8220; title=&#8220;\u00dcber das Projekt&#8220; \/][\/et_pb_section][et_pb_section bb_built=&#8220;1&#8243; _builder_version=&#8220;3.20.1&#8243; custom_padding=&#8220;40px|0|66.5156px|0px|false|false&#8220; prev_background_color=&#8220;#000000&#8243;][et_pb_row custom_padding=&#8220;15px|0px|0|0px|false|false&#8220; _builder_version=&#8220;3.20.1&#8243;][et_pb_column type=&#8220;4_4&#8243;][et_pb_text _builder_version=&#8220;3.20.1&#8243; header_font=&#8220;||||||||&#8220; header_2_font=&#8220;|700|||||||&#8220; header_2_text_color=&#8220;#ee334e&#8220; header_2_font_size=&#8220;40px&#8220; header_2_font_size_tablet=&#8220;36px&#8220; header_2_font_size_phone=&#8220;30px&#8220; header_2_font_size_last_edited=&#8220;on|phone&#8220; \/][\/et_pb_column][\/et_pb_row][et_pb_row [&hellip;]","og_url":"https:\/\/cro-sports.com\/de\/ueber-uns\/ueber-das-projekt\/","og_site_name":"Sportska Hrvatska","twitter_card":"summary_large_image","twitter_misc":{"Est. reading time":"2 Minuten"},"schema":{"@context":"https:\/\/schema.org","@graph":[{"@type":"WebPage","@id":"https:\/\/cro-sports.com\/de\/ueber-uns\/ueber-das-projekt\/","url":"https:\/\/cro-sports.com\/de\/ueber-uns\/ueber-das-projekt\/","name":"\u00dcber das Projekt | Sportska Hrvatska","isPartOf":{"@id":"https:\/\/cro-sports.com\/#website"},"datePublished":"2022-10-10T09:37:16+00:00","dateModified":"2022-10-10T09:37:16+00:00","breadcrumb":{"@id":"https:\/\/cro-sports.com\/de\/ueber-uns\/ueber-das-projekt\/#breadcrumb"},"inLanguage":"de-DE","potentialAction":[{"@type":"ReadAction","target":["https:\/\/cro-sports.com\/de\/ueber-uns\/ueber-das-projekt\/"]}]},{"@type":"BreadcrumbList","@id":"https:\/\/cro-sports.com\/de\/ueber-uns\/ueber-das-projekt\/#breadcrumb","itemListElement":[{"@type":"ListItem","position":1,"name":"Po\u010detna stranica","item":"https:\/\/cro-sports.com\/"},{"@type":"ListItem","position":2,"name":"\u00dcber uns","item":"https:\/\/cro-sports.com\/de\/ueber-uns\/"},{"@type":"ListItem","position":3,"name":"\u00dcber das Projekt"}]},{"@type":"WebSite","@id":"https:\/\/cro-sports.com\/#website","url":"https:\/\/cro-sports.com\/","name":"Sportska Hrvatska","description":"","publisher":{"@id":"https:\/\/cro-sports.com\/#organization"},"potentialAction":[{"@type":"SearchAction","target":{"@type":"EntryPoint","urlTemplate":"https:\/\/cro-sports.com\/?s={search_term_string}"},"query-input":"required name=search_term_string"}],"inLanguage":"de-DE"},{"@type":"Organization","@id":"https:\/\/cro-sports.com\/#organization","name":"Cro Sports","url":"https:\/\/cro-sports.com\/","sameAs":[],"logo":{"@type":"ImageObject","inLanguage":"de-DE","@id":"https:\/\/cro-sports.com\/#\/schema\/logo\/image\/","url":"https:\/\/cro-sports.com\/wp-content\/uploads\/2019\/04\/cro_sport_logo_n.png","contentUrl":"https:\/\/cro-sports.com\/wp-content\/uploads\/2019\/04\/cro_sport_logo_n.png","width":371,"height":40,"caption":"Cro Sports"},"image":{"@id":"https:\/\/cro-sports.com\/#\/schema\/logo\/image\/"}}]}},"_links":{"self":[{"href":"https:\/\/cro-sports.com\/de\/wp-json\/wp\/v2\/pages\/2040"}],"collection":[{"href":"https:\/\/cro-sports.com\/de\/wp-json\/wp\/v2\/pages"}],"about":[{"href":"https:\/\/cro-sports.com\/de\/wp-json\/wp\/v2\/types\/page"}],"author":[{"embeddable":true,"href":"https:\/\/cro-sports.com\/de\/wp-json\/wp\/v2\/users\/1"}],"replies":[{"embeddable":true,"href":"https:\/\/cro-sports.com\/de\/wp-json\/wp\/v2\/comments?post=2040"}],"version-history":[{"count":2,"href":"https:\/\/cro-sports.com\/de\/wp-json\/wp\/v2\/pages\/2040\/revisions"}],"predecessor-version":[{"id":2042,"href":"https:\/\/cro-sports.com\/de\/wp-json\/wp\/v2\/pages\/2040\/revisions\/2042"}],"up":[{"embeddable":true,"href":"https:\/\/cro-sports.com\/de\/wp-json\/wp\/v2\/pages\/2045"}],"wp:attachment":[{"href":"https:\/\/cro-sports.com\/de\/wp-json\/wp\/v2\/media?parent=2040"}],"curies":[{"name":"wp","href":"https:\/\/api.w.org\/{rel}","templated":true}]}}