{"id":1975,"date":"2022-10-10T10:16:13","date_gmt":"2022-10-10T08:16:13","guid":{"rendered":"https:\/\/cro-sports.com\/befoerderung\/"},"modified":"2022-10-10T10:17:24","modified_gmt":"2022-10-10T08:17:24","slug":"befoerderung","status":"publish","type":"page","link":"https:\/\/cro-sports.com\/de\/was-wir-anbieten\/befoerderung\/","title":{"rendered":"Bef\u00f6rderung"},"content":{"rendered":"<p>[et_pb_section fb_built=&#8220;1&#8243; fullwidth=&#8220;on&#8220; _builder_version=&#8220;3.20.1&#8243;][et_pb_fullwidth_header text_orientation=&#8220;center&#8220; disabled_on=&#8220;on|on|off&#8220; module_id=&#8220;main_visual&#8220; _builder_version=&#8220;3.20.1&#8243; title_font=&#8220;|600|||||||&#8220; title_text_align=&#8220;center&#8220; title_font_size=&#8220;60px&#8220; background_color=&#8220;#ffffff&#8220; background_image=&#8220;https:\/\/cro-sports.com\/wp-content\/uploads\/2019\/05\/transfer-1.jpg&#8220; custom_padding=&#8220;||&#8220; animation_style=&#8220;fade&#8220;]<br \/>\n[\/et_pb_fullwidth_header][et_pb_fullwidth_header text_orientation=&#8220;center&#8220; disabled_on=&#8220;off|off|on&#8220; _builder_version=&#8220;3.20.1&#8243; title_font=&#8220;|600|||||||&#8220; title_text_align=&#8220;center&#8220; title_font_size=&#8220;60px&#8220; title_font_size_tablet=&#8220;31px&#8220; title_font_size_phone=&#8220;26px&#8220; title_font_size_last_edited=&#8220;on|phone&#8220; background_color=&#8220;#ffffff&#8220; background_image=&#8220;https:\/\/cro-sports.com\/wp-content\/uploads\/2019\/04\/sportske_usluge_main_img.jpg&#8220; custom_padding=&#8220;100px||100px&#8220; animation_style=&#8220;fade&#8220; animation_delay=&#8220;20ms&#8220;]<br \/>\n[\/et_pb_fullwidth_header][\/et_pb_section][et_pb_section fb_built=&#8220;1&#8243; _builder_version=&#8220;3.20.1&#8243; custom_padding=&#8220;84px|0|66.5156px|0px|false|false&#8220;][et_pb_row custom_padding=&#8220;15px|0px|33px|0px|false|false&#8220; _builder_version=&#8220;3.20.1&#8243;][et_pb_column type=&#8220;4_4&#8243; _builder_version=&#8220;3.0.47&#8243;][et_pb_text admin_label=&#8220;Transferi&#8220; _builder_version=&#8220;3.20.1&#8243; header_2_font=&#8220;|700|||||||&#8220; header_2_text_color=&#8220;#ee334e&#8220; header_2_font_size=&#8220;40px&#8220; header_2_font_size_tablet=&#8220;36px&#8220; header_2_font_size_phone=&#8220;30px&#8220; header_2_font_size_last_edited=&#8220;on|phone&#8220;]<\/p>\n<h2>Bef\u00f6rderung<\/h2>\n<p>[\/et_pb_text][\/et_pb_column][\/et_pb_row][et_pb_row custom_padding=&#8220;15px|0px|33.25px|0px|false|false&#8220; make_equal=&#8220;on&#8220; _builder_version=&#8220;3.20.1&#8243;][et_pb_column type=&#8220;1_2&#8243; _builder_version=&#8220;3.0.47&#8243;][et_pb_text admin_label=&#8220;Uniline nudi cjelokupan&#8230;&#8220; _builder_version=&#8220;3.20.1&#8243;]<\/p>\n<p style=\"text-align: justify;\">Uniline bietet ein komplettes Tourismusprodukt an &#8211; von Unterkunftsarrangements, Ausfl\u00fcgen, Kongressen, Sportveranstaltungen, speziellen Programmen f\u00fcr Einzelg\u00e4ste und Gruppenarrangements bis hin zu Transferleistungen. Die Flotte besteht aus mehr als 30 Bussen, \u00fcber 15 Minibussen und \u00fcber 50 Minivans.<\/p>\n<p style=\"text-align: justify;\">Seit 2010 ist Uniline der Europcar-Franchisenehmer f\u00fcr Kroatien mit einer Flotte von \u00fcber 1500 Fahrzeugen, einschlie\u00dflich Elektro- und Hybridfahrzeugen und einer gro\u00dfen Auswahl an Luxusfahrzeugen.<\/p>\n<p style=\"text-align: justify;\">Unsere Autovermietungsb\u00fcros befinden sich am Flughafen Pula, Flughafen Rijeka, Flughafen Zadar, Flughafen Split und Flughafen Dubrovnik.<\/p>\n<p><i><b>Buchen Sie Ihren Transfer \u00fcber Uniline und erhalten Sie g\u00fcnstige Preise und einen erstklassigen Service.<\/b><\/i><\/p>\n<p style=\"text-align: justify;\">\u00a0<\/p>\n<p>[\/et_pb_text][et_pb_text module_class=&#8220;vertical_align_middlee&#8220; _builder_version=&#8220;3.20.1&#8243; text_font=&#8220;||||||||&#8220; custom_margin=&#8220;||&#8220; custom_margin_tablet=&#8220;0px|||&#8220; custom_margin_last_edited=&#8220;on|phone&#8220;]<\/p>\n<p><a class=\"vtt-btn-def contact_us\" href=\"https:\/\/cro-sports.com\/de\/kontakte\/\">Kontaktieren Sie uns<\/a><\/p>\n<div style=\"max-width: 600px;\">\n<div class=\"make_contact\"><div role=\"form\" class=\"wpcf7\" id=\"wpcf7-f2577-o1\" lang=\"de-DE\" dir=\"ltr\">\n<div class=\"screen-reader-response\"><p role=\"status\" aria-live=\"polite\" aria-atomic=\"true\"><\/p> <ul><\/ul><\/div>\n<form action=\"\/de\/wp-json\/wp\/v2\/pages\/1975#wpcf7-f2577-o1\" method=\"post\" class=\"wpcf7-form init wpcf7-acceptance-as-validation\" novalidate=\"novalidate\" data-status=\"init\">\n<div style=\"display: none;\">\n<input type=\"hidden\" name=\"_wpcf7\" value=\"2577\" \/>\n<input type=\"hidden\" name=\"_wpcf7_version\" value=\"5.6.3\" \/>\n<input type=\"hidden\" name=\"_wpcf7_locale\" value=\"de_DE\" \/>\n<input type=\"hidden\" name=\"_wpcf7_unit_tag\" value=\"wpcf7-f2577-o1\" \/>\n<input type=\"hidden\" name=\"_wpcf7_container_post\" value=\"0\" \/>\n<input type=\"hidden\" name=\"_wpcf7_posted_data_hash\" value=\"\" \/>\n<\/div>\n<div class=\"package_inquiry_form\">\n<p class=\"that_info\">Buchen Sie einen Transfer \u00fcber Uniline und sichern Sie sich tolle Preise mit Top-Service. F\u00fcr alle Anfragen und Informationen k\u00f6nnen Sie uns \u00fcber die E-Mail-Adresse kontaktieren: info@uniline.hr.<\/p>\n<div class=\"form-group-trp\"><span class=\"wpcf7-form-control-wrap\" data-name=\"your-name\"><input type=\"text\" name=\"your-name\" value=\"\" size=\"40\" class=\"wpcf7-form-control wpcf7-text wpcf7-validates-as-required\" aria-required=\"true\" aria-invalid=\"false\" placeholder=\"Name und Nachname\" \/><\/span><\/div>\n<div class=\"form-group-trp\"><span class=\"wpcf7-form-control-wrap\" data-name=\"your-email\"><input type=\"email\" name=\"your-email\" value=\"\" size=\"40\" class=\"wpcf7-form-control wpcf7-text wpcf7-email wpcf7-validates-as-required wpcf7-validates-as-email\" aria-required=\"true\" aria-invalid=\"false\" placeholder=\"E-Mail-Addresse\" \/><\/span><\/div>\n<div class=\"form-group-trp\"><span class=\"wpcf7-form-control-wrap\" data-name=\"your-phone\"><input type=\"text\" name=\"your-phone\" value=\"\" size=\"40\" class=\"wpcf7-form-control wpcf7-text wpcf7-validates-as-required\" aria-required=\"true\" aria-invalid=\"false\" placeholder=\"Kontakt Telefonnummer\" \/><\/span><\/div>\n<div class=\"form-group-trp\"><span class=\"wpcf7-form-control-wrap\" data-name=\"your-message\"><textarea name=\"your-message\" cols=\"40\" rows=\"10\" class=\"wpcf7-form-control wpcf7-textarea wpcf7-validates-as-required\" aria-required=\"true\" aria-invalid=\"false\" placeholder=\"Ihre Nachricht\"><\/textarea><\/span><\/div>\n<div class=\"form-group-trp\"><span class=\"wpcf7-form-control-wrap\" data-name=\"random-capital-quiz\"><label><span class=\"wpcf7-quiz-label\">13+27?<\/span> <input type=\"text\" name=\"random-capital-quiz\" size=\"40\" class=\"wpcf7-form-control wpcf7-quiz\" autocomplete=\"off\" aria-required=\"true\" aria-invalid=\"false\" \/><\/label><input type=\"hidden\" name=\"_wpcf7_quiz_answer_random-capital-quiz\" value=\"b828f8be812248c65e3c071b093d0601\" \/><\/span>\n<\/div>\n<div class=\"form-group-trp\"><span class=\"wpcf7-form-control-wrap\" data-name=\"acceptance-446\"><span class=\"wpcf7-form-control wpcf7-acceptance\"><span class=\"wpcf7-list-item\"><label><input type=\"checkbox\" name=\"acceptance-446\" value=\"1\" aria-invalid=\"false\" \/><span class=\"wpcf7-list-item-label\">Ich erkl\u00e4re mich damit einverstanden, dass meine pers\u00f6nlichen Daten zur Bearbeitung meiner Anfragen und deren Abwicklung unter Beachtung der Vorschriften \u00fcber den Schutz personenbezogener Daten verwendet werden. Ich bin damit einverstanden, dass diese Daten elektronisch in Form von Daten oder Informationen gespeichert werden. Mir ist bekannt, dass diese Einwilligung jederzeit durch eine schriftliche Anfrage widerrufen werden kann.<\/span><\/label><\/span><\/span><\/span><\/div>\n<div class=\"btn_iq_form\"><input type=\"submit\" value=\"Po\u0161alji\" class=\"wpcf7-form-control has-spinner wpcf7-submit\" \/><\/div>\n<\/div>\n<div class=\"wpcf7-response-output\" aria-hidden=\"true\"><\/div><\/form><\/div><\/div>\n<\/div>\n<p>[\/et_pb_text][\/et_pb_column][et_pb_column type=&#8220;1_2&#8243; _builder_version=&#8220;3.0.47&#8243;][et_pb_code _builder_version=&#8220;3.20.1&#8243;]<\/p>\n<div class=\"natural-attractions-wrapper\">\n\t\t\t\t<div class=\"gastronomy-item pages_gall\"><!-- first-odd -->\n\t\t\t\t<div class=\"gastronomy-item-right\" style=\"float:none;width:100%;\">\n\t\t\t\t\t<div class=\"gastronomy-bx-slider\" style=\"display: none;\"><div><a href=\"https:\/\/cro-sports.com\/wp-content\/uploads\/2019\/05\/KOMBI.jpg\"><img width=\"800\" height=\"600\" src=\"https:\/\/cro-sports.com\/wp-content\/uploads\/2019\/05\/KOMBI.jpg\" class=\"attachment-full size-full\" alt=\"\" loading=\"lazy\" srcset=\"https:\/\/cro-sports.com\/wp-content\/uploads\/2019\/05\/KOMBI.jpg 800w, https:\/\/cro-sports.com\/wp-content\/uploads\/2019\/05\/KOMBI-300x225.jpg 300w, https:\/\/cro-sports.com\/wp-content\/uploads\/2019\/05\/KOMBI-768x576.jpg 768w, https:\/\/cro-sports.com\/wp-content\/uploads\/2019\/05\/KOMBI-510x382.jpg 510w\" sizes=\"(max-width: 800px) 100vw, 800px\" \/><\/a><span class=\"photo_author\"><\/span><\/div><div><a href=\"https:\/\/cro-sports.com\/wp-content\/uploads\/2019\/05\/BUS.jpg\"><img width=\"800\" height=\"600\" src=\"https:\/\/cro-sports.com\/wp-content\/uploads\/2019\/05\/BUS.jpg\" class=\"attachment-full size-full\" alt=\"\" loading=\"lazy\" srcset=\"https:\/\/cro-sports.com\/wp-content\/uploads\/2019\/05\/BUS.jpg 800w, https:\/\/cro-sports.com\/wp-content\/uploads\/2019\/05\/BUS-300x225.jpg 300w, https:\/\/cro-sports.com\/wp-content\/uploads\/2019\/05\/BUS-768x576.jpg 768w, https:\/\/cro-sports.com\/wp-content\/uploads\/2019\/05\/BUS-510x382.jpg 510w\" sizes=\"(max-width: 800px) 100vw, 800px\" \/><\/a><span class=\"photo_author\"><\/span><\/div><div><a href=\"https:\/\/cro-sports.com\/wp-content\/uploads\/2019\/05\/HIBRID.jpg\"><img width=\"800\" height=\"600\" src=\"https:\/\/cro-sports.com\/wp-content\/uploads\/2019\/05\/HIBRID.jpg\" class=\"attachment-full size-full\" alt=\"\" loading=\"lazy\" srcset=\"https:\/\/cro-sports.com\/wp-content\/uploads\/2019\/05\/HIBRID.jpg 800w, https:\/\/cro-sports.com\/wp-content\/uploads\/2019\/05\/HIBRID-300x225.jpg 300w, https:\/\/cro-sports.com\/wp-content\/uploads\/2019\/05\/HIBRID-768x576.jpg 768w, https:\/\/cro-sports.com\/wp-content\/uploads\/2019\/05\/HIBRID-510x382.jpg 510w\" sizes=\"(max-width: 800px) 100vw, 800px\" \/><\/a><span class=\"photo_author\"><\/span><\/div><\/div>\t\t\t\t<\/div>\n\t\t\t<\/div>\n<\/div>\n<script src=\"https:\/\/ajax.googleapis.com\/ajax\/libs\/jquery\/3.5.1\/jquery.min.js\"><\/script>\n\n<script>\n  jQuery(document).ready(function($) {\n    jQuery('.gastronomy-bx-slider').removeAttr('style');\n    jQuery('.gastronomy-bx-slider').bxSlider({\n      auto: false,\n      autoControls: false,\n      stopAutoOnClick: true,\n      pager: false,\n      slideWidth: 1200,\n      minSlides: 1,\n      maxSlides: 1,\n      moveSlides: 1,\n      infiniteLoop: false,\n      touchEnabled: false,\n      controls: true,\n      nextText: \"<i class='fa fa-angle-right'><\/i>\",\n      prevText: \"<i class='fa fa-angle-left'><\/i>\"\n    });\n  });\n<\/script>\n<p>[\/et_pb_code][\/et_pb_column][\/et_pb_row][et_pb_row make_equal=&#8220;on&#8220; _builder_version=&#8220;3.20.1&#8243;][et_pb_column type=&#8220;3_5&#8243; _builder_version=&#8220;3.0.47&#8243;][et_pb_text _builder_version=&#8220;3.20.1&#8243;]<br \/>\n[\/et_pb_text][\/et_pb_column][et_pb_column type=&#8220;2_5&#8243; _builder_version=&#8220;3.0.47&#8243;][\/et_pb_column][\/et_pb_row][\/et_pb_section]<\/p>\n","protected":false},"excerpt":{"rendered":"<p>[et_pb_section fb_built=&#8220;1&#8243; fullwidth=&#8220;on&#8220; _builder_version=&#8220;3.20.1&#8243;][et_pb_fullwidth_header text_orientation=&#8220;center&#8220; disabled_on=&#8220;on|on|off&#8220; module_id=&#8220;main_visual&#8220; _builder_version=&#8220;3.20.1&#8243; title_font=&#8220;|600|||||||&#8220; title_text_align=&#8220;center&#8220; title_font_size=&#8220;60px&#8220; background_color=&#8220;#ffffff&#8220; background_image=&#8220;https:\/\/cro-sports.com\/wp-content\/uploads\/2019\/05\/transfer-1.jpg&#8220; custom_padding=&#8220;||&#8220; animation_style=&#8220;fade&#8220;] [\/et_pb_fullwidth_header][et_pb_fullwidth_header text_orientation=&#8220;center&#8220; disabled_on=&#8220;off|off|on&#8220; _builder_version=&#8220;3.20.1&#8243; title_font=&#8220;|600|||||||&#8220; title_text_align=&#8220;center&#8220; title_font_size=&#8220;60px&#8220; title_font_size_tablet=&#8220;31px&#8220; title_font_size_phone=&#8220;26px&#8220; title_font_size_last_edited=&#8220;on|phone&#8220; background_color=&#8220;#ffffff&#8220; background_image=&#8220;https:\/\/cro-sports.com\/wp-content\/uploads\/2019\/04\/sportske_usluge_main_img.jpg&#8220; custom_padding=&#8220;100px||100px&#8220; animation_style=&#8220;fade&#8220; animation_delay=&#8220;20ms&#8220;] [\/et_pb_fullwidth_header][\/et_pb_section][et_pb_section fb_built=&#8220;1&#8243; _builder_version=&#8220;3.20.1&#8243; custom_padding=&#8220;84px|0|66.5156px|0px|false|false&#8220;][et_pb_row custom_padding=&#8220;15px|0px|33px|0px|false|false&#8220; _builder_version=&#8220;3.20.1&#8243;][et_pb_column type=&#8220;4_4&#8243; _builder_version=&#8220;3.0.47&#8243;][et_pb_text admin_label=&#8220;Transferi&#8220; _builder_version=&#8220;3.20.1&#8243; header_2_font=&#8220;|700|||||||&#8220; header_2_text_color=&#8220;#ee334e&#8220; header_2_font_size=&#8220;40px&#8220; header_2_font_size_tablet=&#8220;36px&#8220; header_2_font_size_phone=&#8220;30px&#8220; header_2_font_size_last_edited=&#8220;on|phone&#8220;] Bef\u00f6rderung [\/et_pb_text][\/et_pb_column][\/et_pb_row][et_pb_row custom_padding=&#8220;15px|0px|33.25px|0px|false|false&#8220; make_equal=&#8220;on&#8220; _builder_version=&#8220;3.20.1&#8243;][et_pb_column type=&#8220;1_2&#8243; _builder_version=&#8220;3.0.47&#8243;][et_pb_text admin_label=&#8220;Uniline nudi [&hellip;]<\/p>\n","protected":false},"author":1,"featured_media":0,"parent":1987,"menu_order":0,"comment_status":"closed","ping_status":"closed","template":"","meta":{"_et_pb_use_builder":"on","_et_pb_old_content":""},"yoast_head":"<!-- This site is optimized with the Yoast SEO plugin v19.8 - https:\/\/yoast.com\/wordpress\/plugins\/seo\/ -->\n<title>Bef\u00f6rderung | Sportska Hrvatska<\/title>\n<meta name=\"robots\" content=\"index, follow, max-snippet:-1, max-image-preview:large, max-video-preview:-1\" \/>\n<link rel=\"canonical\" href=\"https:\/\/cro-sports.com\/de\/was-wir-anbieten\/befoerderung\/\" \/>\n<meta property=\"og:locale\" content=\"de_DE\" \/>\n<meta property=\"og:type\" content=\"article\" \/>\n<meta property=\"og:title\" content=\"Bef\u00f6rderung | Sportska Hrvatska\" \/>\n<meta property=\"og:description\" content=\"[et_pb_section fb_built=&#8220;1&#8243; fullwidth=&#8220;on&#8220; _builder_version=&#8220;3.20.1&#8243;][et_pb_fullwidth_header text_orientation=&#8220;center&#8220; disabled_on=&#8220;on|on|off&#8220; module_id=&#8220;main_visual&#8220; _builder_version=&#8220;3.20.1&#8243; title_font=&#8220;|600|||||||&#8220; title_text_align=&#8220;center&#8220; title_font_size=&#8220;60px&#8220; background_color=&#8220;#ffffff&#8220; background_image=&#8220;https:\/\/cro-sports.com\/wp-content\/uploads\/2019\/05\/transfer-1.jpg&#8220; custom_padding=&#8220;||&#8220; animation_style=&#8220;fade&#8220;] [\/et_pb_fullwidth_header][et_pb_fullwidth_header text_orientation=&#8220;center&#8220; disabled_on=&#8220;off|off|on&#8220; _builder_version=&#8220;3.20.1&#8243; title_font=&#8220;|600|||||||&#8220; title_text_align=&#8220;center&#8220; title_font_size=&#8220;60px&#8220; title_font_size_tablet=&#8220;31px&#8220; title_font_size_phone=&#8220;26px&#8220; title_font_size_last_edited=&#8220;on|phone&#8220; background_color=&#8220;#ffffff&#8220; background_image=&#8220;https:\/\/cro-sports.com\/wp-content\/uploads\/2019\/04\/sportske_usluge_main_img.jpg&#8220; custom_padding=&#8220;100px||100px&#8220; animation_style=&#8220;fade&#8220; animation_delay=&#8220;20ms&#8220;] [\/et_pb_fullwidth_header][\/et_pb_section][et_pb_section fb_built=&#8220;1&#8243; _builder_version=&#8220;3.20.1&#8243; custom_padding=&#8220;84px|0|66.5156px|0px|false|false&#8220;][et_pb_row custom_padding=&#8220;15px|0px|33px|0px|false|false&#8220; _builder_version=&#8220;3.20.1&#8243;][et_pb_column type=&#8220;4_4&#8243; _builder_version=&#8220;3.0.47&#8243;][et_pb_text admin_label=&#8220;Transferi&#8220; _builder_version=&#8220;3.20.1&#8243; header_2_font=&#8220;|700|||||||&#8220; header_2_text_color=&#8220;#ee334e&#8220; header_2_font_size=&#8220;40px&#8220; header_2_font_size_tablet=&#8220;36px&#8220; header_2_font_size_phone=&#8220;30px&#8220; header_2_font_size_last_edited=&#8220;on|phone&#8220;] Bef\u00f6rderung [\/et_pb_text][\/et_pb_column][\/et_pb_row][et_pb_row custom_padding=&#8220;15px|0px|33.25px|0px|false|false&#8220; make_equal=&#8220;on&#8220; _builder_version=&#8220;3.20.1&#8243;][et_pb_column type=&#8220;1_2&#8243; _builder_version=&#8220;3.0.47&#8243;][et_pb_text admin_label=&#8220;Uniline nudi [&hellip;]\" \/>\n<meta property=\"og:url\" content=\"https:\/\/cro-sports.com\/de\/was-wir-anbieten\/befoerderung\/\" \/>\n<meta property=\"og:site_name\" content=\"Sportska Hrvatska\" \/>\n<meta property=\"article:modified_time\" content=\"2022-10-10T08:17:24+00:00\" \/>\n<meta name=\"twitter:card\" content=\"summary_large_image\" \/>\n<meta name=\"twitter:label1\" content=\"Est. reading time\" \/>\n\t<meta name=\"twitter:data1\" content=\"2 Minuten\" \/>\n<script type=\"application\/ld+json\" class=\"yoast-schema-graph\">{\"@context\":\"https:\/\/schema.org\",\"@graph\":[{\"@type\":\"WebPage\",\"@id\":\"https:\/\/cro-sports.com\/de\/was-wir-anbieten\/befoerderung\/\",\"url\":\"https:\/\/cro-sports.com\/de\/was-wir-anbieten\/befoerderung\/\",\"name\":\"Bef\u00f6rderung | Sportska Hrvatska\",\"isPartOf\":{\"@id\":\"https:\/\/cro-sports.com\/#website\"},\"datePublished\":\"2022-10-10T08:16:13+00:00\",\"dateModified\":\"2022-10-10T08:17:24+00:00\",\"breadcrumb\":{\"@id\":\"https:\/\/cro-sports.com\/de\/was-wir-anbieten\/befoerderung\/#breadcrumb\"},\"inLanguage\":\"de-DE\",\"potentialAction\":[{\"@type\":\"ReadAction\",\"target\":[\"https:\/\/cro-sports.com\/de\/was-wir-anbieten\/befoerderung\/\"]}]},{\"@type\":\"BreadcrumbList\",\"@id\":\"https:\/\/cro-sports.com\/de\/was-wir-anbieten\/befoerderung\/#breadcrumb\",\"itemListElement\":[{\"@type\":\"ListItem\",\"position\":1,\"name\":\"Po\u010detna stranica\",\"item\":\"https:\/\/cro-sports.com\/\"},{\"@type\":\"ListItem\",\"position\":2,\"name\":\"Was wir anbieten\",\"item\":\"https:\/\/cro-sports.com\/de\/was-wir-anbieten\/\"},{\"@type\":\"ListItem\",\"position\":3,\"name\":\"Bef\u00f6rderung\"}]},{\"@type\":\"WebSite\",\"@id\":\"https:\/\/cro-sports.com\/#website\",\"url\":\"https:\/\/cro-sports.com\/\",\"name\":\"Sportska Hrvatska\",\"description\":\"\",\"publisher\":{\"@id\":\"https:\/\/cro-sports.com\/#organization\"},\"potentialAction\":[{\"@type\":\"SearchAction\",\"target\":{\"@type\":\"EntryPoint\",\"urlTemplate\":\"https:\/\/cro-sports.com\/?s={search_term_string}\"},\"query-input\":\"required name=search_term_string\"}],\"inLanguage\":\"de-DE\"},{\"@type\":\"Organization\",\"@id\":\"https:\/\/cro-sports.com\/#organization\",\"name\":\"Cro Sports\",\"url\":\"https:\/\/cro-sports.com\/\",\"sameAs\":[],\"logo\":{\"@type\":\"ImageObject\",\"inLanguage\":\"de-DE\",\"@id\":\"https:\/\/cro-sports.com\/#\/schema\/logo\/image\/\",\"url\":\"https:\/\/cro-sports.com\/wp-content\/uploads\/2019\/04\/cro_sport_logo_n.png\",\"contentUrl\":\"https:\/\/cro-sports.com\/wp-content\/uploads\/2019\/04\/cro_sport_logo_n.png\",\"width\":371,\"height\":40,\"caption\":\"Cro Sports\"},\"image\":{\"@id\":\"https:\/\/cro-sports.com\/#\/schema\/logo\/image\/\"}}]}<\/script>\n<!-- \/ Yoast SEO plugin. -->","yoast_head_json":{"title":"Bef\u00f6rderung | Sportska Hrvatska","robots":{"index":"index","follow":"follow","max-snippet":"max-snippet:-1","max-image-preview":"max-image-preview:large","max-video-preview":"max-video-preview:-1"},"canonical":"https:\/\/cro-sports.com\/de\/was-wir-anbieten\/befoerderung\/","og_locale":"de_DE","og_type":"article","og_title":"Bef\u00f6rderung | Sportska Hrvatska","og_description":"[et_pb_section fb_built=&#8220;1&#8243; fullwidth=&#8220;on&#8220; _builder_version=&#8220;3.20.1&#8243;][et_pb_fullwidth_header text_orientation=&#8220;center&#8220; disabled_on=&#8220;on|on|off&#8220; module_id=&#8220;main_visual&#8220; _builder_version=&#8220;3.20.1&#8243; title_font=&#8220;|600|||||||&#8220; title_text_align=&#8220;center&#8220; title_font_size=&#8220;60px&#8220; background_color=&#8220;#ffffff&#8220; background_image=&#8220;https:\/\/cro-sports.com\/wp-content\/uploads\/2019\/05\/transfer-1.jpg&#8220; custom_padding=&#8220;||&#8220; animation_style=&#8220;fade&#8220;] [\/et_pb_fullwidth_header][et_pb_fullwidth_header text_orientation=&#8220;center&#8220; disabled_on=&#8220;off|off|on&#8220; _builder_version=&#8220;3.20.1&#8243; title_font=&#8220;|600|||||||&#8220; title_text_align=&#8220;center&#8220; title_font_size=&#8220;60px&#8220; title_font_size_tablet=&#8220;31px&#8220; title_font_size_phone=&#8220;26px&#8220; title_font_size_last_edited=&#8220;on|phone&#8220; background_color=&#8220;#ffffff&#8220; background_image=&#8220;https:\/\/cro-sports.com\/wp-content\/uploads\/2019\/04\/sportske_usluge_main_img.jpg&#8220; custom_padding=&#8220;100px||100px&#8220; animation_style=&#8220;fade&#8220; animation_delay=&#8220;20ms&#8220;] [\/et_pb_fullwidth_header][\/et_pb_section][et_pb_section fb_built=&#8220;1&#8243; _builder_version=&#8220;3.20.1&#8243; custom_padding=&#8220;84px|0|66.5156px|0px|false|false&#8220;][et_pb_row custom_padding=&#8220;15px|0px|33px|0px|false|false&#8220; _builder_version=&#8220;3.20.1&#8243;][et_pb_column type=&#8220;4_4&#8243; _builder_version=&#8220;3.0.47&#8243;][et_pb_text admin_label=&#8220;Transferi&#8220; _builder_version=&#8220;3.20.1&#8243; header_2_font=&#8220;|700|||||||&#8220; header_2_text_color=&#8220;#ee334e&#8220; header_2_font_size=&#8220;40px&#8220; header_2_font_size_tablet=&#8220;36px&#8220; header_2_font_size_phone=&#8220;30px&#8220; header_2_font_size_last_edited=&#8220;on|phone&#8220;] Bef\u00f6rderung [\/et_pb_text][\/et_pb_column][\/et_pb_row][et_pb_row custom_padding=&#8220;15px|0px|33.25px|0px|false|false&#8220; make_equal=&#8220;on&#8220; _builder_version=&#8220;3.20.1&#8243;][et_pb_column type=&#8220;1_2&#8243; _builder_version=&#8220;3.0.47&#8243;][et_pb_text admin_label=&#8220;Uniline nudi [&hellip;]","og_url":"https:\/\/cro-sports.com\/de\/was-wir-anbieten\/befoerderung\/","og_site_name":"Sportska Hrvatska","article_modified_time":"2022-10-10T08:17:24+00:00","twitter_card":"summary_large_image","twitter_misc":{"Est. reading time":"2 Minuten"},"schema":{"@context":"https:\/\/schema.org","@graph":[{"@type":"WebPage","@id":"https:\/\/cro-sports.com\/de\/was-wir-anbieten\/befoerderung\/","url":"https:\/\/cro-sports.com\/de\/was-wir-anbieten\/befoerderung\/","name":"Bef\u00f6rderung | Sportska Hrvatska","isPartOf":{"@id":"https:\/\/cro-sports.com\/#website"},"datePublished":"2022-10-10T08:16:13+00:00","dateModified":"2022-10-10T08:17:24+00:00","breadcrumb":{"@id":"https:\/\/cro-sports.com\/de\/was-wir-anbieten\/befoerderung\/#breadcrumb"},"inLanguage":"de-DE","potentialAction":[{"@type":"ReadAction","target":["https:\/\/cro-sports.com\/de\/was-wir-anbieten\/befoerderung\/"]}]},{"@type":"BreadcrumbList","@id":"https:\/\/cro-sports.com\/de\/was-wir-anbieten\/befoerderung\/#breadcrumb","itemListElement":[{"@type":"ListItem","position":1,"name":"Po\u010detna stranica","item":"https:\/\/cro-sports.com\/"},{"@type":"ListItem","position":2,"name":"Was wir anbieten","item":"https:\/\/cro-sports.com\/de\/was-wir-anbieten\/"},{"@type":"ListItem","position":3,"name":"Bef\u00f6rderung"}]},{"@type":"WebSite","@id":"https:\/\/cro-sports.com\/#website","url":"https:\/\/cro-sports.com\/","name":"Sportska Hrvatska","description":"","publisher":{"@id":"https:\/\/cro-sports.com\/#organization"},"potentialAction":[{"@type":"SearchAction","target":{"@type":"EntryPoint","urlTemplate":"https:\/\/cro-sports.com\/?s={search_term_string}"},"query-input":"required name=search_term_string"}],"inLanguage":"de-DE"},{"@type":"Organization","@id":"https:\/\/cro-sports.com\/#organization","name":"Cro Sports","url":"https:\/\/cro-sports.com\/","sameAs":[],"logo":{"@type":"ImageObject","inLanguage":"de-DE","@id":"https:\/\/cro-sports.com\/#\/schema\/logo\/image\/","url":"https:\/\/cro-sports.com\/wp-content\/uploads\/2019\/04\/cro_sport_logo_n.png","contentUrl":"https:\/\/cro-sports.com\/wp-content\/uploads\/2019\/04\/cro_sport_logo_n.png","width":371,"height":40,"caption":"Cro Sports"},"image":{"@id":"https:\/\/cro-sports.com\/#\/schema\/logo\/image\/"}}]}},"_links":{"self":[{"href":"https:\/\/cro-sports.com\/de\/wp-json\/wp\/v2\/pages\/1975"}],"collection":[{"href":"https:\/\/cro-sports.com\/de\/wp-json\/wp\/v2\/pages"}],"about":[{"href":"https:\/\/cro-sports.com\/de\/wp-json\/wp\/v2\/types\/page"}],"author":[{"embeddable":true,"href":"https:\/\/cro-sports.com\/de\/wp-json\/wp\/v2\/users\/1"}],"replies":[{"embeddable":true,"href":"https:\/\/cro-sports.com\/de\/wp-json\/wp\/v2\/comments?post=1975"}],"version-history":[{"count":7,"href":"https:\/\/cro-sports.com\/de\/wp-json\/wp\/v2\/pages\/1975\/revisions"}],"predecessor-version":[{"id":1982,"href":"https:\/\/cro-sports.com\/de\/wp-json\/wp\/v2\/pages\/1975\/revisions\/1982"}],"up":[{"embeddable":true,"href":"https:\/\/cro-sports.com\/de\/wp-json\/wp\/v2\/pages\/1987"}],"wp:attachment":[{"href":"https:\/\/cro-sports.com\/de\/wp-json\/wp\/v2\/media?parent=1975"}],"curies":[{"name":"wp","href":"https:\/\/api.w.org\/{rel}","templated":true}]}}