{"id":1958,"date":"2022-10-10T09:56:07","date_gmt":"2022-10-10T07:56:07","guid":{"rendered":"https:\/\/cro-sports.com\/promo-pakete\/"},"modified":"2022-10-10T09:56:11","modified_gmt":"2022-10-10T07:56:11","slug":"promo-pakete","status":"publish","type":"page","link":"https:\/\/cro-sports.com\/de\/was-wir-anbieten\/promo-pakete\/","title":{"rendered":"Promo-pakete"},"content":{"rendered":"<p>[et_pb_section bb_built=&#8220;1&#8243; fullwidth=&#8220;on&#8220; _builder_version=&#8220;3.20.1&#8243; next_background_color=&#8220;#000000&#8243;][et_pb_fullwidth_header title=&#8220;Promo-pakete &#8220; text_orientation=&#8220;center&#8220; disabled_on=&#8220;on|on|off&#8220; module_id=&#8220;main_visual&#8220; _builder_version=&#8220;3.20.1&#8243; title_font=&#8220;|600|||||||&#8220; title_text_align=&#8220;center&#8220; title_font_size=&#8220;60px&#8220; background_color=&#8220;#ffffff&#8220; background_image=&#8220;https:\/\/cro-sports.com\/wp-content\/uploads\/2019\/05\/headerpromo2.jpg&#8220; custom_padding=&#8220;||&#8220; animation_style=&#8220;fade&#8220; \/][et_pb_fullwidth_header title=&#8220;Promo-pakete &#8220; text_orientation=&#8220;center&#8220; disabled_on=&#8220;off|off|on&#8220; _builder_version=&#8220;3.20.1&#8243; title_font=&#8220;|600|||||||&#8220; title_text_align=&#8220;center&#8220; title_font_size=&#8220;60px&#8220; title_font_size_tablet=&#8220;31px&#8220; title_font_size_phone=&#8220;26px&#8220; title_font_size_last_edited=&#8220;on|phone&#8220; background_color=&#8220;#ffffff&#8220; background_image=&#8220;https:\/\/cro-sports.com\/wp-content\/uploads\/2019\/05\/headerpromo2.jpg&#8220; custom_padding=&#8220;100px||100px&#8220; animation_style=&#8220;fade&#8220; \/][\/et_pb_section][et_pb_section bb_built=&#8220;1&#8243; _builder_version=&#8220;3.20.1&#8243; custom_padding=&#8220;84px|0|66.5156px|0px|false|false&#8220; prev_background_color=&#8220;#000000&#8243;][et_pb_row custom_padding=&#8220;15px|0px|33.25px|0px|false|false&#8220; _builder_version=&#8220;3.20.1&#8243;][et_pb_column type=&#8220;4_4&#8243;][et_pb_code _builder_version=&#8220;3.20.1&#8243;]<div class=\"pack-lists-wrapper\">\n\t\n\t\t<div class=\"pack-item-list pack-id-2500\">\n\t\t\t<h3 class=\"pack-title\">Paket Sport & Fit - Kurort Sveti Martin<\/h3>\n\t\t\t<img class=\"pack-img\" src=\"https:\/\/cro-sports.com\/wp-content\/uploads\/2019\/04\/Life-Class-Sveti-Martin-1220.jpg11.jpg\">\n\t\t\t<div class=\"pack-description etc-ul\">\n\t\t\t\tF\u00fcr aktive Urlaubsfans.\t\t\t<\/div>\n\n\t\t\t<a class=\"vtt-btn-def pack-list-btn\" href=\"https:\/\/cro-sports.com\/de\/packages\/paket-sport-fit-kurort-sveti-martin\/\">Read more<\/a>\n\t\t<\/div>\n\n\t\t\n\t\t<div class=\"pack-item-list pack-id-2491\">\n\t\t\t<h3 class=\"pack-title\">Entspannung f\u00fcr K\u00f6rper und Geist - Kurort Sveti Martin<\/h3>\n\t\t\t<img class=\"pack-img\" src=\"https:\/\/cro-sports.com\/wp-content\/uploads\/2019\/04\/mind-body.jpg\">\n\t\t\t<div class=\"pack-description etc-ul\">\n\t\t\t\tGleichgewicht von K\u00f6rper und Geist.\t\t\t<\/div>\n\n\t\t\t<a class=\"vtt-btn-def pack-list-btn\" href=\"https:\/\/cro-sports.com\/de\/packages\/entspannung-fuer-koerper-und-geist-kurort-sveti-martin\/\">Read more<\/a>\n\t\t<\/div>\n\n\t\t\n\t\t<div class=\"pack-item-list pack-id-2483\">\n\t\t\t<h3 class=\"pack-title\">Physiotherapie - Kurort Sveti Martin<\/h3>\n\t\t\t<img class=\"pack-img\" src=\"https:\/\/cro-sports.com\/wp-content\/uploads\/2019\/04\/IMG_9488_2.jpg\">\n\t\t\t<div class=\"pack-description etc-ul\">\n\t\t\t\t5 Tage Therapie mit Unterkunft und reichhaltigem Unterhaltungsprogramm.\t\t\t<\/div>\n\n\t\t\t<a class=\"vtt-btn-def pack-list-btn\" href=\"https:\/\/cro-sports.com\/de\/packages\/physiotherapie-kurort-sveti-martin\/\">Read more<\/a>\n\t\t<\/div>\n\n\t\t\n\t\t<div class=\"pack-item-list pack-id-2476\">\n\t\t\t<h3 class=\"pack-title\">Postoperative Rehabilitation - Kurort Sveti Martin<\/h3>\n\t\t\t<img class=\"pack-img\" src=\"https:\/\/cro-sports.com\/wp-content\/uploads\/2019\/04\/IMG_9556-cc-1.jpg\">\n\t\t\t<div class=\"pack-description etc-ul\">\n\t\t\t\t10 Tage Behandlung mit Halbpension\t\t\t<\/div>\n\n\t\t\t<a class=\"vtt-btn-def pack-list-btn\" href=\"https:\/\/cro-sports.com\/de\/packages\/postoperative-rehabilitation-kurort-sveti-martin\/\">Read more<\/a>\n\t\t<\/div>\n\n\t\t\n\t\t<div class=\"pack-item-list pack-id-2467\">\n\t\t\t<h3 class=\"pack-title\">Behandlung von R\u00fcckenschmerzen - Kurort Sveti Martin<\/h3>\n\t\t\t<img class=\"pack-img\" src=\"https:\/\/cro-sports.com\/wp-content\/uploads\/2019\/04\/LifeClass-Sv.Martin-8938.jpg11.jpg\">\n\t\t\t<div class=\"pack-description etc-ul\">\n\t\t\t\tF\u00fcnf Tage Therapie mit t\u00e4glicher Gymnastik\t\t\t<\/div>\n\n\t\t\t<a class=\"vtt-btn-def pack-list-btn\" href=\"https:\/\/cro-sports.com\/de\/packages\/behandlung-von-rueckenschmerzen-kurort-sveti-martin\/\">Read more<\/a>\n\t\t<\/div>\n\n\t\t\n\t\t<div class=\"pack-item-list pack-id-2458\">\n\t\t\t<h3 class=\"pack-title\">Manager - Istarske toplice<\/h3>\n\t\t\t<img class=\"pack-img\" src=\"https:\/\/cro-sports.com\/wp-content\/uploads\/2019\/04\/maNAGER.jpg\">\n\t\t\t<div class=\"pack-description etc-ul\">\n\t\t\t\tAnti-Stress-Paket f\u00fcr maximale Erholung von K\u00f6rper und Geist.\t\t\t<\/div>\n\n\t\t\t<a class=\"vtt-btn-def pack-list-btn\" href=\"https:\/\/cro-sports.com\/de\/packages\/manager-istarske-toplice\/\">Read more<\/a>\n\t\t<\/div>\n\n\t\t\n\t\t<div class=\"pack-item-list pack-id-2450\">\n\t\t\t<h3 class=\"pack-title\">Familienurlaub - Istarske toplice<\/h3>\n\t\t\t<img class=\"pack-img\" src=\"https:\/\/cro-sports.com\/wp-content\/uploads\/2019\/04\/obteljski_odmor.jpg\">\n\t\t\t<div class=\"pack-description etc-ul\">\n\t\t\t\tBauen Sie mit Ihren Lieben Stress ab! \t\t\t<\/div>\n\n\t\t\t<a class=\"vtt-btn-def pack-list-btn\" href=\"https:\/\/cro-sports.com\/de\/packages\/familienurlaub-istarske-toplice\/\">Read more<\/a>\n\t\t<\/div>\n\n\t\t\n\t\t<div class=\"pack-item-list pack-id-2442\">\n\t\t\t<h3 class=\"pack-title\">Aktive Gesundheit - Istarske toplice<\/h3>\n\t\t\t<img class=\"pack-img\" src=\"https:\/\/cro-sports.com\/wp-content\/uploads\/2019\/03\/ZDRAVIIAKTIVNI.jpg\">\n\t\t\t<div class=\"pack-description etc-ul\">\n\t\t\t\tEine Kombination aus Therapie und Wellnessurlaub.\t\t\t<\/div>\n\n\t\t\t<a class=\"vtt-btn-def pack-list-btn\" href=\"https:\/\/cro-sports.com\/de\/packages\/aktive-gesundheit-istarske-toplice\/\">Read more<\/a>\n\t\t<\/div>\n\n\t\t\n\t\t<div class=\"pack-item-list pack-id-2433\">\n\t\t\t<h3 class=\"pack-title\">Activ plus - Istarske toplice<\/h3>\n\t\t\t<img class=\"pack-img\" src=\"https:\/\/cro-sports.com\/wp-content\/uploads\/2019\/03\/fitness.jpg\">\n\t\t\t<div class=\"pack-description etc-ul\">\n\t\t\t\tPers\u00f6nlicher Therapieplan f\u00fcr vollst\u00e4ndige Genesung\t\t\t<\/div>\n\n\t\t\t<a class=\"vtt-btn-def pack-list-btn\" href=\"https:\/\/cro-sports.com\/de\/packages\/activ-plus-istarske-toplice\/\">Read more<\/a>\n\t\t<\/div>\n\n\t\t\n\t\t<div class=\"pack-item-list pack-id-2422\">\n\t\t\t<h3 class=\"pack-title\">Kurentgiftung - Istarske toplice<\/h3>\n\t\t\t<img class=\"pack-img\" src=\"https:\/\/cro-sports.com\/wp-content\/uploads\/2019\/03\/bazen.jpg\">\n\t\t\t<div class=\"pack-description etc-ul\">\n\t\t\t\tUrlaubs-, Entspannungs- und Entgiftungspaket im Wellness-Center.\t\t\t<\/div>\n\n\t\t\t<a class=\"vtt-btn-def pack-list-btn\" href=\"https:\/\/cro-sports.com\/de\/packages\/kurentgiftung-istarske-toplice\/\">Read more<\/a>\n\t\t<\/div>\n\n\t\t\n\t\t<div class=\"pack-item-list pack-id-2411\">\n\t\t\t<h3 class=\"pack-title\">Zur\u00fcck zur Form - Falkensteiner Punta Skala Resort<\/h3>\n\t\t\t<img class=\"pack-img\" src=\"https:\/\/cro-sports.com\/wp-content\/uploads\/2021\/12\/image_2021_12_23T09_41_03_529Z.png\">\n\t\t\t<div class=\"pack-description etc-ul\">\n\t\t\t\tF\u00fcr Sportanf\u00e4nger oder Enthusiasten, die bereits trainiert haben und nun eine professionelle Unterst\u00fctzung ben\u00f6tigen.\t\t\t<\/div>\n\n\t\t\t<a class=\"vtt-btn-def pack-list-btn\" href=\"https:\/\/cro-sports.com\/de\/packages\/zurueck-zur-form-falkensteiner-punta-skala-resort\/\">Read more<\/a>\n\t\t<\/div>\n\n\t\t\n\t\t<div class=\"pack-item-list pack-id-2404\">\n\t\t\t<h3 class=\"pack-title\">Entdecken Sie die Region Zadar auf R\u00e4dern<\/h3>\n\t\t\t<img class=\"pack-img\" src=\"https:\/\/cro-sports.com\/wp-content\/uploads\/2021\/12\/Otkrijte-Zadarsku-regiju-na-kota\u010dima.png\">\n\t\t\t<div class=\"pack-description etc-ul\">\n\t\t\t\tGef\u00fchrte Touren durch die Region Zadar - auf R\u00e4dern! Vom Offroad-Fahrzeug ATV bis zum Citybike....\t\t\t<\/div>\n\n\t\t\t<a class=\"vtt-btn-def pack-list-btn\" href=\"https:\/\/cro-sports.com\/de\/packages\/entdecken-sie-die-region-zadar-auf-raedern\/\">Read more<\/a>\n\t\t<\/div>\n\n\t\t\n\t\t<div class=\"pack-item-list pack-id-2397\">\n\t\t\t<h3 class=\"pack-title\">Grenzen verschieben - Hotel Spa Iadera<\/h3>\n\t\t\t<img class=\"pack-img\" src=\"https:\/\/cro-sports.com\/wp-content\/uploads\/2021\/12\/Pomicanje-granica.png\">\n\t\t\t<div class=\"pack-description etc-ul\">\n\t\t\t\tF\u00fcr alle, die Herausforderungen und Training lieben\t\t\t<\/div>\n\n\t\t\t<a class=\"vtt-btn-def pack-list-btn\" href=\"https:\/\/cro-sports.com\/de\/packages\/grenzen-verschieben-hotel-spa-iadera\/\">Read more<\/a>\n\t\t<\/div>\n\n\t\t\n\t\t<div class=\"pack-item-list pack-id-2391\">\n\t\t\t<h3 class=\"pack-title\">Entspannung mit Thai-Massage in \u0160ibenik<\/h3>\n\t\t\t<img class=\"pack-img\" src=\"https:\/\/cro-sports.com\/wp-content\/uploads\/2021\/12\/Opu\u0161tanje-uz-tajlandsku-masa\u017eu.png\">\n\t\t\t<div class=\"pack-description etc-ul\">\n\t\t\t\tEntspannung und Genuss mit antiker Therapie...\t\t\t<\/div>\n\n\t\t\t<a class=\"vtt-btn-def pack-list-btn\" href=\"https:\/\/cro-sports.com\/de\/packages\/entspannung-mit-thai-massage-in-sibenik\/\">Read more<\/a>\n\t\t<\/div>\n\n\t\t\n\t\t<div class=\"pack-item-list pack-id-2385\">\n\t\t\t<h3 class=\"pack-title\">Tennis-Paket in Biograd na Moru<\/h3>\n\t\t\t<img class=\"pack-img\" src=\"https:\/\/cro-sports.com\/wp-content\/uploads\/2021\/12\/Tennis-paket-u-Biogradu-na-Moru.png\">\n\t\t\t<div class=\"pack-description etc-ul\">\n\t\t\t\tEin Schl\u00e4ger auf der Schulter, ein Fahrrad unter den F\u00fc\u00dfen - und schon erwacht der Sportgeist in Ihnen wieder zum Leben..\t\t\t<\/div>\n\n\t\t\t<a class=\"vtt-btn-def pack-list-btn\" href=\"https:\/\/cro-sports.com\/de\/packages\/tennis-paket-in-biograd-na-moru\/\">Read more<\/a>\n\t\t<\/div>\n\n\t\t\n\t\t<div class=\"pack-item-list pack-id-2380\">\n\t\t\t<h3 class=\"pack-title\">Ein gesunder K\u00f6rper, ein gesunder Geist!<\/h3>\n\t\t\t<img class=\"pack-img\" src=\"https:\/\/cro-sports.com\/wp-content\/uploads\/2021\/12\/U-zdarvom-tijelu-zdrav-duh-scaled.jpg\">\n\t\t\t<div class=\"pack-description etc-ul\">\n\t\t\t\tTraining in einer entspannenden Umgebung mit Pinienw\u00e4ldern und heilender Seeluft. \t\t\t<\/div>\n\n\t\t\t<a class=\"vtt-btn-def pack-list-btn\" href=\"https:\/\/cro-sports.com\/de\/packages\/ein-gesunder-koerper-ein-gesunder-geist\/\">Read more<\/a>\n\t\t<\/div>\n\n\t\t<\/div>\n<script src=\"https:\/\/ajax.googleapis.com\/ajax\/libs\/jquery\/3.5.1\/jquery.min.js\"><\/script>\n\n\t<script>\n    jQuery(document).ready(function( $ ) {\n      $(window).load(function () {\n\n      });\n    });\n\t<\/script>[\/et_pb_code][\/et_pb_column][\/et_pb_row][\/et_pb_section]<\/p>\n","protected":false},"excerpt":{"rendered":"<p>[et_pb_section bb_built=&#8220;1&#8243; fullwidth=&#8220;on&#8220; _builder_version=&#8220;3.20.1&#8243; next_background_color=&#8220;#000000&#8243;][et_pb_fullwidth_header title=&#8220;Promo-pakete &#8220; text_orientation=&#8220;center&#8220; disabled_on=&#8220;on|on|off&#8220; module_id=&#8220;main_visual&#8220; _builder_version=&#8220;3.20.1&#8243; title_font=&#8220;|600|||||||&#8220; title_text_align=&#8220;center&#8220; title_font_size=&#8220;60px&#8220; background_color=&#8220;#ffffff&#8220; background_image=&#8220;https:\/\/cro-sports.com\/wp-content\/uploads\/2019\/05\/headerpromo2.jpg&#8220; custom_padding=&#8220;||&#8220; animation_style=&#8220;fade&#8220; \/][et_pb_fullwidth_header title=&#8220;Promo-pakete &#8220; text_orientation=&#8220;center&#8220; disabled_on=&#8220;off|off|on&#8220; _builder_version=&#8220;3.20.1&#8243; title_font=&#8220;|600|||||||&#8220; title_text_align=&#8220;center&#8220; title_font_size=&#8220;60px&#8220; title_font_size_tablet=&#8220;31px&#8220; title_font_size_phone=&#8220;26px&#8220; title_font_size_last_edited=&#8220;on|phone&#8220; background_color=&#8220;#ffffff&#8220; background_image=&#8220;https:\/\/cro-sports.com\/wp-content\/uploads\/2019\/05\/headerpromo2.jpg&#8220; custom_padding=&#8220;100px||100px&#8220; animation_style=&#8220;fade&#8220; \/][\/et_pb_section][et_pb_section bb_built=&#8220;1&#8243; _builder_version=&#8220;3.20.1&#8243; custom_padding=&#8220;84px|0|66.5156px|0px|false|false&#8220; prev_background_color=&#8220;#000000&#8243;][et_pb_row custom_padding=&#8220;15px|0px|33.25px|0px|false|false&#8220; _builder_version=&#8220;3.20.1&#8243;][et_pb_column type=&#8220;4_4&#8243;][et_pb_code _builder_version=&#8220;3.20.1&#8243;][\/et_pb_code][\/et_pb_column][\/et_pb_row][\/et_pb_section]<\/p>\n","protected":false},"author":1,"featured_media":0,"parent":1987,"menu_order":0,"comment_status":"closed","ping_status":"closed","template":"","meta":{"_et_pb_use_builder":"on","_et_pb_old_content":""},"yoast_head":"<!-- This site is optimized with the Yoast SEO plugin v19.8 - https:\/\/yoast.com\/wordpress\/plugins\/seo\/ -->\n<title>Promo-pakete | Sportska Hrvatska<\/title>\n<meta name=\"robots\" content=\"index, follow, max-snippet:-1, max-image-preview:large, max-video-preview:-1\" \/>\n<link rel=\"canonical\" href=\"https:\/\/cro-sports.com\/de\/was-wir-anbieten\/promo-pakete\/\" \/>\n<meta property=\"og:locale\" content=\"de_DE\" \/>\n<meta property=\"og:type\" content=\"article\" \/>\n<meta property=\"og:title\" content=\"Promo-pakete | Sportska Hrvatska\" \/>\n<meta property=\"og:description\" content=\"[et_pb_section bb_built=&#8220;1&#8243; fullwidth=&#8220;on&#8220; _builder_version=&#8220;3.20.1&#8243; next_background_color=&#8220;#000000&#8243;][et_pb_fullwidth_header title=&#8220;Promo-pakete &#8220; text_orientation=&#8220;center&#8220; disabled_on=&#8220;on|on|off&#8220; module_id=&#8220;main_visual&#8220; _builder_version=&#8220;3.20.1&#8243; title_font=&#8220;|600|||||||&#8220; title_text_align=&#8220;center&#8220; title_font_size=&#8220;60px&#8220; background_color=&#8220;#ffffff&#8220; background_image=&#8220;https:\/\/cro-sports.com\/wp-content\/uploads\/2019\/05\/headerpromo2.jpg&#8220; custom_padding=&#8220;||&#8220; animation_style=&#8220;fade&#8220; \/][et_pb_fullwidth_header title=&#8220;Promo-pakete &#8220; text_orientation=&#8220;center&#8220; disabled_on=&#8220;off|off|on&#8220; _builder_version=&#8220;3.20.1&#8243; title_font=&#8220;|600|||||||&#8220; title_text_align=&#8220;center&#8220; title_font_size=&#8220;60px&#8220; title_font_size_tablet=&#8220;31px&#8220; title_font_size_phone=&#8220;26px&#8220; title_font_size_last_edited=&#8220;on|phone&#8220; background_color=&#8220;#ffffff&#8220; background_image=&#8220;https:\/\/cro-sports.com\/wp-content\/uploads\/2019\/05\/headerpromo2.jpg&#8220; custom_padding=&#8220;100px||100px&#8220; animation_style=&#8220;fade&#8220; \/][\/et_pb_section][et_pb_section bb_built=&#8220;1&#8243; _builder_version=&#8220;3.20.1&#8243; custom_padding=&#8220;84px|0|66.5156px|0px|false|false&#8220; prev_background_color=&#8220;#000000&#8243;][et_pb_row custom_padding=&#8220;15px|0px|33.25px|0px|false|false&#8220; _builder_version=&#8220;3.20.1&#8243;][et_pb_column type=&#8220;4_4&#8243;][et_pb_code _builder_version=&#8220;3.20.1&#8243;][\/et_pb_code][\/et_pb_column][\/et_pb_row][\/et_pb_section]\" \/>\n<meta property=\"og:url\" content=\"https:\/\/cro-sports.com\/de\/was-wir-anbieten\/promo-pakete\/\" \/>\n<meta property=\"og:site_name\" content=\"Sportska Hrvatska\" \/>\n<meta property=\"article:modified_time\" content=\"2022-10-10T07:56:11+00:00\" \/>\n<meta name=\"twitter:card\" content=\"summary_large_image\" \/>\n<meta name=\"twitter:label1\" content=\"Est. reading time\" \/>\n\t<meta name=\"twitter:data1\" content=\"1 Minute\" \/>\n<script type=\"application\/ld+json\" class=\"yoast-schema-graph\">{\"@context\":\"https:\/\/schema.org\",\"@graph\":[{\"@type\":\"WebPage\",\"@id\":\"https:\/\/cro-sports.com\/de\/was-wir-anbieten\/promo-pakete\/\",\"url\":\"https:\/\/cro-sports.com\/de\/was-wir-anbieten\/promo-pakete\/\",\"name\":\"Promo-pakete | Sportska Hrvatska\",\"isPartOf\":{\"@id\":\"https:\/\/cro-sports.com\/#website\"},\"datePublished\":\"2022-10-10T07:56:07+00:00\",\"dateModified\":\"2022-10-10T07:56:11+00:00\",\"breadcrumb\":{\"@id\":\"https:\/\/cro-sports.com\/de\/was-wir-anbieten\/promo-pakete\/#breadcrumb\"},\"inLanguage\":\"de-DE\",\"potentialAction\":[{\"@type\":\"ReadAction\",\"target\":[\"https:\/\/cro-sports.com\/de\/was-wir-anbieten\/promo-pakete\/\"]}]},{\"@type\":\"BreadcrumbList\",\"@id\":\"https:\/\/cro-sports.com\/de\/was-wir-anbieten\/promo-pakete\/#breadcrumb\",\"itemListElement\":[{\"@type\":\"ListItem\",\"position\":1,\"name\":\"Po\u010detna stranica\",\"item\":\"https:\/\/cro-sports.com\/\"},{\"@type\":\"ListItem\",\"position\":2,\"name\":\"Was wir anbieten\",\"item\":\"https:\/\/cro-sports.com\/de\/was-wir-anbieten\/\"},{\"@type\":\"ListItem\",\"position\":3,\"name\":\"Promo-pakete\"}]},{\"@type\":\"WebSite\",\"@id\":\"https:\/\/cro-sports.com\/#website\",\"url\":\"https:\/\/cro-sports.com\/\",\"name\":\"Sportska Hrvatska\",\"description\":\"\",\"publisher\":{\"@id\":\"https:\/\/cro-sports.com\/#organization\"},\"potentialAction\":[{\"@type\":\"SearchAction\",\"target\":{\"@type\":\"EntryPoint\",\"urlTemplate\":\"https:\/\/cro-sports.com\/?s={search_term_string}\"},\"query-input\":\"required name=search_term_string\"}],\"inLanguage\":\"de-DE\"},{\"@type\":\"Organization\",\"@id\":\"https:\/\/cro-sports.com\/#organization\",\"name\":\"Cro Sports\",\"url\":\"https:\/\/cro-sports.com\/\",\"sameAs\":[],\"logo\":{\"@type\":\"ImageObject\",\"inLanguage\":\"de-DE\",\"@id\":\"https:\/\/cro-sports.com\/#\/schema\/logo\/image\/\",\"url\":\"https:\/\/cro-sports.com\/wp-content\/uploads\/2019\/04\/cro_sport_logo_n.png\",\"contentUrl\":\"https:\/\/cro-sports.com\/wp-content\/uploads\/2019\/04\/cro_sport_logo_n.png\",\"width\":371,\"height\":40,\"caption\":\"Cro Sports\"},\"image\":{\"@id\":\"https:\/\/cro-sports.com\/#\/schema\/logo\/image\/\"}}]}<\/script>\n<!-- \/ Yoast SEO plugin. -->","yoast_head_json":{"title":"Promo-pakete | Sportska Hrvatska","robots":{"index":"index","follow":"follow","max-snippet":"max-snippet:-1","max-image-preview":"max-image-preview:large","max-video-preview":"max-video-preview:-1"},"canonical":"https:\/\/cro-sports.com\/de\/was-wir-anbieten\/promo-pakete\/","og_locale":"de_DE","og_type":"article","og_title":"Promo-pakete | Sportska Hrvatska","og_description":"[et_pb_section bb_built=&#8220;1&#8243; fullwidth=&#8220;on&#8220; _builder_version=&#8220;3.20.1&#8243; next_background_color=&#8220;#000000&#8243;][et_pb_fullwidth_header title=&#8220;Promo-pakete &#8220; text_orientation=&#8220;center&#8220; disabled_on=&#8220;on|on|off&#8220; module_id=&#8220;main_visual&#8220; _builder_version=&#8220;3.20.1&#8243; title_font=&#8220;|600|||||||&#8220; title_text_align=&#8220;center&#8220; title_font_size=&#8220;60px&#8220; background_color=&#8220;#ffffff&#8220; background_image=&#8220;https:\/\/cro-sports.com\/wp-content\/uploads\/2019\/05\/headerpromo2.jpg&#8220; custom_padding=&#8220;||&#8220; animation_style=&#8220;fade&#8220; \/][et_pb_fullwidth_header title=&#8220;Promo-pakete &#8220; text_orientation=&#8220;center&#8220; disabled_on=&#8220;off|off|on&#8220; _builder_version=&#8220;3.20.1&#8243; title_font=&#8220;|600|||||||&#8220; title_text_align=&#8220;center&#8220; title_font_size=&#8220;60px&#8220; title_font_size_tablet=&#8220;31px&#8220; title_font_size_phone=&#8220;26px&#8220; title_font_size_last_edited=&#8220;on|phone&#8220; background_color=&#8220;#ffffff&#8220; background_image=&#8220;https:\/\/cro-sports.com\/wp-content\/uploads\/2019\/05\/headerpromo2.jpg&#8220; custom_padding=&#8220;100px||100px&#8220; animation_style=&#8220;fade&#8220; \/][\/et_pb_section][et_pb_section bb_built=&#8220;1&#8243; _builder_version=&#8220;3.20.1&#8243; custom_padding=&#8220;84px|0|66.5156px|0px|false|false&#8220; prev_background_color=&#8220;#000000&#8243;][et_pb_row custom_padding=&#8220;15px|0px|33.25px|0px|false|false&#8220; _builder_version=&#8220;3.20.1&#8243;][et_pb_column type=&#8220;4_4&#8243;][et_pb_code _builder_version=&#8220;3.20.1&#8243;][\/et_pb_code][\/et_pb_column][\/et_pb_row][\/et_pb_section]","og_url":"https:\/\/cro-sports.com\/de\/was-wir-anbieten\/promo-pakete\/","og_site_name":"Sportska Hrvatska","article_modified_time":"2022-10-10T07:56:11+00:00","twitter_card":"summary_large_image","twitter_misc":{"Est. reading time":"1 Minute"},"schema":{"@context":"https:\/\/schema.org","@graph":[{"@type":"WebPage","@id":"https:\/\/cro-sports.com\/de\/was-wir-anbieten\/promo-pakete\/","url":"https:\/\/cro-sports.com\/de\/was-wir-anbieten\/promo-pakete\/","name":"Promo-pakete | Sportska Hrvatska","isPartOf":{"@id":"https:\/\/cro-sports.com\/#website"},"datePublished":"2022-10-10T07:56:07+00:00","dateModified":"2022-10-10T07:56:11+00:00","breadcrumb":{"@id":"https:\/\/cro-sports.com\/de\/was-wir-anbieten\/promo-pakete\/#breadcrumb"},"inLanguage":"de-DE","potentialAction":[{"@type":"ReadAction","target":["https:\/\/cro-sports.com\/de\/was-wir-anbieten\/promo-pakete\/"]}]},{"@type":"BreadcrumbList","@id":"https:\/\/cro-sports.com\/de\/was-wir-anbieten\/promo-pakete\/#breadcrumb","itemListElement":[{"@type":"ListItem","position":1,"name":"Po\u010detna stranica","item":"https:\/\/cro-sports.com\/"},{"@type":"ListItem","position":2,"name":"Was wir anbieten","item":"https:\/\/cro-sports.com\/de\/was-wir-anbieten\/"},{"@type":"ListItem","position":3,"name":"Promo-pakete"}]},{"@type":"WebSite","@id":"https:\/\/cro-sports.com\/#website","url":"https:\/\/cro-sports.com\/","name":"Sportska Hrvatska","description":"","publisher":{"@id":"https:\/\/cro-sports.com\/#organization"},"potentialAction":[{"@type":"SearchAction","target":{"@type":"EntryPoint","urlTemplate":"https:\/\/cro-sports.com\/?s={search_term_string}"},"query-input":"required name=search_term_string"}],"inLanguage":"de-DE"},{"@type":"Organization","@id":"https:\/\/cro-sports.com\/#organization","name":"Cro Sports","url":"https:\/\/cro-sports.com\/","sameAs":[],"logo":{"@type":"ImageObject","inLanguage":"de-DE","@id":"https:\/\/cro-sports.com\/#\/schema\/logo\/image\/","url":"https:\/\/cro-sports.com\/wp-content\/uploads\/2019\/04\/cro_sport_logo_n.png","contentUrl":"https:\/\/cro-sports.com\/wp-content\/uploads\/2019\/04\/cro_sport_logo_n.png","width":371,"height":40,"caption":"Cro Sports"},"image":{"@id":"https:\/\/cro-sports.com\/#\/schema\/logo\/image\/"}}]}},"_links":{"self":[{"href":"https:\/\/cro-sports.com\/de\/wp-json\/wp\/v2\/pages\/1958"}],"collection":[{"href":"https:\/\/cro-sports.com\/de\/wp-json\/wp\/v2\/pages"}],"about":[{"href":"https:\/\/cro-sports.com\/de\/wp-json\/wp\/v2\/types\/page"}],"author":[{"embeddable":true,"href":"https:\/\/cro-sports.com\/de\/wp-json\/wp\/v2\/users\/1"}],"replies":[{"embeddable":true,"href":"https:\/\/cro-sports.com\/de\/wp-json\/wp\/v2\/comments?post=1958"}],"version-history":[{"count":5,"href":"https:\/\/cro-sports.com\/de\/wp-json\/wp\/v2\/pages\/1958\/revisions"}],"predecessor-version":[{"id":1966,"href":"https:\/\/cro-sports.com\/de\/wp-json\/wp\/v2\/pages\/1958\/revisions\/1966"}],"up":[{"embeddable":true,"href":"https:\/\/cro-sports.com\/de\/wp-json\/wp\/v2\/pages\/1987"}],"wp:attachment":[{"href":"https:\/\/cro-sports.com\/de\/wp-json\/wp\/v2\/media?parent=1958"}],"curies":[{"name":"wp","href":"https:\/\/api.w.org\/{rel}","templated":true}]}}