{"id":1873,"date":"2022-10-06T12:40:49","date_gmt":"2022-10-06T10:40:49","guid":{"rendered":"https:\/\/cro-sports.com\/bedingungen-fuer-die-nutzung\/"},"modified":"2022-10-06T12:40:53","modified_gmt":"2022-10-06T10:40:53","slug":"bedingungen-fuer-die-nutzung","status":"publish","type":"page","link":"https:\/\/cro-sports.com\/de\/bedingungen-fuer-die-nutzung\/","title":{"rendered":"Bedingungen f\u00fcr die Nutzung"},"content":{"rendered":"<h3><strong>Cookies<\/strong><\/h3>\n<p>Um den Besuch dieser Website so angenehm, funktionell und bequem wie m\u00f6glich zu gestalten, speichert diese Website eine bestimmte Menge an Informationen, sogenannte Cookies, auf Ihrem Computer. Sie dienen dazu, die Website optimal zu betreiben und Ihr Browsing- und Nutzungserlebnis zu verbessern. Durch den Besuch und die Nutzung dieser Website erkl\u00e4ren Sie sich mit der Verwendung bestimmter Cookies einverstanden, die verwaltet werden k\u00f6nnen.<\/p>\n<p><strong>Was sind Cookies?<\/strong><\/p>\n<p>Cookies sind Teil der auf Ihrem Computer, Handy oder Tablet gespeicherten Informationen, die direkt von der von Ihnen besuchten Website (Erstanbieter-Cookies) oder in Zusammenarbeit und f\u00fcr die Bed\u00fcrfnisse einer Drittanbieter-Website (Drittanbieter-Cookies) bereitgestellt werden k\u00f6nnen. Cookies speichern im Allgemeinen Ihre Pr\u00e4ferenzen, Einstellungen f\u00fcr die Webseite usw. Sobald Sie die Webseite erneut \u00f6ffnen, sendet Ihr Browser die zu dieser Webseite geh\u00f6renden Cookies zur\u00fcck. Auf diese Weise kann die Seite Informationen anzeigen, die auf Ihre Bed\u00fcrfnisse zugeschnitten sind. Cookies k\u00f6nnen eine Vielzahl von Informationen enthalten, darunter auch einige pers\u00f6nliche Daten. Solche Informationen k\u00f6nnen nur gespeichert werden, wenn Sie dies zulassen. Die Website selbst kann nicht auf die Informationen zugreifen, die Sie nicht angegeben haben, und auch nicht auf andere Dateien auf Ihrem Computer.<\/p>\n<p><strong>Was sind tempor\u00e4re Cookies?<\/strong><\/p>\n<p>Tempor\u00e4re Sitzungscookies oder Cookies werden von Ihrem Computer entfernt, nachdem Sie Ihren Internetbrowser geschlossen haben. Mit ihnen speichern Webseiten tempor\u00e4re Informationen, z.B. Artikel in einem Einkaufswagen.<\/p>\n<p><strong>Was sind permanente Cookies?<\/strong><\/p>\n<p>Permanente oder gespeicherte Cookies verbleiben auf Ihrem Computer, nachdem Sie Ihr Browserprogramm geschlossen haben. Mit ihnen speichern Webseiten Informationen, wie z.B. Ihren Anmeldenamen und Ihr Kennwort, damit Sie sich nicht jedes Mal neu anmelden m\u00fcssen, wenn Sie eine bestimmte Webseite besuchen. Permanente Cookies bleiben f\u00fcr Tage, Monate oder sogar Jahre auf Ihrem Computer gespeichert.<\/p>\n<p><strong>Was sind Erstanbieter-Cookies?<\/strong><\/p>\n<p>Erstanbieter-Cookies stammen von den Webseiten, die Sie besuchen, und k\u00f6nnen permanent oder tempor\u00e4r sein. Mit diesen Cookies k\u00f6nnen Webseiten Informationen speichern, die sie beim n\u00e4chsten Besuch der Website wiederverwenden.<\/p>\n<p><strong>Was sind Cookies von Dritten?<\/strong><\/p>\n<p>Cookies von Drittanbietern stammen von Anzeigen auf anderen Webseiten (z. B. Pop-ups oder andere Anzeigen), die auf der von Ihnen besuchten Webseite erscheinen. Mit diesen Cookies k\u00f6nnen Webseiten die Nutzung des Internets zu Marketingzwecken verfolgen.<\/p>\n<p><strong>Datenschutzbestimmungen<\/strong><\/p>\n<p>Die von den Nutzern des Portals erhaltenen Informationen werden nach Treu und Glauben verwendet, nicht verarbeitet und an Dritte weitergegeben, es sei denn, die Regeln sehen etwas anderes vor oder der Nutzer hat seine besondere Zustimmung gegeben. Gesammelte private Informationen (E-Mail-Adressen, Vornamen, Nachnamen &#8230;) werden nicht verarbeitet oder f\u00fcr andere Zwecke ohne die Erlaubnis des Benutzers verteilt.<\/p>\n<p><strong>Cookie-Verwaltung<\/strong><\/p>\n<p>Wenn Sie Cookies auf Ihrem Computer deaktivieren m\u00f6chten, k\u00f6nnen Sie dies tun. Allein die Sperrung k\u00f6nnte sich negativ auf die Nutzung der Website auswirken. Um Cookies auszuschlie\u00dfen, m\u00fcssen Sie die Einstellungen und Konfigurationen Ihres Browsers anpassen. W\u00e4hlen Sie im Men\u00fc Ihres Browsers Hilfe und Cookie-Informationen und folgen Sie den Anweisungen. Detaillierte Informationen zu jedem Cookie, einschlie\u00dflich der Aufbewahrungsfrist, finden Sie in den Cookie- Einstellungen des Webbrowsers des Nutzers.<\/p>\n<p>Es ist m\u00f6glich, Cookies zu blockieren. Sie k\u00f6nnen dann zwar weiterhin auf der Website surfen, aber einige Funktionen stehen Ihnen nicht zur Verf\u00fcgung. Die blo\u00dfe Deaktivierung von Cookies kann \u00a0sich negativ auf die angezeigten Inhalte auswirken, und wir lehnen hiermit jede Haftung f\u00fcr m\u00f6gliche negative Auswirkungen ab.<\/p>\n<p><strong>Die Arten von Cookies, die von dieser Website verwendet werden<\/strong><\/p>\n<p>Sitzungscookies sind tempor\u00e4re Cookies, die ablaufen, nachdem Sie die Website verlassen haben. Diese Cookies sind f\u00fcr den ordnungsgem\u00e4\u00dfen Betrieb bestimmter Anwendungen oder Funktionen auf dieser Website erforderlich. Diese sind: _ga, _gid.<\/p>\n<p>Erste Seite Cookies: Diese Webseite ver\u00f6ffentlicht sie \u00fcber Google Tag Manager. Diese Cookies werden oft f\u00fcr das ordnungsgem\u00e4\u00dfe Funktionieren der Webseite und f\u00fcr die Erinnerung an Ihre \u00a0Pr\u00e4ferenzen auf der Website verwendet.<\/p>\n<p>Mehr \u00fcber Cookies erfahren Sie auf den n\u00e4chsten Seiten:<\/p>\n<p><a href=\"http:\/\/www.allaboutcookies.org\">www.allaboutcookies.org<\/a> <a href=\"http:\/\/www.youronlinechoices.com\/hr\/\">www.youronlinechoices.com\/hr\/<\/a> <a href=\"http:\/\/www.aboutads.info\/choices\/\">www.aboutads.info\/choices\/<\/a><\/p>\n","protected":false},"excerpt":{"rendered":"<p>Cookies Um den Besuch dieser Website so angenehm, funktionell und bequem wie m\u00f6glich zu gestalten, speichert diese Website eine bestimmte Menge an Informationen, sogenannte Cookies, auf Ihrem Computer. Sie dienen dazu, die Website optimal zu betreiben und Ihr Browsing- und Nutzungserlebnis zu verbessern. Durch den Besuch und die Nutzung dieser Website erkl\u00e4ren Sie sich mit [&hellip;]<\/p>\n","protected":false},"author":1,"featured_media":0,"parent":0,"menu_order":0,"comment_status":"closed","ping_status":"closed","template":"","meta":{"_et_pb_use_builder":"on","_et_pb_old_content":""},"yoast_head":"<!-- This site is optimized with the Yoast SEO plugin v19.8 - https:\/\/yoast.com\/wordpress\/plugins\/seo\/ -->\n<title>Bedingungen f\u00fcr die Nutzung | Sportska Hrvatska<\/title>\n<meta name=\"robots\" content=\"index, follow, max-snippet:-1, max-image-preview:large, max-video-preview:-1\" \/>\n<link rel=\"canonical\" href=\"https:\/\/cro-sports.com\/de\/bedingungen-fuer-die-nutzung\/\" \/>\n<meta property=\"og:locale\" content=\"de_DE\" \/>\n<meta property=\"og:type\" content=\"article\" \/>\n<meta property=\"og:title\" content=\"Bedingungen f\u00fcr die Nutzung | Sportska Hrvatska\" \/>\n<meta property=\"og:description\" content=\"Cookies Um den Besuch dieser Website so angenehm, funktionell und bequem wie m\u00f6glich zu gestalten, speichert diese Website eine bestimmte Menge an Informationen, sogenannte Cookies, auf Ihrem Computer. Sie dienen dazu, die Website optimal zu betreiben und Ihr Browsing- und Nutzungserlebnis zu verbessern. Durch den Besuch und die Nutzung dieser Website erkl\u00e4ren Sie sich mit [&hellip;]\" \/>\n<meta property=\"og:url\" content=\"https:\/\/cro-sports.com\/de\/bedingungen-fuer-die-nutzung\/\" \/>\n<meta property=\"og:site_name\" content=\"Sportska Hrvatska\" \/>\n<meta property=\"article:modified_time\" content=\"2022-10-06T10:40:53+00:00\" \/>\n<meta name=\"twitter:card\" content=\"summary_large_image\" \/>\n<meta name=\"twitter:label1\" content=\"Est. reading time\" \/>\n\t<meta name=\"twitter:data1\" content=\"3 Minuten\" \/>\n<script type=\"application\/ld+json\" class=\"yoast-schema-graph\">{\"@context\":\"https:\/\/schema.org\",\"@graph\":[{\"@type\":\"WebPage\",\"@id\":\"https:\/\/cro-sports.com\/de\/bedingungen-fuer-die-nutzung\/\",\"url\":\"https:\/\/cro-sports.com\/de\/bedingungen-fuer-die-nutzung\/\",\"name\":\"Bedingungen f\u00fcr die Nutzung | Sportska Hrvatska\",\"isPartOf\":{\"@id\":\"https:\/\/cro-sports.com\/#website\"},\"datePublished\":\"2022-10-06T10:40:49+00:00\",\"dateModified\":\"2022-10-06T10:40:53+00:00\",\"breadcrumb\":{\"@id\":\"https:\/\/cro-sports.com\/de\/bedingungen-fuer-die-nutzung\/#breadcrumb\"},\"inLanguage\":\"de-DE\",\"potentialAction\":[{\"@type\":\"ReadAction\",\"target\":[\"https:\/\/cro-sports.com\/de\/bedingungen-fuer-die-nutzung\/\"]}]},{\"@type\":\"BreadcrumbList\",\"@id\":\"https:\/\/cro-sports.com\/de\/bedingungen-fuer-die-nutzung\/#breadcrumb\",\"itemListElement\":[{\"@type\":\"ListItem\",\"position\":1,\"name\":\"Po\u010detna stranica\",\"item\":\"https:\/\/cro-sports.com\/\"},{\"@type\":\"ListItem\",\"position\":2,\"name\":\"Bedingungen f\u00fcr die Nutzung\"}]},{\"@type\":\"WebSite\",\"@id\":\"https:\/\/cro-sports.com\/#website\",\"url\":\"https:\/\/cro-sports.com\/\",\"name\":\"Sportska Hrvatska\",\"description\":\"\",\"publisher\":{\"@id\":\"https:\/\/cro-sports.com\/#organization\"},\"potentialAction\":[{\"@type\":\"SearchAction\",\"target\":{\"@type\":\"EntryPoint\",\"urlTemplate\":\"https:\/\/cro-sports.com\/?s={search_term_string}\"},\"query-input\":\"required name=search_term_string\"}],\"inLanguage\":\"de-DE\"},{\"@type\":\"Organization\",\"@id\":\"https:\/\/cro-sports.com\/#organization\",\"name\":\"Cro Sports\",\"url\":\"https:\/\/cro-sports.com\/\",\"sameAs\":[],\"logo\":{\"@type\":\"ImageObject\",\"inLanguage\":\"de-DE\",\"@id\":\"https:\/\/cro-sports.com\/#\/schema\/logo\/image\/\",\"url\":\"https:\/\/cro-sports.com\/wp-content\/uploads\/2019\/04\/cro_sport_logo_n.png\",\"contentUrl\":\"https:\/\/cro-sports.com\/wp-content\/uploads\/2019\/04\/cro_sport_logo_n.png\",\"width\":371,\"height\":40,\"caption\":\"Cro Sports\"},\"image\":{\"@id\":\"https:\/\/cro-sports.com\/#\/schema\/logo\/image\/\"}}]}<\/script>\n<!-- \/ Yoast SEO plugin. -->","yoast_head_json":{"title":"Bedingungen f\u00fcr die Nutzung | Sportska Hrvatska","robots":{"index":"index","follow":"follow","max-snippet":"max-snippet:-1","max-image-preview":"max-image-preview:large","max-video-preview":"max-video-preview:-1"},"canonical":"https:\/\/cro-sports.com\/de\/bedingungen-fuer-die-nutzung\/","og_locale":"de_DE","og_type":"article","og_title":"Bedingungen f\u00fcr die Nutzung | Sportska Hrvatska","og_description":"Cookies Um den Besuch dieser Website so angenehm, funktionell und bequem wie m\u00f6glich zu gestalten, speichert diese Website eine bestimmte Menge an Informationen, sogenannte Cookies, auf Ihrem Computer. Sie dienen dazu, die Website optimal zu betreiben und Ihr Browsing- und Nutzungserlebnis zu verbessern. Durch den Besuch und die Nutzung dieser Website erkl\u00e4ren Sie sich mit [&hellip;]","og_url":"https:\/\/cro-sports.com\/de\/bedingungen-fuer-die-nutzung\/","og_site_name":"Sportska Hrvatska","article_modified_time":"2022-10-06T10:40:53+00:00","twitter_card":"summary_large_image","twitter_misc":{"Est. reading time":"3 Minuten"},"schema":{"@context":"https:\/\/schema.org","@graph":[{"@type":"WebPage","@id":"https:\/\/cro-sports.com\/de\/bedingungen-fuer-die-nutzung\/","url":"https:\/\/cro-sports.com\/de\/bedingungen-fuer-die-nutzung\/","name":"Bedingungen f\u00fcr die Nutzung | Sportska Hrvatska","isPartOf":{"@id":"https:\/\/cro-sports.com\/#website"},"datePublished":"2022-10-06T10:40:49+00:00","dateModified":"2022-10-06T10:40:53+00:00","breadcrumb":{"@id":"https:\/\/cro-sports.com\/de\/bedingungen-fuer-die-nutzung\/#breadcrumb"},"inLanguage":"de-DE","potentialAction":[{"@type":"ReadAction","target":["https:\/\/cro-sports.com\/de\/bedingungen-fuer-die-nutzung\/"]}]},{"@type":"BreadcrumbList","@id":"https:\/\/cro-sports.com\/de\/bedingungen-fuer-die-nutzung\/#breadcrumb","itemListElement":[{"@type":"ListItem","position":1,"name":"Po\u010detna stranica","item":"https:\/\/cro-sports.com\/"},{"@type":"ListItem","position":2,"name":"Bedingungen f\u00fcr die Nutzung"}]},{"@type":"WebSite","@id":"https:\/\/cro-sports.com\/#website","url":"https:\/\/cro-sports.com\/","name":"Sportska Hrvatska","description":"","publisher":{"@id":"https:\/\/cro-sports.com\/#organization"},"potentialAction":[{"@type":"SearchAction","target":{"@type":"EntryPoint","urlTemplate":"https:\/\/cro-sports.com\/?s={search_term_string}"},"query-input":"required name=search_term_string"}],"inLanguage":"de-DE"},{"@type":"Organization","@id":"https:\/\/cro-sports.com\/#organization","name":"Cro Sports","url":"https:\/\/cro-sports.com\/","sameAs":[],"logo":{"@type":"ImageObject","inLanguage":"de-DE","@id":"https:\/\/cro-sports.com\/#\/schema\/logo\/image\/","url":"https:\/\/cro-sports.com\/wp-content\/uploads\/2019\/04\/cro_sport_logo_n.png","contentUrl":"https:\/\/cro-sports.com\/wp-content\/uploads\/2019\/04\/cro_sport_logo_n.png","width":371,"height":40,"caption":"Cro Sports"},"image":{"@id":"https:\/\/cro-sports.com\/#\/schema\/logo\/image\/"}}]}},"_links":{"self":[{"href":"https:\/\/cro-sports.com\/de\/wp-json\/wp\/v2\/pages\/1873"}],"collection":[{"href":"https:\/\/cro-sports.com\/de\/wp-json\/wp\/v2\/pages"}],"about":[{"href":"https:\/\/cro-sports.com\/de\/wp-json\/wp\/v2\/types\/page"}],"author":[{"embeddable":true,"href":"https:\/\/cro-sports.com\/de\/wp-json\/wp\/v2\/users\/1"}],"replies":[{"embeddable":true,"href":"https:\/\/cro-sports.com\/de\/wp-json\/wp\/v2\/comments?post=1873"}],"version-history":[{"count":1,"href":"https:\/\/cro-sports.com\/de\/wp-json\/wp\/v2\/pages\/1873\/revisions"}],"predecessor-version":[{"id":1874,"href":"https:\/\/cro-sports.com\/de\/wp-json\/wp\/v2\/pages\/1873\/revisions\/1874"}],"wp:attachment":[{"href":"https:\/\/cro-sports.com\/de\/wp-json\/wp\/v2\/media?parent=1873"}],"curies":[{"name":"wp","href":"https:\/\/api.w.org\/{rel}","templated":true}]}}